{"id":14059,"date":"2023-10-13T14:36:08","date_gmt":"2023-10-13T12:36:08","guid":{"rendered":"https:\/\/back-on-track.eu\/?page_id=14059"},"modified":"2023-10-13T14:42:48","modified_gmt":"2023-10-13T12:42:48","slug":"shop","status":"publish","type":"page","link":"https:\/\/back-on-track.eu\/de\/shop\/","title":{"rendered":"Unser Shop"},"content":{"rendered":"\n<p>F\u00fcr alle, die unsere Sache auf ihrer n\u00e4chsten #Nachtzug-Fahrt mit einem T-Shirt oder Hoodie (oder etwas anderem) \u00f6ffentlich unterst\u00fctzen m\u00f6chten, hat unsere Schweizer Gruppe diesen Print-on-Demand-Shop eingerichtet. Wir nutzen einen kommerziellen Dienst (Spreadshirt), der zu Originalpreisen verkauft. <strong>Wir verdienen<\/strong> also <strong>keinen einzigen Cent<\/strong> damit, haben aber auch keine Kosten. <\/p>\n\n\n\n<p>Bitte beachte: Als Organisation, die sich f\u00fcr den Schutz unseres Klimas und der Umwelt einsetzt, haben wir uns entschieden, nicht die billigste, sondern die <strong>nachhaltigste Option<\/strong> zu verkaufen. Deshalb sind die Kleidungsst\u00fccke entweder aus Bio-Baumwolle oder aus recyceltem PET. <\/p>\n\n\n\n<div style=\"font-family:Albert Sans, Verdana, sans-serif\">\n<div id=\"myShop\">\n    <a href=\"https:\/\/back-on-track.myspreadshop.de\">back-on-track<\/a>\n<\/div>\n\n<script>\n    var spread_shop_config = {\n        shopName: 'back-on-track',\n        locale: 'de_DE',\n        prefix: 'https:\/\/back-on-track.myspreadshop.de',\n        baseId: 'myShop'\n    };\n<\/script>\n\n<script type=\"text\/javascript\"\n        src=\"https:\/\/back-on-track.myspreadshop.de\/shopfiles\/shopclient\/shopclient.nocache.js\">\n<\/script>\n<\/div>\n","protected":false},"excerpt":{"rendered":"<p>F\u00fcr alle, die unsere Sache auf ihrer n\u00e4chsten #Nachtzug-Fahrt mit einem T-Shirt oder Hoodie (oder etwas anderem) \u00f6ffentlich unterst\u00fctzen m\u00f6chten, hat unsere Schweizer Gruppe diesen Print-on-Demand-Shop eingerichtet. Wir nutzen einen kommerziellen Dienst (Spreadshirt), der zu Originalpreisen verkauft. Wir verdienen also keinen einzigen Cent damit, haben aber auch keine Kosten. Bitte beachte: Als Organisation, die sich&hellip;&nbsp;<a href=\"https:\/\/back-on-track.eu\/de\/shop\/\" rel=\"bookmark\">Mehr lesen &raquo;<span class=\"screen-reader-text\">Unser Shop<\/span><\/a><\/p>\n","protected":false},"author":10,"featured_media":0,"parent":0,"menu_order":0,"comment_status":"closed","ping_status":"closed","template":"","meta":{"_acf_changed":false,"inline_featured_image":false,"neve_meta_sidebar":"","neve_meta_container":"","neve_meta_enable_content_width":"","neve_meta_content_width":0,"neve_meta_title_alignment":"","neve_meta_author_avatar":"","neve_post_elements_order":"","neve_meta_disable_header":"","neve_meta_disable_footer":"","neve_meta_disable_title":"","neve_meta_reading_time":"","_themeisle_gutenberg_block_has_review":false,"_ti_tpc_template_sync":false,"_ti_tpc_template_id":"","footnotes":""},"class_list":["post-14059","page","type-page","status-publish","hentry"],"acf":[],"_links":{"self":[{"href":"https:\/\/back-on-track.eu\/de\/wp-json\/wp\/v2\/pages\/14059","targetHints":{"allow":["GET"]}}],"collection":[{"href":"https:\/\/back-on-track.eu\/de\/wp-json\/wp\/v2\/pages"}],"about":[{"href":"https:\/\/back-on-track.eu\/de\/wp-json\/wp\/v2\/types\/page"}],"author":[{"embeddable":true,"href":"https:\/\/back-on-track.eu\/de\/wp-json\/wp\/v2\/users\/10"}],"replies":[{"embeddable":true,"href":"https:\/\/back-on-track.eu\/de\/wp-json\/wp\/v2\/comments?post=14059"}],"version-history":[{"count":5,"href":"https:\/\/back-on-track.eu\/de\/wp-json\/wp\/v2\/pages\/14059\/revisions"}],"predecessor-version":[{"id":14066,"href":"https:\/\/back-on-track.eu\/de\/wp-json\/wp\/v2\/pages\/14059\/revisions\/14066"}],"wp:attachment":[{"href":"https:\/\/back-on-track.eu\/de\/wp-json\/wp\/v2\/media?parent=14059"}],"curies":[{"name":"wp","href":"https:\/\/api.w.org\/{rel}","templated":true}]}}