{"id":26875,"date":"2024-11-30T18:17:28","date_gmt":"2024-11-30T17:17:28","guid":{"rendered":"https:\/\/back-on-track.eu\/?page_id=26875"},"modified":"2026-03-19T19:35:39","modified_gmt":"2026-03-19T18:35:39","slug":"austria","status":"publish","type":"page","link":"https:\/\/back-on-track.eu\/de\/austria\/","title":{"rendered":"\u00d6sterreichische Gruppe"},"content":{"rendered":"\n<p>Mit einem nationalen Nachtzug und mehr als einem Dutzend internationaler Verbindungen hat \u00d6sterreich nach der Ukraine die zweith\u00f6chste Nachtzugnetzdichte. Und durch die \u00dcbernahme eines Teils der Nachtzugflotte und des Netzes der Deutschen Bahn sind die \u00f6sterreichischen \u00d6BB jetzt der gr\u00f6\u00dfte Nachtzugbetreiber in Mitteleuropa, der sieben andere L\u00e4nder direkt und weitere sieben im Rahmen einer Kooperation bedient&#8230; <strong>Also, alles gut in \u00d6sterreich, warum sich in einer \u00f6sterreichischen Nachtzuggruppe engagieren?<\/strong><\/p>\n\n\n\n<figure class=\"wp-block-image size-large\"><a href=\"https:\/\/back-on-track.eu\/wp-content\/uploads\/2023\/11\/CC-BY_Back-on-Track_eu_231113_nextGenNJ_-1-2.jpeg\"><img loading=\"lazy\" decoding=\"async\" width=\"1024\" height=\"704\" src=\"https:\/\/back-on-track.eu\/wp-content\/uploads\/2023\/11\/CC-BY_Back-on-Track_eu_231113_nextGenNJ_-1-2-1024x704.jpeg\" alt=\"\" class=\"wp-image-14960\" srcset=\"https:\/\/back-on-track.eu\/wp-content\/uploads\/2023\/11\/CC-BY_Back-on-Track_eu_231113_nextGenNJ_-1-2-1024x704.jpeg 1024w, https:\/\/back-on-track.eu\/wp-content\/uploads\/2023\/11\/CC-BY_Back-on-Track_eu_231113_nextGenNJ_-1-2-300x206.jpeg 300w, https:\/\/back-on-track.eu\/wp-content\/uploads\/2023\/11\/CC-BY_Back-on-Track_eu_231113_nextGenNJ_-1-2-768x528.jpeg 768w, https:\/\/back-on-track.eu\/wp-content\/uploads\/2023\/11\/CC-BY_Back-on-Track_eu_231113_nextGenNJ_-1-2.jpeg 1200w\" sizes=\"auto, (max-width: 1024px) 100vw, 1024px\" \/><\/a><figcaption class=\"wp-element-caption\">Nightjet der neuen Generation (CC-BY Back-on-Track.eu)<\/figcaption><\/figure>\n\n\n\n<p>Nun, zun\u00e4chst einmal: Dank des Netzwerks gibt es viele Nachtzugfans in \u00d6sterreich, die gerne noch mehr Orte mit dem Nachtzug bereisen w\u00fcrden. Mit unserer Erfahrung und unserer Verbindung zu den \u00d6BB k\u00f6nnen wir dazu beitragen, das europ\u00e4ische Netzwerk zu st\u00e4rken. Wir k\u00f6nnen auch dazu beitragen, die \u00f6sterreichische Regierung dar\u00fcber zu informieren, welche Ma\u00dfnahmen auf europ\u00e4ischer Ebene ergriffen werden k\u00f6nnten.<\/p>\n\n\n\n<p>Zweitens: \u00d6sterreich subventioniert sein Nachtzugnetz durch die Finanzierung der nationalen Verbindung zwischen Wien und Bregenz, die es auch erm\u00f6glicht, einige internationale Verbindungen zu Grenzkosten zu betreiben. Strecken au\u00dferhalb \u00d6sterreichs werden entweder kostendeckend von den \u00d6BB betrieben oder sind auf Zusch\u00fcsse anderer L\u00e4nder angewiesen. Dieses Finanzierungssystem (und damit die Existenz eines Nahverkehrsnetzes in Mitteleuropa) h\u00e4ngt jedoch von der Bereitschaft der \u00f6sterreichischen Regierung ab, den Kernverkehr weiterhin zu subventionieren und wenig oder keine Einnahmen zu akzeptieren. Das ist auf lange Sicht nicht tragbar. <\/p>\n\n\n\n<p><strong>Es gibt also eine Menge zu tun! Wirst du uns bei diesem Unterfangen unterst\u00fctzen?<\/strong><\/p>\n\n\n\n<div class=\"wp-block-contact-form-7-contact-form-selector\">\n<div class=\"wpcf7 no-js\" id=\"wpcf7-f26874-o1\" lang=\"en-US\" dir=\"ltr\" data-wpcf7-id=\"26874\">\n<div class=\"screen-reader-response\"><p role=\"status\" aria-live=\"polite\" aria-atomic=\"true\"><\/p> <ul><\/ul><\/div>\n<form action=\"\/de\/wp-json\/wp\/v2\/pages\/26875#wpcf7-f26874-o1\" method=\"post\" class=\"wpcf7-form init\" aria-label=\"Contact form\" novalidate=\"novalidate\" data-status=\"init\">\n<fieldset class=\"hidden-fields-container\"><input type=\"hidden\" name=\"_wpcf7\" value=\"26874\" \/><input type=\"hidden\" name=\"_wpcf7_version\" value=\"6.1.5\" \/><input type=\"hidden\" name=\"_wpcf7_locale\" value=\"en_US\" \/><input type=\"hidden\" name=\"_wpcf7_unit_tag\" value=\"wpcf7-f26874-o1\" \/><input type=\"hidden\" name=\"_wpcf7_container_post\" value=\"0\" \/><input type=\"hidden\" name=\"_wpcf7_posted_data_hash\" value=\"\" \/><input type=\"hidden\" name=\"_wpcf7cf_hidden_group_fields\" value=\"[]\" \/><input type=\"hidden\" name=\"_wpcf7cf_hidden_groups\" value=\"[]\" \/><input type=\"hidden\" name=\"_wpcf7cf_visible_groups\" value=\"[]\" \/><input type=\"hidden\" name=\"_wpcf7cf_repeaters\" value=\"[]\" \/><input type=\"hidden\" name=\"_wpcf7cf_steps\" value=\"{}\" \/><input type=\"hidden\" name=\"_wpcf7cf_options\" value=\"{&quot;form_id&quot;:26874,&quot;conditions&quot;:[],&quot;settings&quot;:{&quot;animation&quot;:&quot;yes&quot;,&quot;animation_intime&quot;:200,&quot;animation_outtime&quot;:200,&quot;conditions_ui&quot;:&quot;normal&quot;,&quot;notice_dismissed&quot;:false,&quot;notice_dismissed_rollback-cf7-5.9.2&quot;:true}}\" \/>\n<\/fieldset>\n<p><b>Ja, ich m\u00f6chte bei Back-on-Track Austria e.V. Mitglied werden:<\/b>\n<\/p>\n<input class=\"wpcf7-form-control wpcf7-hidden\" value=\"1\" type=\"hidden\" name=\"your-contact_type\" \/>\n<input class=\"wpcf7-form-control wpcf7-hidden\" value=\"Austrian Group Membership Application\" type=\"hidden\" name=\"your-subject\" \/>\n<input class=\"wpcf7-form-control wpcf7-hidden\" value=\"Undisclosed\" type=\"hidden\" name=\"your-name\" \/>\n<p>Vorname*\n<\/p>\n<p><span class=\"wpcf7-form-control-wrap\" data-name=\"your-firstname\"><input size=\"40\" maxlength=\"400\" class=\"wpcf7-form-control wpcf7-text wpcf7-validates-as-required\" aria-required=\"true\" aria-invalid=\"false\" value=\"\" type=\"text\" name=\"your-firstname\" \/><\/span>\n<\/p>\n<p>Nachname*\n<\/p>\n<p><span class=\"wpcf7-form-control-wrap\" data-name=\"your-lastname\"><input size=\"40\" maxlength=\"400\" class=\"wpcf7-form-control wpcf7-text wpcf7-validates-as-required\" aria-required=\"true\" aria-invalid=\"false\" value=\"\" type=\"text\" name=\"your-lastname\" \/><\/span>\n<\/p>\n<p>E-Mail Adresse*\n<\/p>\n<p><span class=\"wpcf7-form-control-wrap\" data-name=\"your-email\"><input size=\"40\" maxlength=\"400\" class=\"wpcf7-form-control wpcf7-email wpcf7-validates-as-required wpcf7-text wpcf7-validates-as-email\" aria-required=\"true\" aria-invalid=\"false\" value=\"\" type=\"email\" name=\"your-email\" \/><\/span>\n<\/p>\n<p>Postleitzahl*\n<\/p>\n<p><span class=\"wpcf7-form-control-wrap\" data-name=\"your-homeaddress_postcode\"><input class=\"wpcf7-form-control wpcf7-number wpcf7-validates-as-required wpcf7-validates-as-number\" aria-required=\"true\" aria-invalid=\"false\" value=\"\" type=\"number\" name=\"your-homeaddress_postcode\" \/><\/span>\n<\/p>\n<p>Telefonnummer\n<\/p>\n<p><span class=\"wpcf7-form-control-wrap\" data-name=\"your-phone\"><input size=\"40\" maxlength=\"400\" class=\"wpcf7-form-control wpcf7-tel wpcf7-text wpcf7-validates-as-tel\" aria-invalid=\"false\" value=\"\" type=\"tel\" name=\"your-phone\" \/><\/span>\n<\/p>\n<p><span class=\"wpcf7-form-control-wrap\" data-name=\"your-consent\"><span class=\"wpcf7-form-control wpcf7-acceptance\"><span class=\"wpcf7-list-item\"><label><input type=\"checkbox\" name=\"your-consent\" value=\"1\" aria-invalid=\"false\" \/><span class=\"wpcf7-list-item-label\">Der Verarbeitung meiner Daten in der Mitgliederdatenbank stimme ich zu.*<\/span><\/label><\/span><\/span><\/span>\n<\/p>\n<p>* = Erforderliche Angaben\n<\/p>\n<p><input class=\"wpcf7-form-control wpcf7-submit has-spinner\" type=\"submit\" value=\"Absenden\" \/>\n<\/p><p style=\"display: none !important;\" class=\"akismet-fields-container\" data-prefix=\"_wpcf7_ak_\"><label>&#916;<textarea name=\"_wpcf7_ak_hp_textarea\" cols=\"45\" rows=\"8\" maxlength=\"100\"><\/textarea><\/label><input type=\"hidden\" id=\"ak_js_1\" name=\"_wpcf7_ak_js\" value=\"73\"\/><script>\ndocument.getElementById( \"ak_js_1\" ).setAttribute( \"value\", ( new Date() ).getTime() );\n<\/script>\n<\/p><div class=\"wpcf7-response-output\" aria-hidden=\"true\"><\/div>\n<\/form>\n<\/div>\n<\/div>\n\n\n\n<div style=\"height:100px\" aria-hidden=\"true\" class=\"wp-block-spacer\"><\/div>\n","protected":false},"excerpt":{"rendered":"<p>Mit einem nationalen Nachtzug und mehr als einem Dutzend internationaler Verbindungen hat \u00d6sterreich nach der Ukraine die zweith\u00f6chste Nachtzugnetzdichte. Und durch die \u00dcbernahme eines Teils der Nachtzugflotte und des Netzes der Deutschen Bahn sind die \u00f6sterreichischen \u00d6BB jetzt der gr\u00f6\u00dfte Nachtzugbetreiber in Mitteleuropa, der sieben andere L\u00e4nder direkt und weitere sieben im Rahmen einer Kooperation&hellip;&nbsp;<a href=\"https:\/\/back-on-track.eu\/de\/austria\/\" rel=\"bookmark\">Mehr lesen &raquo;<span class=\"screen-reader-text\">\u00d6sterreichische Gruppe<\/span><\/a><\/p>\n","protected":false},"author":24,"featured_media":0,"parent":0,"menu_order":0,"comment_status":"closed","ping_status":"closed","template":"","meta":{"_acf_changed":false,"inline_featured_image":false,"neve_meta_sidebar":"","neve_meta_container":"contained","neve_meta_enable_content_width":"on","neve_meta_content_width":70,"neve_meta_title_alignment":"","neve_meta_author_avatar":"","neve_post_elements_order":"","neve_meta_disable_header":"","neve_meta_disable_footer":"","neve_meta_disable_title":"","neve_meta_reading_time":"","_themeisle_gutenberg_block_has_review":false,"_ti_tpc_template_sync":false,"_ti_tpc_template_id":"","footnotes":""},"class_list":["post-26875","page","type-page","status-publish","hentry"],"acf":[],"_links":{"self":[{"href":"https:\/\/back-on-track.eu\/de\/wp-json\/wp\/v2\/pages\/26875","targetHints":{"allow":["GET"]}}],"collection":[{"href":"https:\/\/back-on-track.eu\/de\/wp-json\/wp\/v2\/pages"}],"about":[{"href":"https:\/\/back-on-track.eu\/de\/wp-json\/wp\/v2\/types\/page"}],"author":[{"embeddable":true,"href":"https:\/\/back-on-track.eu\/de\/wp-json\/wp\/v2\/users\/24"}],"replies":[{"embeddable":true,"href":"https:\/\/back-on-track.eu\/de\/wp-json\/wp\/v2\/comments?post=26875"}],"version-history":[{"count":9,"href":"https:\/\/back-on-track.eu\/de\/wp-json\/wp\/v2\/pages\/26875\/revisions"}],"predecessor-version":[{"id":37939,"href":"https:\/\/back-on-track.eu\/de\/wp-json\/wp\/v2\/pages\/26875\/revisions\/37939"}],"wp:attachment":[{"href":"https:\/\/back-on-track.eu\/de\/wp-json\/wp\/v2\/media?parent=26875"}],"curies":[{"name":"wp","href":"https:\/\/api.w.org\/{rel}","templated":true}]}}