{"id":6387,"date":"2022-04-25T18:13:48","date_gmt":"2022-04-25T16:13:48","guid":{"rendered":"https:\/\/back-on-track.eu\/?page_id=6387"},"modified":"2025-12-08T20:04:12","modified_gmt":"2025-12-08T19:04:12","slug":"ueber-uns","status":"publish","type":"page","link":"https:\/\/back-on-track.eu\/de\/ueber-uns\/","title":{"rendered":"\u00dcBER UNS"},"content":{"rendered":"\n<p>Wir setzen uns f\u00fcr mehr, bessere und erschwingliche <strong>#Nachtz\u00fcge<\/strong> im Fernverkehr und grenz\u00fcberschreitend in Europa ein. Warum? Weil wir davon \u00fcberzeugt sind, dass Nachtz\u00fcge eine moderne, bequeme und entspannte Art des Reisens sind. Und eine wichtige Ma\u00dfnahme, den EU-Anteil an der Erderw\u00e4rmung um bis zu 3% zu reduzieren, insbesondere durch den Ersatz von Kurz- und Mittelstreckenfl\u00fcgen (<strong>#3percentOverNight<\/strong>). <\/p>\n\n\n\n<p><a href=\"https:\/\/back-on-track.eu\/about-back-on-track\/\">Erfahre mehr dar\u00fcber, wer wir sind und was wir wollen<\/a> (unser Mission Statement, in Englisch).<\/p>\n\n\n\n<h3 class=\"wp-block-heading\">Mach mit!<\/h3>\n\n\n\n<figure class=\"wp-block-gallery has-nested-images columns-default is-cropped wp-block-gallery-1 is-layout-flex wp-block-gallery-is-layout-flex\">\n<figure class=\"wp-block-image size-full\"><a href=\"https:\/\/back-on-track.eu\/wp-content\/uploads\/2022\/09\/gwp_of_nighttrains_2022_fakecover_a4mu.jpg\"><img loading=\"lazy\" decoding=\"async\" width=\"1200\" height=\"675\" data-id=\"7804\" src=\"https:\/\/back-on-track.eu\/wp-content\/uploads\/2022\/09\/gwp_of_nighttrains_2022_fakecover_a4mu.jpg\" alt=\"\" class=\"wp-image-7804\" srcset=\"https:\/\/back-on-track.eu\/wp-content\/uploads\/2022\/09\/gwp_of_nighttrains_2022_fakecover_a4mu.jpg 1200w, https:\/\/back-on-track.eu\/wp-content\/uploads\/2022\/09\/gwp_of_nighttrains_2022_fakecover_a4mu-300x169.jpg 300w, https:\/\/back-on-track.eu\/wp-content\/uploads\/2022\/09\/gwp_of_nighttrains_2022_fakecover_a4mu-1024x576.jpg 1024w, https:\/\/back-on-track.eu\/wp-content\/uploads\/2022\/09\/gwp_of_nighttrains_2022_fakecover_a4mu-768x432.jpg 768w\" sizes=\"auto, (max-width: 1200px) 100vw, 1200px\" \/><\/a><figcaption class=\"wp-element-caption\">Forschung<\/figcaption><\/figure>\n\n\n\n<figure class=\"wp-block-image size-full\"><a href=\"https:\/\/back-on-track.eu\/wp-content\/uploads\/2023\/02\/B-o-T-NightTrainMap-2023@1x.jpg\"><img loading=\"lazy\" decoding=\"async\" width=\"700\" height=\"990\" data-id=\"9322\" src=\"https:\/\/back-on-track.eu\/wp-content\/uploads\/2023\/02\/B-o-T-NightTrainMap-2023@1x.jpg\" alt=\"\" class=\"wp-image-9322\" srcset=\"https:\/\/back-on-track.eu\/wp-content\/uploads\/2023\/02\/B-o-T-NightTrainMap-2023@1x.jpg 700w, https:\/\/back-on-track.eu\/wp-content\/uploads\/2023\/02\/B-o-T-NightTrainMap-2023@1x-212x300.jpg 212w\" sizes=\"auto, (max-width: 700px) 100vw, 700px\" \/><\/a><figcaption class=\"wp-element-caption\"><br>\u00d6ffentlichkeitsarbeit<\/figcaption><\/figure>\n\n\n\n<figure class=\"wp-block-image size-full\"><a href=\"https:\/\/back-on-track.eu\/wp-content\/uploads\/2022\/04\/CC_0_Protest_for_more_night-trains_in_the_Berlin_main-station_2018-2-scaled.jpeg\"><img loading=\"lazy\" decoding=\"async\" width=\"2560\" height=\"1440\" data-id=\"6313\" src=\"https:\/\/back-on-track.eu\/wp-content\/uploads\/2022\/04\/CC_0_Protest_for_more_night-trains_in_the_Berlin_main-station_2018-2-scaled.jpeg\" alt=\"Group with Banners &quot;Z\u00fcge statt Fl\u00fcge&quot;, &quot;Save the night&quot;, some in sleeping bags lying on the floor of the Berlin main station.\" class=\"wp-image-6313\" srcset=\"https:\/\/back-on-track.eu\/wp-content\/uploads\/2022\/04\/CC_0_Protest_for_more_night-trains_in_the_Berlin_main-station_2018-2-scaled.jpeg 2560w, https:\/\/back-on-track.eu\/wp-content\/uploads\/2022\/04\/CC_0_Protest_for_more_night-trains_in_the_Berlin_main-station_2018-2-300x169.jpeg 300w\" sizes=\"auto, (max-width: 2560px) 100vw, 2560px\" \/><\/a><figcaption class=\"wp-element-caption\">Aktionen<\/figcaption><\/figure>\n\n\n\n<figure class=\"wp-block-image size-full\"><a href=\"https:\/\/back-on-track.eu\/wp-content\/uploads\/2022\/10\/220915_BoT_BMDV_anteportas.jpg\"><img loading=\"lazy\" decoding=\"async\" width=\"800\" height=\"450\" data-id=\"8797\" src=\"https:\/\/back-on-track.eu\/wp-content\/uploads\/2022\/10\/220915_BoT_BMDV_anteportas.jpg\" alt=\"\" class=\"wp-image-8797\" srcset=\"https:\/\/back-on-track.eu\/wp-content\/uploads\/2022\/10\/220915_BoT_BMDV_anteportas.jpg 800w, https:\/\/back-on-track.eu\/wp-content\/uploads\/2022\/10\/220915_BoT_BMDV_anteportas-300x169.jpg 300w, https:\/\/back-on-track.eu\/wp-content\/uploads\/2022\/10\/220915_BoT_BMDV_anteportas-768x432.jpg 768w\" sizes=\"auto, (max-width: 800px) 100vw, 800px\" \/><\/a><figcaption class=\"wp-element-caption\">Lobbyarbeit<\/figcaption><\/figure>\n<\/figure>\n\n\n\n<p>Wenn Du unsere Ziele unterst\u00fctzen m\u00f6chtest, schlie\u00df Dich uns an! Wir sind ein europ\u00e4isches Netzwerk von Freiwilligen. In einigen L\u00e4ndern arbeiten wir mit Organisationen zusammen, die sich aktiv f\u00fcr Nachtz\u00fcge einsetzen, in anderen L\u00e4ndern haben wir nationale oder lokale Gruppen organisiert. Du kannst uns auf nationaler oder internationaler Ebene unterst\u00fctzen:<\/p>\n\n\n\n<div class=\"wp-block-buttons is-layout-flex wp-block-buttons-is-layout-flex\">\n<div class=\"wp-block-button is-style-primary\"><a class=\"wp-block-button__link wp-element-button\" href=\"https:\/\/back-on-track.eu\/de\/gruppen\/\">WERDE AKTIV !<\/a><\/div>\n<\/div>\n\n\n\n<h3 class=\"wp-block-heading\">Unterst\u00fctz uns!<\/h3>\n\n\n\n<p>M\u00f6chtest du uns lieber mit einer Spende finanziell unterst\u00fctzen? <br>Nutze unser Konto mit der <br><strong><strong>IBAN:\u00a0BE58 8939 4419 9479<\/strong><br><strong>BIC:<\/strong>\u00a0<strong>VDSPBE91<\/strong>\u00a0(vdk bank)<\/strong><br>Kontoinhaber ist &#8222;<em>Back-on-Track Europe AISBL<\/em>&#8222;<\/p>\n\n\n\n<h3 class=\"wp-block-heading\"><strong>Kontaktiere uns!<\/strong><\/h3>\n\n\n\n<p><strong>Unsere offizielle Adresse ist<\/strong>:<br>Back-on-Track Europe AISBL<br>Av. Britsiers 18 \/ Britsierslaan 18<br>1030 Bruxelles \/ Brussel<br>Belgique<\/p>\n\n\n\n<div class=\"nv-cv-m wp-block-buttons is-layout-flex wp-block-buttons-is-layout-flex\">\n<div class=\"wp-block-button is-style-primary\"><a class=\"wp-block-button__link wp-element-button\" href=\"https:\/\/back-on-track.eu\/contact\/\">E-Mail SChREIBEN<\/a><\/div>\n<\/div>\n\n\n\n<p><\/p>\n","protected":false},"excerpt":{"rendered":"<p>Wir setzen uns f\u00fcr mehr, bessere und erschwingliche #Nachtz\u00fcge im Fernverkehr und grenz\u00fcberschreitend in Europa ein. Warum? Weil wir davon \u00fcberzeugt sind, dass Nachtz\u00fcge eine moderne, bequeme und entspannte Art des Reisens sind. Und eine wichtige Ma\u00dfnahme, den EU-Anteil an der Erderw\u00e4rmung um bis zu 3% zu reduzieren, insbesondere durch den Ersatz von Kurz- und&hellip;&nbsp;<a href=\"https:\/\/back-on-track.eu\/de\/ueber-uns\/\" rel=\"bookmark\">Mehr lesen &raquo;<span class=\"screen-reader-text\">\u00dcBER UNS<\/span><\/a><\/p>\n","protected":false},"author":10,"featured_media":0,"parent":0,"menu_order":0,"comment_status":"closed","ping_status":"closed","template":"","meta":{"_acf_changed":false,"inline_featured_image":false,"neve_meta_sidebar":"right","neve_meta_container":"","neve_meta_enable_content_width":"on","neve_meta_content_width":70,"neve_meta_title_alignment":"","neve_meta_author_avatar":"","neve_post_elements_order":"","neve_meta_disable_header":"","neve_meta_disable_footer":"","neve_meta_disable_title":"","neve_meta_reading_time":"","_themeisle_gutenberg_block_has_review":false,"_ti_tpc_template_sync":false,"_ti_tpc_template_id":"","footnotes":""},"class_list":["post-6387","page","type-page","status-publish","hentry"],"acf":[],"_links":{"self":[{"href":"https:\/\/back-on-track.eu\/de\/wp-json\/wp\/v2\/pages\/6387","targetHints":{"allow":["GET"]}}],"collection":[{"href":"https:\/\/back-on-track.eu\/de\/wp-json\/wp\/v2\/pages"}],"about":[{"href":"https:\/\/back-on-track.eu\/de\/wp-json\/wp\/v2\/types\/page"}],"author":[{"embeddable":true,"href":"https:\/\/back-on-track.eu\/de\/wp-json\/wp\/v2\/users\/10"}],"replies":[{"embeddable":true,"href":"https:\/\/back-on-track.eu\/de\/wp-json\/wp\/v2\/comments?post=6387"}],"version-history":[{"count":16,"href":"https:\/\/back-on-track.eu\/de\/wp-json\/wp\/v2\/pages\/6387\/revisions"}],"predecessor-version":[{"id":37100,"href":"https:\/\/back-on-track.eu\/de\/wp-json\/wp\/v2\/pages\/6387\/revisions\/37100"}],"wp:attachment":[{"href":"https:\/\/back-on-track.eu\/de\/wp-json\/wp\/v2\/media?parent=6387"}],"curies":[{"name":"wp","href":"https:\/\/api.w.org\/{rel}","templated":true}]}}