{"id":7085,"date":"2022-08-09T22:49:39","date_gmt":"2022-08-09T20:49:39","guid":{"rendered":"https:\/\/back-on-track.eu\/?page_id=7085"},"modified":"2024-04-11T17:58:11","modified_gmt":"2024-04-11T15:58:11","slug":"unsere-forderungen","status":"publish","type":"page","link":"https:\/\/back-on-track.eu\/de\/unsere-forderungen\/","title":{"rendered":"Unsere Positionen"},"content":{"rendered":"\n<h3 class=\"wp-block-heading\"><strong>Ziele<\/strong><\/h3>\n\n\n\n<p><strong>Back-on-Track sieht Z\u00fcge als<\/strong>&#8230;<\/p>\n\n\n\n<ul class=\"wp-block-list\">\n<li>eines der umweltfreundlichsten europ\u00e4ischen Fernverkehrsmittel<\/li>\n\n\n\n<li>ein wichtiger Teil des zuk\u00fcnftigen Verkehrssystems \u2013&nbsp;und nicht nur ein Teil unserer Geschichte<\/li>\n\n\n\n<li>eine bequeme Art des Reisens f\u00fcr Freizeit und Beruf, das ganze Jahr hindurch<\/li>\n<\/ul>\n\n\n\n<p>Internationale Z\u00fcge, vor allem Nachtz\u00fcge sind ein wichtiger Bestandteil des europ\u00e4ischen Schienenverkehrs. Vernachl\u00e4ssigte Nachtz\u00fcge sind ein deutlicher Hinweis auf ein desintegriertes und marodes Eisenbahnsystem.<\/p>\n\n\n\n<h3 class=\"wp-block-heading\">Wir denken, dass \u2026<\/h3>\n\n\n\n<ul class=\"wp-block-list\">\n<li>Subventionen erlaubt sein m\u00fcssen, solange Z\u00fcge unter unfairem Wettbewerb leiden: Keine Kerosinsteuer, keine MwSt. auf internationale Fl\u00fcge<\/li>\n\n\n\n<li>ein moderner und zuverl\u00e4ssiger Schienenverkehr in \u00f6ffentlicher Verantwortung bleiben sollte: als integrierte Einheit zum Nutzen der Fahrg\u00e4ste, nicht der Aktion\u00e4re. Mit guten Arbeitspl\u00e4tzen und einem engagierten Personal<\/li>\n\n\n\n<li>die Bahnen ein gutes Serviceniveau bieten sollen &#8211; einfacher Fahrkartenkauf \u00fcber <em>ein<\/em> System, bezahlbar, mit neuen und verbesserten Z\u00fcgen (Nachtz\u00fcge leiden unter dem alten Bestand)<\/li>\n\n\n\n<li>koordinierten Fahrpl\u00e4ne wichtig sind, zwischen Tag- und Nachtz\u00fcgen<\/li>\n\n\n\n<li>Nachtz\u00fcge sehr viel mehr St\u00e4dte und L\u00e4nder in Europa verbinden sollten<\/li>\n<\/ul>\n\n\n\n<p>Dabei kann man uns ganz einfach unterst\u00fctzen: Durch eine <a href=\"https:\/\/back-on-track.eu\/de\/mitglied-werden\/\" data-type=\"page\" data-id=\"7234\">Mitgliedschaft<\/a> mit selbst w\u00e4hlbarem Beitrag.<\/p>\n\n\n\n<h2 class=\"wp-block-heading\">Positionspapiere<\/h2>\n\n\n\n<div class=\"nv-cv-m wp-block-columns is-layout-flex wp-container-core-columns-is-layout-9d6595d7 wp-block-columns-is-layout-flex\">\n<div class=\"wp-block-column is-layout-flow wp-block-column-is-layout-flow\" style=\"flex-basis:33.33%\">\n<figure class=\"wp-block-image size-full\"><a href=\"https:\/\/back-on-track.eu\/general-position-paper\/\"><img decoding=\"async\" src=\"https:\/\/back-on-track.eu\/wp-content\/uploads\/2023\/02\/FpKptpgXwAYJ_Jf.jpeg\" alt=\"\" class=\"wp-image-10147\" style=\"aspect-ratio:16\/9;object-fit:cover\"\/><\/a><\/figure>\n<\/div>\n\n\n\n<div class=\"wp-block-column is-vertically-aligned-center is-layout-flow wp-block-column-is-layout-flow\" style=\"flex-basis:66.66%\">\n<p><a href=\"https:\/\/back-on-track.eu\/general-position-paper\/\"><strong>Unser einstimmig beschlossenes allgemeines Positionspapier: Wir bekommen wir mehr Nachtz\u00fcge auf die Schiene?<\/strong><\/a> (April 2024, auf Englisch)<\/p>\n<\/div>\n<\/div>\n\n\n\n<div class=\"nv-cv-m wp-block-columns is-layout-flex wp-container-core-columns-is-layout-9d6595d7 wp-block-columns-is-layout-flex\">\n<div class=\"wp-block-column is-layout-flow wp-block-column-is-layout-flow\" style=\"flex-basis:33.33%\">\n<figure class=\"wp-block-image size-full\"><a href=\"https:\/\/back-on-track.eu\/de\/zehn-verbesserungen-des-eu-aktionsplans-zur-foerderung-des-schienenfernverkehrs-und-des-grenzueberschreitenden-personenverkehrs\/\"><img loading=\"lazy\" decoding=\"async\" width=\"1280\" height=\"853\" src=\"https:\/\/back-on-track.eu\/wp-content\/uploads\/2022\/03\/forbipasserende-nattog-web.jpg\" alt=\"\" class=\"wp-image-6258\" style=\"aspect-ratio:16\/9;object-fit:cover\" srcset=\"https:\/\/back-on-track.eu\/wp-content\/uploads\/2022\/03\/forbipasserende-nattog-web.jpg 1280w, https:\/\/back-on-track.eu\/wp-content\/uploads\/2022\/03\/forbipasserende-nattog-web-300x200.jpg 300w, https:\/\/back-on-track.eu\/wp-content\/uploads\/2022\/03\/forbipasserende-nattog-web-1024x682.jpg 1024w, https:\/\/back-on-track.eu\/wp-content\/uploads\/2022\/03\/forbipasserende-nattog-web-768x512.jpg 768w\" sizes=\"auto, (max-width: 1280px) 100vw, 1280px\" \/><\/a><\/figure>\n<\/div>\n\n\n\n<div class=\"wp-block-column is-vertically-aligned-center is-layout-flow wp-block-column-is-layout-flow\" style=\"flex-basis:66.66%\">\n<p><strong><a data-type=\"page\" data-id=\"7081\" href=\"https:\/\/back-on-track.eu\/de\/zehn-verbesserungen-des-eu-aktionsplans-zur-foerderung-des-schienenfernverkehrs-und-des-grenzueberschreitenden-personenverkehrs\/\">Zehn Verbesserungen des EU-Aktionsplans zur F\u00f6rderung des Schienenfernverkehrs und des grenz\u00fcberschreitenden Personenverkehrs<\/a><\/strong> (Januar 2022)<\/p>\n<\/div>\n<\/div>\n\n\n\n<div class=\"nv-cv-d nv-cv-m wp-block-columns is-layout-flex wp-container-core-columns-is-layout-9d6595d7 wp-block-columns-is-layout-flex\">\n<div class=\"wp-block-column is-layout-flow wp-block-column-is-layout-flow\" style=\"flex-basis:33.33%\">\n<figure class=\"wp-block-image size-full\"><a href=\"https:\/\/back-on-track.eu\/de\/positionspapier-zum-new-green-deal\/\"><img loading=\"lazy\" decoding=\"async\" width=\"1280\" height=\"720\" src=\"https:\/\/back-on-track.eu\/wp-content\/uploads\/2020\/09\/20200916_205528.jpg\" alt=\"\" class=\"wp-image-5413\" style=\"aspect-ratio:16\/9;object-fit:cover\" srcset=\"https:\/\/back-on-track.eu\/wp-content\/uploads\/2020\/09\/20200916_205528.jpg 1280w, https:\/\/back-on-track.eu\/wp-content\/uploads\/2020\/09\/20200916_205528-300x169.jpg 300w, https:\/\/back-on-track.eu\/wp-content\/uploads\/2020\/09\/20200916_205528-1024x576.jpg 1024w, https:\/\/back-on-track.eu\/wp-content\/uploads\/2020\/09\/20200916_205528-768x432.jpg 768w, https:\/\/back-on-track.eu\/wp-content\/uploads\/2020\/09\/20200916_205528-600x338.jpg 600w\" sizes=\"auto, (max-width: 1280px) 100vw, 1280px\" \/><\/a><\/figure>\n<\/div>\n\n\n\n<div class=\"wp-block-column is-vertically-aligned-center is-layout-flow wp-block-column-is-layout-flow\" style=\"flex-basis:66.66%\">\n<p><strong><a data-type=\"page\" data-id=\"7100\" href=\"https:\/\/back-on-track.eu\/de\/positionspapier-zum-new-green-deal\/\">Unser Positionspapier zum Green New Deal der EU Kommission<\/a><\/strong> (November 2019)<\/p>\n<\/div>\n<\/div>\n","protected":false},"excerpt":{"rendered":"<p>Ziele Back-on-Track sieht Z\u00fcge als&#8230; Internationale Z\u00fcge, vor allem Nachtz\u00fcge sind ein wichtiger Bestandteil des europ\u00e4ischen Schienenverkehrs. Vernachl\u00e4ssigte Nachtz\u00fcge sind ein deutlicher Hinweis auf ein desintegriertes und marodes Eisenbahnsystem. Wir denken, dass \u2026 Dabei kann man uns ganz einfach unterst\u00fctzen: Durch eine Mitgliedschaft mit selbst w\u00e4hlbarem Beitrag. Positionspapiere Unser einstimmig beschlossenes allgemeines Positionspapier: Wir bekommen&hellip;&nbsp;<a href=\"https:\/\/back-on-track.eu\/de\/unsere-forderungen\/\" rel=\"bookmark\">Mehr lesen &raquo;<span class=\"screen-reader-text\">Unsere Positionen<\/span><\/a><\/p>\n","protected":false},"author":10,"featured_media":10100,"parent":0,"menu_order":0,"comment_status":"closed","ping_status":"open","template":"","meta":{"_acf_changed":false,"inline_featured_image":false,"neve_meta_sidebar":"","neve_meta_container":"","neve_meta_enable_content_width":"","neve_meta_content_width":0,"neve_meta_title_alignment":"","neve_meta_author_avatar":"","neve_post_elements_order":"","neve_meta_disable_header":"","neve_meta_disable_footer":"","neve_meta_disable_title":"","neve_meta_reading_time":"","_themeisle_gutenberg_block_has_review":false,"_ti_tpc_template_sync":false,"_ti_tpc_template_id":"","footnotes":""},"class_list":["post-7085","page","type-page","status-publish","has-post-thumbnail","hentry"],"acf":[],"_links":{"self":[{"href":"https:\/\/back-on-track.eu\/de\/wp-json\/wp\/v2\/pages\/7085","targetHints":{"allow":["GET"]}}],"collection":[{"href":"https:\/\/back-on-track.eu\/de\/wp-json\/wp\/v2\/pages"}],"about":[{"href":"https:\/\/back-on-track.eu\/de\/wp-json\/wp\/v2\/types\/page"}],"author":[{"embeddable":true,"href":"https:\/\/back-on-track.eu\/de\/wp-json\/wp\/v2\/users\/10"}],"replies":[{"embeddable":true,"href":"https:\/\/back-on-track.eu\/de\/wp-json\/wp\/v2\/comments?post=7085"}],"version-history":[{"count":15,"href":"https:\/\/back-on-track.eu\/de\/wp-json\/wp\/v2\/pages\/7085\/revisions"}],"predecessor-version":[{"id":17020,"href":"https:\/\/back-on-track.eu\/de\/wp-json\/wp\/v2\/pages\/7085\/revisions\/17020"}],"wp:featuredmedia":[{"embeddable":true,"href":"https:\/\/back-on-track.eu\/de\/wp-json\/wp\/v2\/media\/10100"}],"wp:attachment":[{"href":"https:\/\/back-on-track.eu\/de\/wp-json\/wp\/v2\/media?parent=7085"}],"curies":[{"name":"wp","href":"https:\/\/api.w.org\/{rel}","templated":true}]}}