{"id":7232,"date":"2022-08-25T20:46:04","date_gmt":"2022-08-25T18:46:04","guid":{"rendered":"https:\/\/back-on-track.eu\/?page_id=7232"},"modified":"2022-11-01T21:54:38","modified_gmt":"2022-11-01T20:54:38","slug":"firmenmitglied-werden","status":"publish","type":"page","link":"https:\/\/back-on-track.eu\/de\/firmenmitglied-werden\/","title":{"rendered":"Firmenmitglied werden"},"content":{"rendered":"\n<p>Unser Ziel ist der Schutz der Umwelt, vor allem unseres Klimas  und die Unterst\u00fctzung der Menschen, die (unter anderem aus diesem Grund) mit der Bahn reisen wollen. <\/p>\n\n\n\n<p>Wir freuen uns \u00fcber Unternehmen aus der Bahn-\/Schienen- oder Reisebranche, die diese Ziele mit uns teilen und unsere Aktivit\u00e4ten daher gerne unterst\u00fctzen wollen oder die einfach nur f\u00fcr Gesch\u00e4ftsreisen eigentlich lieber den komfortablen, schnellen Nachtzug als den Flieger nehmen w\u00fcrden aber noch nicht k\u00f6nnen und statt sich (nur) mit einem  CO2 Ausgleich das Gewissen zu beruhigen \u00fcber die Unterst\u00fctzung unserer Arbeit aktiv etwas f\u00fcr ein besseres Nachtzugangebot tun wollen.<\/p>\n\n\n\n<p><strong>Mitmachen: <\/strong>Firmenmitglieder k\u00f6nnen eine*n Vertreter*in benennen der*die zu Koordinationstreffen eingeladen wird und sich da wie jedes pers\u00f6nliche Mitglied einbringen und mit abstimmen kann. Diese finden derzeit alle 2-3 Monate als Zoom-Konferenzen um 21:00 Uhr in deutscher Sprache statt (da wir Teil eines europ\u00e4ischen Netzwerks sind, sind bei manchen Aktionen allerdings Englischkenntnisse hilfreich). <\/p>\n\n\n\n<p><strong>Mitgliedsbeitrag: <\/strong>Firmenitglieder legen ihren Beitrag ebenfalls selbst fest. Der Mindestbeitrag betr\u00e4gt hier 10 \u20ac. Ist das Unternehmen bahn- \/ schienen- \/ reisebezogen, halten wir einen Beitrag von 1 Promille des Umsatzes im jeweiligen Gesch\u00e4ftsfeld f\u00fcr angemessen. M\u00f6chte ein Unternehmen ohne einen solchen Bezug mehr Gesch\u00e4ftsreisen mit dem Nachtzug f\u00f6rdern, empfehlen wir einen Beitrag von einem Prozent seiner durchschnittlichen Reisekosten.<\/p>\n\n\n\n<p>Hier findet ihr unsere <a href=\"https:\/\/back-on-track.eu\/wp-content\/uploads\/2022\/11\/B-o-T-Germany-Satzung_220817.pdf\">\u2192 Satzung<\/a> (PDF) und <a href=\"https:\/\/back-on-track.eu\/wp-content\/uploads\/2022\/11\/B-o-T-Germany-Beitragsordnung_220817.pdf\">\u2192 Beitragsordnung<\/a> (PDF).<\/p>\n\n\n\n<p>Man kann nat\u00fcrlich auch <a href=\"https:\/\/back-on-track.eu\/press-statement\/\">\u2192<\/a> <a href=\"https:\/\/back-on-track.eu\/de\/mitglied-werden\/\">als Privatperson Mitglied werden<\/a>.<\/p>\n\n\n\n<div class=\"wp-block-contact-form-7-contact-form-selector\">\n<div class=\"wpcf7 no-js\" id=\"wpcf7-f7242-o1\" lang=\"en-US\" dir=\"ltr\" data-wpcf7-id=\"7242\">\n<div class=\"screen-reader-response\"><p role=\"status\" aria-live=\"polite\" aria-atomic=\"true\"><\/p> <ul><\/ul><\/div>\n<form action=\"\/de\/wp-json\/wp\/v2\/pages\/7232#wpcf7-f7242-o1\" method=\"post\" class=\"wpcf7-form init\" aria-label=\"Contact form\" novalidate=\"novalidate\" data-status=\"init\">\n<fieldset class=\"hidden-fields-container\"><input type=\"hidden\" name=\"_wpcf7\" value=\"7242\" \/><input type=\"hidden\" name=\"_wpcf7_version\" value=\"6.1.5\" \/><input type=\"hidden\" name=\"_wpcf7_locale\" value=\"en_US\" \/><input type=\"hidden\" name=\"_wpcf7_unit_tag\" value=\"wpcf7-f7242-o1\" \/><input type=\"hidden\" name=\"_wpcf7_container_post\" value=\"0\" \/><input type=\"hidden\" name=\"_wpcf7_posted_data_hash\" value=\"\" \/><input type=\"hidden\" name=\"_wpcf7cf_hidden_group_fields\" value=\"[]\" \/><input type=\"hidden\" name=\"_wpcf7cf_hidden_groups\" value=\"[]\" \/><input type=\"hidden\" name=\"_wpcf7cf_visible_groups\" value=\"[]\" \/><input type=\"hidden\" name=\"_wpcf7cf_repeaters\" value=\"[]\" \/><input type=\"hidden\" name=\"_wpcf7cf_steps\" value=\"{}\" \/><input type=\"hidden\" name=\"_wpcf7cf_options\" value=\"{&quot;form_id&quot;:7242,&quot;conditions&quot;:[],&quot;settings&quot;:{&quot;animation&quot;:&quot;yes&quot;,&quot;animation_intime&quot;:200,&quot;animation_outtime&quot;:200,&quot;conditions_ui&quot;:&quot;normal&quot;,&quot;notice_dismissed&quot;:false,&quot;notice_dismissed_rollback-cf7-5.9.2&quot;:true}}\" \/>\n<\/fieldset>\n<p><b>Ja, ich m\u00f6chte, dass meine Firma Mitglied bei bei Back-on-Track Germany e.V. wird und bin befugt, das f\u00fcr diese zu erkl\u00e4ren:<\/b>\n<\/p>\n<input class=\"wpcf7-form-control wpcf7-hidden\" value=\"2\" type=\"hidden\" name=\"your-contact_type\" \/>\n<input class=\"wpcf7-form-control wpcf7-hidden\" value=\"German Group Membership Application (Company)\" type=\"hidden\" name=\"your-subject\" \/>\n<input class=\"wpcf7-form-control wpcf7-hidden\" value=\"Undisclosed\" type=\"hidden\" name=\"your-name\" \/>\n<p><label>Firma (erforderlich)<br \/>\n<span class=\"wpcf7-form-control-wrap\" data-name=\"your-organisation\"><input size=\"40\" maxlength=\"400\" class=\"wpcf7-form-control wpcf7-text wpcf7-validates-as-required\" aria-required=\"true\" aria-invalid=\"false\" value=\"\" type=\"text\" name=\"your-organisation\" \/><\/span> <\/label>\n<\/p>\n<p><label>Website der Firma (erforderlich)<br \/>\n<span class=\"wpcf7-form-control-wrap\" data-name=\"your-business_url\"><input size=\"40\" maxlength=\"400\" class=\"wpcf7-form-control wpcf7-url wpcf7-validates-as-required wpcf7-text wpcf7-validates-as-url\" aria-required=\"true\" aria-invalid=\"false\" value=\"\" type=\"url\" name=\"your-business_url\" \/><\/span> <\/label>\n<\/p>\n<p><label>Vertreter*in: Vorname (erforderlich)<br \/>\n<span class=\"wpcf7-form-control-wrap\" data-name=\"your-firstname\"><input size=\"40\" maxlength=\"400\" class=\"wpcf7-form-control wpcf7-text wpcf7-validates-as-required\" aria-required=\"true\" aria-invalid=\"false\" value=\"\" type=\"text\" name=\"your-firstname\" \/><\/span> <\/label>\n<\/p>\n<p><label>Vertreter*in: Nachname (erforderlich)<br \/>\n<span class=\"wpcf7-form-control-wrap\" data-name=\"your-lastname\"><input size=\"40\" maxlength=\"400\" class=\"wpcf7-form-control wpcf7-text wpcf7-validates-as-required\" aria-required=\"true\" aria-invalid=\"false\" value=\"\" type=\"text\" name=\"your-lastname\" \/><\/span> <\/label>\n<\/p>\n<p><label>Vertreter*in: E-Mail Adresse (erforderlich)<br \/>\n<span class=\"wpcf7-form-control-wrap\" data-name=\"your-email\"><input size=\"40\" maxlength=\"400\" class=\"wpcf7-form-control wpcf7-email wpcf7-validates-as-required wpcf7-text wpcf7-validates-as-email\" aria-required=\"true\" aria-invalid=\"false\" value=\"\" type=\"email\" name=\"your-email\" \/><\/span> <\/label>\n<\/p>\n<p><label>Stra\u00dfe (Sitz der Firma) (erforderlich)<br \/>\n<span class=\"wpcf7-form-control-wrap\" data-name=\"your-business_street\"><input size=\"40\" maxlength=\"400\" class=\"wpcf7-form-control wpcf7-text wpcf7-validates-as-required\" aria-required=\"true\" aria-invalid=\"false\" value=\"\" type=\"text\" name=\"your-business_street\" \/><\/span> <\/label>\n<\/p>\n<p><label>Postleitzahl (Sitz der Firma) (erforderlich)<br \/>\n<span class=\"wpcf7-form-control-wrap\" data-name=\"your-business_postcode\"><input class=\"wpcf7-form-control wpcf7-number wpcf7-validates-as-required wpcf7-validates-as-number\" aria-required=\"true\" aria-invalid=\"false\" value=\"\" type=\"number\" name=\"your-business_postcode\" \/><\/span> <\/label>\n<\/p>\n<p><label>Ort (Sitz der Firma) (erforderlich)<br \/>\n<span class=\"wpcf7-form-control-wrap\" data-name=\"your-business_town\"><input size=\"40\" maxlength=\"400\" class=\"wpcf7-form-control wpcf7-text wpcf7-validates-as-required\" aria-required=\"true\" aria-invalid=\"false\" value=\"\" type=\"text\" name=\"your-business_town\" \/><\/span> <\/label>\n<\/p>\n<p><label>Vertreter*in: Telefonnummer<br \/>\n<span class=\"wpcf7-form-control-wrap\" data-name=\"your-phone\"><input size=\"40\" maxlength=\"400\" class=\"wpcf7-form-control wpcf7-tel wpcf7-text wpcf7-validates-as-tel\" aria-invalid=\"false\" value=\"\" type=\"tel\" name=\"your-phone\" \/><\/span> <\/label>\n<\/p>\n<p><label>Monatlicher Mitgliedsbeitrag (erforderlich)<br \/>\n<span class=\"wpcf7-form-control-wrap\" data-name=\"your-memberfee_m_eur\"><input class=\"wpcf7-form-control wpcf7-number wpcf7-validates-as-required wpcf7-validates-as-number digits\" min=\"10\" aria-required=\"true\" aria-invalid=\"false\" placeholder=\"10\" value=\"\" type=\"number\" name=\"your-memberfee_m_eur\" \/><\/span> <\/label>\n<\/p>\n<p><label>IBAN (erforderlich)<br \/>\n<span class=\"wpcf7-form-control-wrap\" data-name=\"iban\"><input size=\"40\" maxlength=\"400\" class=\"wpcf7-form-control wpcf7-text wpcf7-validates-as-required iban\" id=\"iban\" aria-required=\"true\" aria-invalid=\"false\" value=\"\" type=\"text\" name=\"iban\" \/><\/span> <\/label>\n<\/p>\n<p><label>Ausf\u00fcllende*r: E-Mail Adresse (wenn abweichend von Vertreter*in)<br \/>\n<span class=\"wpcf7-form-control-wrap\" data-name=\"submitter-email\"><input size=\"40\" maxlength=\"400\" class=\"wpcf7-form-control wpcf7-email wpcf7-text wpcf7-validates-as-email\" aria-invalid=\"false\" value=\"\" type=\"email\" name=\"submitter-email\" \/><\/span> <\/label>\n<\/p>\n<p><span class=\"wpcf7-form-control-wrap\" data-name=\"your-consent\"><span class=\"wpcf7-form-control wpcf7-acceptance optional\"><span class=\"wpcf7-list-item\"><label><input type=\"checkbox\" name=\"your-consent\" value=\"1\" aria-invalid=\"false\" \/><span class=\"wpcf7-list-item-label\">Durch \u00dcbermittlung der IBAN erm\u00e4chtige ich Back-on-Track Germany e.V., den angegebenen Mitgliedsbeitrag einmal j\u00e4hrlich per Lastschrift von unserem Firmenkonto einzuziehen. Zugleich weise ich unser Kreditinstitut an, die von Back-on-Track Germany e.V. auf unser Konto gezogenen Lastschriften\neinzul\u00f6sen. Ich kann innerhalb von acht Wochen, beginnend mit dem Belastungsdatum, die Erstattung des belasteten Betrages verlangen. Es gelten dabei die mit meinem (unserem) Kreditinstitut\nvereinbarten Bedingungen. \nDer Satzung sowie der Verarbeitung meiner Daten in der Mitgliederdatenbank stimme ich zu.*<\/span><\/label><\/span><\/span><\/span>\n<\/p>\n<p><input class=\"wpcf7-form-control wpcf7-submit has-spinner\" type=\"submit\" value=\"Absenden\" \/>\n<\/p><p style=\"display: none !important;\" class=\"akismet-fields-container\" data-prefix=\"_wpcf7_ak_\"><label>&#916;<textarea name=\"_wpcf7_ak_hp_textarea\" cols=\"45\" rows=\"8\" maxlength=\"100\"><\/textarea><\/label><input type=\"hidden\" id=\"ak_js_1\" name=\"_wpcf7_ak_js\" value=\"132\"\/><script>document.getElementById( \"ak_js_1\" ).setAttribute( \"value\", ( new Date() ).getTime() );<\/script><\/p><div class=\"wpcf7-response-output\" aria-hidden=\"true\"><\/div>\n<\/form>\n<\/div>\n<\/div>\n","protected":false},"excerpt":{"rendered":"<p>Unser Ziel ist der Schutz der Umwelt, vor allem unseres Klimas und die Unterst\u00fctzung der Menschen, die (unter anderem aus diesem Grund) mit der Bahn reisen wollen. Wir freuen uns \u00fcber Unternehmen aus der Bahn-\/Schienen- oder Reisebranche, die diese Ziele mit uns teilen und unsere Aktivit\u00e4ten daher gerne unterst\u00fctzen wollen oder die einfach nur f\u00fcr&hellip;&nbsp;<a href=\"https:\/\/back-on-track.eu\/de\/firmenmitglied-werden\/\" rel=\"bookmark\">Mehr lesen &raquo;<span class=\"screen-reader-text\">Firmenmitglied werden<\/span><\/a><\/p>\n","protected":false},"author":10,"featured_media":6258,"parent":0,"menu_order":0,"comment_status":"closed","ping_status":"closed","template":"","meta":{"_acf_changed":false,"inline_featured_image":false,"neve_meta_sidebar":"","neve_meta_container":"","neve_meta_enable_content_width":"","neve_meta_content_width":0,"neve_meta_title_alignment":"","neve_meta_author_avatar":"","neve_post_elements_order":"","neve_meta_disable_header":"","neve_meta_disable_footer":"","neve_meta_disable_title":"","neve_meta_reading_time":"","_themeisle_gutenberg_block_has_review":false,"_ti_tpc_template_sync":false,"_ti_tpc_template_id":"","footnotes":""},"class_list":["post-7232","page","type-page","status-publish","has-post-thumbnail","hentry"],"acf":[],"_links":{"self":[{"href":"https:\/\/back-on-track.eu\/de\/wp-json\/wp\/v2\/pages\/7232","targetHints":{"allow":["GET"]}}],"collection":[{"href":"https:\/\/back-on-track.eu\/de\/wp-json\/wp\/v2\/pages"}],"about":[{"href":"https:\/\/back-on-track.eu\/de\/wp-json\/wp\/v2\/types\/page"}],"author":[{"embeddable":true,"href":"https:\/\/back-on-track.eu\/de\/wp-json\/wp\/v2\/users\/10"}],"replies":[{"embeddable":true,"href":"https:\/\/back-on-track.eu\/de\/wp-json\/wp\/v2\/comments?post=7232"}],"version-history":[{"count":10,"href":"https:\/\/back-on-track.eu\/de\/wp-json\/wp\/v2\/pages\/7232\/revisions"}],"predecessor-version":[{"id":8974,"href":"https:\/\/back-on-track.eu\/de\/wp-json\/wp\/v2\/pages\/7232\/revisions\/8974"}],"wp:featuredmedia":[{"embeddable":true,"href":"https:\/\/back-on-track.eu\/de\/wp-json\/wp\/v2\/media\/6258"}],"wp:attachment":[{"href":"https:\/\/back-on-track.eu\/de\/wp-json\/wp\/v2\/media?parent=7232"}],"curies":[{"name":"wp","href":"https:\/\/api.w.org\/{rel}","templated":true}]}}