{"id":7234,"date":"2022-08-25T20:47:29","date_gmt":"2022-08-25T18:47:29","guid":{"rendered":"https:\/\/back-on-track.eu\/?page_id=7234"},"modified":"2025-01-27T16:13:30","modified_gmt":"2025-01-27T15:13:30","slug":"mitglied-werden","status":"publish","type":"page","link":"https:\/\/back-on-track.eu\/de\/mitglied-werden\/","title":{"rendered":"Mitglied werden"},"content":{"rendered":"\n<p><\/p>\n\n\n\n<p><strong>Mitgliedsbeitrag: <\/strong>Als Mitglied unterst\u00fctzt Du unsere Arbeit mit einem kleinen Mitgliedsbeitrag ab<strong> 1 \u20ac im Monat. <\/strong><\/p>\n\n\n\n<p>Je nach Deinen M\u00f6glichkeiten w\u00e4re es klasse, wenn Du mehr beitragen m\u00f6chtest. Wir empfehlen den Mindestbeitrag f\u00fcr Einkommen bis zu 1.500 \u20ac netto\/Monat (also 12 \u20ac pro Jahr), 3 \u20ac Monatsbeitrag bis zu 5.000 \u20ac netto\/Monat oder 10 \u20ac bei \u00fcber 5.000 \u20ac netto\/Monat (somit 36 bzw. 120 \u20ac\/Jahr, Zwischenstufen sind nat\u00fcrlich auch m\u00f6glich \u2013 es ist Deine Wahl).<\/p>\n\n\n\n<p><strong>Mitmachen: <\/strong>als Mitglied wirst Du zu Koordinationstreffen eingeladen und kannst Dich gerne einbringen. Diese finden derzeit alle 2-3 Monate als Zoom-Konferenzen um 21:00 Uhr in deutscher Sprache statt (da wir Teil eines europ\u00e4ischen Netzwerks sind, sind bei manchen Aktionen allerdings Englischkenntnisse hilfreich). Bei Aktionen vor Ort klopfen wir gern mal an und fragen h\u00f6flich, ob Du mitmachen m\u00f6chtest.<\/p>\n\n\n\n<p>Hier findest du unsere <a href=\"https:\/\/back-on-track.eu\/wp-content\/uploads\/2022\/11\/B-o-T-Germany-Satzung_220817.pdf\">\u2192 Satzung<\/a> (PDF) und <a href=\"https:\/\/back-on-track.eu\/wp-content\/uploads\/2022\/11\/B-o-T-Germany-Beitragsordnung_220817.pdf\">\u2192 Beitragsordnung<\/a> (PDF)<\/p>\n\n\n\n<p>Man kann auch \u2192 <a href=\"https:\/\/back-on-track.eu\/de\/firmenmitglied-werden\/\">als Firma Mitglied werden<\/a>.<\/p>\n\n\n\n<div class=\"wp-block-contact-form-7-contact-form-selector\">\n<div class=\"wpcf7 no-js\" id=\"wpcf7-f6408-o1\" lang=\"en-US\" dir=\"ltr\" data-wpcf7-id=\"6408\">\n<div class=\"screen-reader-response\"><p role=\"status\" aria-live=\"polite\" aria-atomic=\"true\"><\/p> <ul><\/ul><\/div>\n<form action=\"\/de\/wp-json\/wp\/v2\/pages\/7234#wpcf7-f6408-o1\" method=\"post\" class=\"wpcf7-form init\" aria-label=\"Contact form\" novalidate=\"novalidate\" data-status=\"init\">\n<fieldset class=\"hidden-fields-container\"><input type=\"hidden\" name=\"_wpcf7\" value=\"6408\" \/><input type=\"hidden\" name=\"_wpcf7_version\" value=\"6.1.5\" \/><input type=\"hidden\" name=\"_wpcf7_locale\" value=\"en_US\" \/><input type=\"hidden\" name=\"_wpcf7_unit_tag\" value=\"wpcf7-f6408-o1\" \/><input type=\"hidden\" name=\"_wpcf7_container_post\" value=\"0\" \/><input type=\"hidden\" name=\"_wpcf7_posted_data_hash\" value=\"\" \/><input type=\"hidden\" name=\"_wpcf7cf_hidden_group_fields\" value=\"[]\" \/><input type=\"hidden\" name=\"_wpcf7cf_hidden_groups\" value=\"[]\" \/><input type=\"hidden\" name=\"_wpcf7cf_visible_groups\" value=\"[]\" \/><input type=\"hidden\" name=\"_wpcf7cf_repeaters\" value=\"[]\" \/><input type=\"hidden\" name=\"_wpcf7cf_steps\" value=\"{}\" \/><input type=\"hidden\" name=\"_wpcf7cf_options\" value=\"{&quot;form_id&quot;:6408,&quot;conditions&quot;:[],&quot;settings&quot;:{&quot;animation&quot;:&quot;yes&quot;,&quot;animation_intime&quot;:200,&quot;animation_outtime&quot;:200,&quot;conditions_ui&quot;:&quot;normal&quot;,&quot;notice_dismissed&quot;:false,&quot;notice_dismissed_rollback-cf7-5.9.2&quot;:true}}\" \/>\n<\/fieldset>\n<p><b>Ja, ich m\u00f6chte bei Back-on-Track Germany e.V. Mitglied werden:<\/b>\n<\/p>\n<input class=\"wpcf7-form-control wpcf7-hidden\" value=\"1\" type=\"hidden\" name=\"your-contact_type\" \/>\n<input class=\"wpcf7-form-control wpcf7-hidden\" value=\"Antrag auf Mitgliedschaft in der deutschen Gruppe\" type=\"hidden\" name=\"your-subject\" \/>\n<input class=\"wpcf7-form-control wpcf7-hidden\" value=\"Undisclosed\" type=\"hidden\" name=\"your-name\" \/>\n<p>Vorname*\n<\/p>\n<p><span class=\"wpcf7-form-control-wrap\" data-name=\"your-firstname\"><input size=\"40\" maxlength=\"400\" class=\"wpcf7-form-control wpcf7-text wpcf7-validates-as-required\" aria-required=\"true\" aria-invalid=\"false\" value=\"\" type=\"text\" name=\"your-firstname\" \/><\/span>\n<\/p>\n<p>Nachname*\n<\/p>\n<p><span class=\"wpcf7-form-control-wrap\" data-name=\"your-lastname\"><input size=\"40\" maxlength=\"400\" class=\"wpcf7-form-control wpcf7-text wpcf7-validates-as-required\" aria-required=\"true\" aria-invalid=\"false\" value=\"\" type=\"text\" name=\"your-lastname\" \/><\/span>\n<\/p>\n<p>E-Mail Adresse*\n<\/p>\n<p><span class=\"wpcf7-form-control-wrap\" data-name=\"your-email\"><input size=\"40\" maxlength=\"400\" class=\"wpcf7-form-control wpcf7-email wpcf7-validates-as-required wpcf7-text wpcf7-validates-as-email\" aria-required=\"true\" aria-invalid=\"false\" value=\"\" type=\"email\" name=\"your-email\" \/><\/span>\n<\/p>\n<p>Postleitzahl*\n<\/p>\n<p><span class=\"wpcf7-form-control-wrap\" data-name=\"your-homeaddress_postcode\"><input class=\"wpcf7-form-control wpcf7-number wpcf7-validates-as-required wpcf7-validates-as-number\" aria-required=\"true\" aria-invalid=\"false\" value=\"\" type=\"number\" name=\"your-homeaddress_postcode\" \/><\/span>\n<\/p>\n<p>Telefonnummer\n<\/p>\n<p><span class=\"wpcf7-form-control-wrap\" data-name=\"your-phone\"><input size=\"40\" maxlength=\"400\" class=\"wpcf7-form-control wpcf7-tel wpcf7-text wpcf7-validates-as-tel\" aria-invalid=\"false\" value=\"\" type=\"tel\" name=\"your-phone\" \/><\/span>\n<\/p>\n<p>Monatlicher Mitgliedsbeitrag* (j\u00e4hrliche Abbuchung)\n<\/p>\n<p><span class=\"wpcf7-form-control-wrap\" data-name=\"your-memberfee_m_eur\"><input class=\"wpcf7-form-control wpcf7-number wpcf7-validates-as-required wpcf7-validates-as-number digits\" min=\"1\" aria-required=\"true\" aria-invalid=\"false\" placeholder=\"ab 1\u20ac\" value=\"\" type=\"number\" name=\"your-memberfee_m_eur\" \/><\/span>\n<\/p>\n<p>IBAN*\n<\/p>\n<p><span class=\"wpcf7-form-control-wrap\" data-name=\"your-iban\"><input size=\"40\" maxlength=\"400\" class=\"wpcf7-form-control wpcf7-text wpcf7-validates-as-required iban\" id=\"iban\" aria-required=\"true\" aria-invalid=\"false\" value=\"\" type=\"text\" name=\"your-iban\" \/><\/span>\n<\/p>\n<p><span class=\"wpcf7-form-control-wrap\" data-name=\"your-consent\"><span class=\"wpcf7-form-control wpcf7-acceptance\"><span class=\"wpcf7-list-item\"><label><input type=\"checkbox\" name=\"your-consent\" value=\"1\" aria-invalid=\"false\" \/><span class=\"wpcf7-list-item-label\">Durch \u00dcbermittlung der IBAN erm\u00e4chtige ich Back-on-Track Germany e.V., den angegebenen Mitgliedsbeitrag von meinem Konto einmal j\u00e4hrlich mittels Lastschrift einzuziehen. Zugleich weise ich mein Kreditinstitut an, die von Back-on-Track Germany e.V. auf mein Konto gezogenen Lastschriften\neinzul\u00f6sen. Ich kann innerhalb von acht Wochen, beginnend mit dem Belastungsdatum, die Erstattung des belasteten Betrages verlangen. Es gelten dabei die mit meinem (unserem) Kreditinstitut\nvereinbarten Bedingungen. Der Satzung und der Verarbeitung meiner Daten in der Mitgliederdatenbank stimme ich zu.*<\/span><\/label><\/span><\/span><\/span>\n<\/p>\n<p>* = Erforderliche Angaben\n<\/p>\n<p><input class=\"wpcf7-form-control wpcf7-submit has-spinner\" type=\"submit\" value=\"Absenden\" \/>\n<\/p><p style=\"display: none !important;\" class=\"akismet-fields-container\" data-prefix=\"_wpcf7_ak_\"><label>&#916;<textarea name=\"_wpcf7_ak_hp_textarea\" cols=\"45\" rows=\"8\" maxlength=\"100\"><\/textarea><\/label><input type=\"hidden\" id=\"ak_js_1\" name=\"_wpcf7_ak_js\" value=\"102\"\/><script>document.getElementById( \"ak_js_1\" ).setAttribute( \"value\", ( new Date() ).getTime() );<\/script><\/p><div class=\"wpcf7-response-output\" aria-hidden=\"true\"><\/div>\n<\/form>\n<\/div>\n<\/div>\n","protected":false},"excerpt":{"rendered":"<p>Mitgliedsbeitrag: Als Mitglied unterst\u00fctzt Du unsere Arbeit mit einem kleinen Mitgliedsbeitrag ab 1 \u20ac im Monat. Je nach Deinen M\u00f6glichkeiten w\u00e4re es klasse, wenn Du mehr beitragen m\u00f6chtest. Wir empfehlen den Mindestbeitrag f\u00fcr Einkommen bis zu 1.500 \u20ac netto\/Monat (also 12 \u20ac pro Jahr), 3 \u20ac Monatsbeitrag bis zu 5.000 \u20ac netto\/Monat oder 10 \u20ac&hellip;&nbsp;<a href=\"https:\/\/back-on-track.eu\/de\/mitglied-werden\/\" rel=\"bookmark\">Mehr lesen &raquo;<span class=\"screen-reader-text\">Mitglied werden<\/span><\/a><\/p>\n","protected":false},"author":10,"featured_media":6313,"parent":0,"menu_order":0,"comment_status":"closed","ping_status":"closed","template":"","meta":{"_acf_changed":false,"inline_featured_image":false,"neve_meta_sidebar":"","neve_meta_container":"","neve_meta_enable_content_width":"","neve_meta_content_width":0,"neve_meta_title_alignment":"","neve_meta_author_avatar":"","neve_post_elements_order":"","neve_meta_disable_header":"","neve_meta_disable_footer":"","neve_meta_disable_title":"","neve_meta_reading_time":"","_themeisle_gutenberg_block_has_review":false,"_ti_tpc_template_sync":false,"_ti_tpc_template_id":"","footnotes":""},"class_list":["post-7234","page","type-page","status-publish","has-post-thumbnail","hentry"],"acf":[],"_links":{"self":[{"href":"https:\/\/back-on-track.eu\/de\/wp-json\/wp\/v2\/pages\/7234","targetHints":{"allow":["GET"]}}],"collection":[{"href":"https:\/\/back-on-track.eu\/de\/wp-json\/wp\/v2\/pages"}],"about":[{"href":"https:\/\/back-on-track.eu\/de\/wp-json\/wp\/v2\/types\/page"}],"author":[{"embeddable":true,"href":"https:\/\/back-on-track.eu\/de\/wp-json\/wp\/v2\/users\/10"}],"replies":[{"embeddable":true,"href":"https:\/\/back-on-track.eu\/de\/wp-json\/wp\/v2\/comments?post=7234"}],"version-history":[{"count":17,"href":"https:\/\/back-on-track.eu\/de\/wp-json\/wp\/v2\/pages\/7234\/revisions"}],"predecessor-version":[{"id":29176,"href":"https:\/\/back-on-track.eu\/de\/wp-json\/wp\/v2\/pages\/7234\/revisions\/29176"}],"wp:featuredmedia":[{"embeddable":true,"href":"https:\/\/back-on-track.eu\/de\/wp-json\/wp\/v2\/media\/6313"}],"wp:attachment":[{"href":"https:\/\/back-on-track.eu\/de\/wp-json\/wp\/v2\/media?parent=7234"}],"curies":[{"name":"wp","href":"https:\/\/api.w.org\/{rel}","templated":true}]}}