{"id":10023,"date":"2023-02-13T17:04:42","date_gmt":"2023-02-13T16:04:42","guid":{"rendered":"https:\/\/back-on-track.eu\/?page_id=10023"},"modified":"2025-12-08T20:32:05","modified_gmt":"2025-12-08T19:32:05","slug":"quienes-somos","status":"publish","type":"page","link":"https:\/\/back-on-track.eu\/es\/quienes-somos\/","title":{"rendered":"QUI\u00c9NES SOMOS"},"content":{"rendered":"\n<p>Hacemos campa\u00f1a por m\u00e1s <strong>#trenesnocturnos<\/strong>, mejores, asequibles, de larga distancia y transfronterizos en Europa. \u00bfPor qu\u00e9? Porque estamos convencidos de que los trenes nocturnos no solo podr\u00edan ser una forma moderna, c\u00f3moda y relajada de viajar, sino tambi\u00e9n una soluci\u00f3n importante para reducir hasta un 3% la contribuci\u00f3n de la UE al calentamiento global, sobre todo sustituyendo a los vuelos de corta y media distancia. <a href=\"https:\/\/back-on-track.eu\/about-back-on-track\/\">M\u00e1s informaci\u00f3n sobre qui\u00e9nes somos y qu\u00e9 queremos<\/a> (declaraci\u00f3n de objetivos, en ingl\u00e9s).<\/p>\n\n\n\n<h3 class=\"wp-block-heading\">\u00a1\u00danete a nosotros!<\/h3>\n\n\n\n<figure class=\"wp-block-gallery has-nested-images columns-default is-cropped wp-block-gallery-1 is-layout-flex wp-block-gallery-is-layout-flex\">\n<figure class=\"wp-block-image size-large\"><a href=\"https:\/\/back-on-track.eu\/wp-content\/uploads\/2023\/02\/B-o-T-NightTrainMap-2023@1x.jpg\"><img loading=\"lazy\" decoding=\"async\" width=\"700\" height=\"990\" data-id=\"9980\" src=\"https:\/\/back-on-track.eu\/wp-content\/uploads\/2023\/02\/B-o-T-NightTrainMap-2023@1x.jpg\" alt=\"\" class=\"wp-image-9980\" srcset=\"https:\/\/back-on-track.eu\/wp-content\/uploads\/2023\/02\/B-o-T-NightTrainMap-2023@1x.jpg 700w, https:\/\/back-on-track.eu\/wp-content\/uploads\/2023\/02\/B-o-T-NightTrainMap-2023@1x-212x300.jpg 212w\" sizes=\"auto, (max-width: 700px) 100vw, 700px\" \/><\/a><figcaption class=\"wp-element-caption\">Publicidad<\/figcaption><\/figure>\n\n\n\n<figure class=\"wp-block-image size-large\"><a href=\"https:\/\/back-on-track.eu\/wp-content\/uploads\/2022\/10\/20220915_122322.jpeg\"><img decoding=\"async\" data-id=\"9931\" src=\"https:\/\/back-on-track.eu\/wp-content\/uploads\/2022\/10\/20220915_122322.jpeg\" alt=\"\" class=\"wp-image-9931\"\/><\/a><figcaption class=\"wp-element-caption\">Lobbying<\/figcaption><\/figure>\n\n\n\n<figure class=\"wp-block-image size-large\"><a href=\"https:\/\/back-on-track.eu\/wp-content\/uploads\/2022\/09\/ghg_saving_potential_1200.jpg\"><img loading=\"lazy\" decoding=\"async\" width=\"1024\" height=\"576\" data-id=\"9865\" src=\"https:\/\/back-on-track.eu\/wp-content\/uploads\/2022\/09\/ghg_saving_potential_1200-1024x576.jpg\" alt=\"\" class=\"wp-image-9865\" srcset=\"https:\/\/back-on-track.eu\/wp-content\/uploads\/2022\/09\/ghg_saving_potential_1200-1024x576.jpg 1024w, https:\/\/back-on-track.eu\/wp-content\/uploads\/2022\/09\/ghg_saving_potential_1200-300x169.jpg 300w, https:\/\/back-on-track.eu\/wp-content\/uploads\/2022\/09\/ghg_saving_potential_1200-768x432.jpg 768w, https:\/\/back-on-track.eu\/wp-content\/uploads\/2022\/09\/ghg_saving_potential_1200.jpg 1200w\" sizes=\"auto, (max-width: 1024px) 100vw, 1024px\" \/><\/a><figcaption class=\"wp-element-caption\">Investigaci\u00f3n<\/figcaption><\/figure>\n\n\n\n<figure class=\"wp-block-image size-large\"><a href=\"https:\/\/back-on-track.eu\/wp-content\/uploads\/2022\/07\/220702_madrid_atocha_2-cc.jpeg\"><img loading=\"lazy\" decoding=\"async\" width=\"1024\" height=\"576\" data-id=\"9888\" src=\"https:\/\/back-on-track.eu\/wp-content\/uploads\/2022\/07\/220702_madrid_atocha_2-cc-1024x576.jpeg\" alt=\"\" class=\"wp-image-9888\" srcset=\"https:\/\/back-on-track.eu\/wp-content\/uploads\/2022\/07\/220702_madrid_atocha_2-cc-1024x576.jpeg 1024w, https:\/\/back-on-track.eu\/wp-content\/uploads\/2022\/07\/220702_madrid_atocha_2-cc-300x169.jpeg 300w, https:\/\/back-on-track.eu\/wp-content\/uploads\/2022\/07\/220702_madrid_atocha_2-cc-768x432.jpeg 768w, https:\/\/back-on-track.eu\/wp-content\/uploads\/2022\/07\/220702_madrid_atocha_2-cc.jpeg 1179w\" sizes=\"auto, (max-width: 1024px) 100vw, 1024px\" \/><\/a><figcaption class=\"wp-element-caption\">Acciones<\/figcaption><\/figure>\n<\/figure>\n\n\n\n<p><br>Si desea apoyar nuestros objetivos, \u00fanase a nosotros. Somos una r<strong>ed europea de voluntarios<\/strong>. En algunos pa\u00edses colaboramos con organizaciones que luchan activamente por los trenes nocturnos y en otros hemos organizado <a href=\"https:\/\/back-on-track.eu\/es\/grupos-nacionales-y-locales\/\">grupos nacionales o locales<\/a>. Puedes apoyarnos a nivel nacional o internacional:<\/p>\n\n\n\n<div class=\"wp-block-buttons is-layout-flex wp-block-buttons-is-layout-flex\">\n<div class=\"wp-block-button is-style-primary\"><a class=\"wp-block-button__link wp-element-button\" href=\"https:\/\/back-on-track.eu\/es\/grupos\/\">Act\u00edvate<\/a><\/div>\n<\/div>\n\n\n\n<h3 class=\"wp-block-heading\">\u00a1Ap\u00f3yenos!<\/h3>\n\n\n\n<p>\u00bfPrefiere apoyarnos econ\u00f3micamente?<br>Utilice nuestra cuenta<br><strong><strong>IBAN:\u00a0BE58 8939 4419 9479<\/strong><br><strong>BIC:<\/strong>\u00a0<strong>VDSPBE91<\/strong>\u00a0(vdk bank)<\/strong><br>con el titular: \u00ab<em>Back-on-Track Europe AISBL<\/em>\u201d<\/p>\n\n\n\n<h3 class=\"wp-block-heading\">\u00a1Preg\u00fantenos!<\/h3>\n\n\n\n<p><strong>Nuestra direcci\u00f3n de correo oficial:<\/strong><br>Back-on-Track Europe AISBL<br>Av. Britsiers 18 \/ Britsierslaan 18<br>1030 Bruxelles \/ Brussel<br>B\u00c9LGICA<\/p>\n\n\n\n<div class=\"nv-cv-m wp-block-buttons is-layout-flex wp-block-buttons-is-layout-flex\">\n<div class=\"wp-block-button is-style-primary\"><a class=\"wp-block-button__link wp-element-button\">Env\u00edenos un E-mail<\/a><\/div>\n<\/div>\n\n\n\n<p><\/p>\n","protected":false},"excerpt":{"rendered":"<p>Hacemos campa\u00f1a por m\u00e1s #trenesnocturnos, mejores, asequibles, de larga distancia y transfronterizos en Europa. \u00bfPor qu\u00e9? Porque estamos convencidos de que los trenes nocturnos no solo podr\u00edan ser una forma moderna, c\u00f3moda y relajada de viajar, sino tambi\u00e9n una soluci\u00f3n importante para reducir hasta un 3% la contribuci\u00f3n de la UE al calentamiento global, sobre&hellip;&nbsp;<a href=\"https:\/\/back-on-track.eu\/es\/quienes-somos\/\" rel=\"bookmark\">Read More &raquo;<span class=\"screen-reader-text\">QUI\u00c9NES SOMOS<\/span><\/a><\/p>\n","protected":false},"author":10,"featured_media":0,"parent":0,"menu_order":0,"comment_status":"closed","ping_status":"closed","template":"","meta":{"_acf_changed":false,"inline_featured_image":false,"neve_meta_sidebar":"right","neve_meta_container":"","neve_meta_enable_content_width":"on","neve_meta_content_width":70,"neve_meta_title_alignment":"","neve_meta_author_avatar":"","neve_post_elements_order":"","neve_meta_disable_header":"","neve_meta_disable_footer":"","neve_meta_disable_title":"","neve_meta_reading_time":"","_themeisle_gutenberg_block_has_review":false,"_ti_tpc_template_sync":false,"_ti_tpc_template_id":"","footnotes":""},"class_list":["post-10023","page","type-page","status-publish","hentry"],"acf":[],"_links":{"self":[{"href":"https:\/\/back-on-track.eu\/es\/wp-json\/wp\/v2\/pages\/10023","targetHints":{"allow":["GET"]}}],"collection":[{"href":"https:\/\/back-on-track.eu\/es\/wp-json\/wp\/v2\/pages"}],"about":[{"href":"https:\/\/back-on-track.eu\/es\/wp-json\/wp\/v2\/types\/page"}],"author":[{"embeddable":true,"href":"https:\/\/back-on-track.eu\/es\/wp-json\/wp\/v2\/users\/10"}],"replies":[{"embeddable":true,"href":"https:\/\/back-on-track.eu\/es\/wp-json\/wp\/v2\/comments?post=10023"}],"version-history":[{"count":22,"href":"https:\/\/back-on-track.eu\/es\/wp-json\/wp\/v2\/pages\/10023\/revisions"}],"predecessor-version":[{"id":37107,"href":"https:\/\/back-on-track.eu\/es\/wp-json\/wp\/v2\/pages\/10023\/revisions\/37107"}],"wp:attachment":[{"href":"https:\/\/back-on-track.eu\/es\/wp-json\/wp\/v2\/media?parent=10023"}],"curies":[{"name":"wp","href":"https:\/\/api.w.org\/{rel}","templated":true}]}}