{"id":10875,"date":"2023-03-12T01:24:48","date_gmt":"2023-03-12T00:24:48","guid":{"rendered":"https:\/\/back-on-track.eu\/?page_id=10875"},"modified":"2023-06-13T22:25:41","modified_gmt":"2023-06-13T20:25:41","slug":"howto-booking-cross-border-rail-tickets-in-europe","status":"publish","type":"page","link":"https:\/\/back-on-track.eu\/es\/howto-booking-cross-border-rail-tickets-in-europe\/","title":{"rendered":"He aqu\u00ed c\u00f3mo: Reservar billetes para trenes nocturnos en Europa"},"content":{"rendered":"\n<figure class=\"wp-block-image size-full is-resized\"><a href=\"https:\/\/back-on-track.eu\/wp-content\/uploads\/2023\/06\/Trenhotel-Lisboa.jpeg\"><img loading=\"lazy\" decoding=\"async\" src=\"https:\/\/back-on-track.eu\/wp-content\/uploads\/2023\/06\/Trenhotel-Lisboa.jpeg\" alt=\"\" class=\"wp-image-12435\" width=\"1090\" height=\"613\" srcset=\"https:\/\/back-on-track.eu\/wp-content\/uploads\/2023\/06\/Trenhotel-Lisboa.jpeg 923w, https:\/\/back-on-track.eu\/wp-content\/uploads\/2023\/06\/Trenhotel-Lisboa-300x169.jpeg 300w, https:\/\/back-on-track.eu\/wp-content\/uploads\/2023\/06\/Trenhotel-Lisboa-768x432.jpeg 768w\" sizes=\"auto, (max-width: 1090px) 100vw, 1090px\" \/><\/a><\/figure>\n\n\n\n<p> <\/p>\n\n\n\n<h2 class=\"wp-block-heading\">1. Buscar una conexi\u00f3n<\/h2>\n\n\n\n<p>\u00bfPor d\u00f3nde circulan actualmente los trenes nocturnos? &#8211; Para ello, Back-on-Track Alemania ha creado un <a href=\"https:\/\/back-on-track.eu\/night-train-map\/\">mapa de la red europea de rutas<\/a> y lo mantiene actualizado. Se incluyen todos los destinos con servicio regular y las estaciones importantes (hay muchas m\u00e1s paradas).<br>Puede encontrar una conexi\u00f3n de A a B a trav\u00e9s de <a href=\"https:\/\/www.bahn.de\/es\">bahn.de<\/a>, donde se incluyen casi todos los horarios europeos. Sin embargo, el sistema no busca espec\u00edficamente trenes nocturnos, por lo que es mejor desmarcar la opci\u00f3n \u00abmostrar conexiones m\u00e1s r\u00e1pidas\u00bb.<\/p>\n\n\n\n<h2 class=\"wp-block-heading\">2. recibir propinas<\/h2>\n\n\n\n<p><a href=\"https:\/\/www.seat61.com\/\">The Man in Seat 61<\/a> ofrece una extensa p\u00e1gina con fotos y descripciones de muchos trenes nocturnos y tipos de compartimentos.<\/p>\n\n\n\n<p>Nuestra iniciativa Back-on-Track hace campa\u00f1a para que los trenes nocturnos recorran m\u00e1s de 1.500 km en el futuro. Ya hoy se pueden combinar largas distancias, por ejemplo de Alemania o Viena a Mil\u00e1n, Venecia o Roma, y la noche siguiente a Sicilia (con viaje en ferry incluido). <\/p>\n\n\n\n<p>Tambi\u00e9n puede encontrar ayuda en <a href=\"https:\/\/rail.cc\/es\/tren-nocturno\">rail.cc<\/a>, una wiki y un foro dedicados a los viajes en tren por todo el mundo. El soporte est\u00e1 disponible en varios idiomas y a menudo se pueden resolver incluso las preguntas y problemas m\u00e1s oscuros.<\/p>\n\n\n\n<h2 class=\"wp-block-heading\">3. Reservar un tren<\/h2>\n\n\n\n<p>\u00d6BB recibe regularmente consultas sobre si su <a href=\"https:\/\/shop.oebbtickets.at\/en\/ticket\">sistema de reservas<\/a> est\u00e1 averiado. Detr\u00e1s de esto, sin embargo, hay un problema completamente diferente: las literas y coches cama del Nightjet suelen estar totalmente reservados, a menudo con mucha antelaci\u00f3n. Aqu\u00ed es donde entra en juego el billete confort \u00d6BB, que puede cancelarse gratuitamente hasta 15 d\u00edas antes de la salida (despu\u00e9s: 50% hasta 1 d\u00eda antes de la salida). Su conexi\u00f3n deseada est\u00e1 disponible &#8211; \u00a1res\u00e9rvela! Por otro lado, es posible que vuelvan a quedar plazas disponibles debido a cancelaciones, as\u00ed que no deje de comprobarlo.<\/p>\n\n\n\n<p>Reservar otros trenes: Nuestro <a href=\"https:\/\/back-on-track.eu\/night-train-map\/\">mapa de trenes nocturnos<\/a> menciona los sitios web de los operadores.<\/p>\n\n\n\n<h2 class=\"wp-block-heading\">4. M\u00e1s consejos<\/h2>\n\n\n\n<ul class=\"wp-block-list\">\n<li>Para las conexiones con Suecia, <strong>SJ<\/strong> tiene una aplicaci\u00f3n muy ejemplar y tambi\u00e9n ofrece billetes para el competidor Sn\u00e4llt\u00e5get. Para continuar el viaje dentro de Suecia, reserva lo m\u00e1s lejos posible de la estaci\u00f3n final, tambi\u00e9n por los derechos de los pasajeros en las conexiones.<\/li>\n\n\n\n<li><strong>Trenitalia<\/strong>: Incluso los billetes (Super)Economy no cancelables pueden reembolsarse hasta el 90% si se a\u00f1ade la correspondiente \u00abOpzione tiRimborso\u00bb por 1\u20ac\/2\u20ac.<\/li>\n\n\n\n<li>Los pases <strong>Interrail\/Eurail<\/strong> se reconocen en estas conexiones y tambi\u00e9n est\u00e1n disponibles para adultos, las reservas se pagan aparte. Especialmente en el Nightjet, resultan precios justos: aprox. 34 euros (litera de 6 plazas), 44 euros (litera de 4 plazas), 52 euros (litera de 3 plazas), 72 euros (litera de 3 plazas), etc., aqu\u00ed se puede seleccionar Interrail\/Eurail en descuentos, en SJ en \u00abA\u00f1adir SJ Prio\/billete peri\u00f3dico\u00bb (introduzca cualquier n\u00famero para consultar precios). Con Trenitalia, la reserva directa por separado suele ser m\u00e1s barata; la consulta de precios en el sistema de reservas de Interrail da el precio comparativo.<\/li>\n\n\n\n<li>No podemos recomendar portales de reservas comerciales como Trainline y Omio, ya que faltan muchas conexiones y a veces s\u00f3lo se venden plazas en el tren nocturno.<\/li>\n<\/ul>\n","protected":false},"excerpt":{"rendered":"<p>1. Buscar una conexi\u00f3n \u00bfPor d\u00f3nde circulan actualmente los trenes nocturnos? &#8211; Para ello, Back-on-Track Alemania ha creado un mapa de la red europea de rutas y lo mantiene actualizado. Se incluyen todos los destinos con servicio regular y las estaciones importantes (hay muchas m\u00e1s paradas).Puede encontrar una conexi\u00f3n de A a B a trav\u00e9s&hellip;&nbsp;<a href=\"https:\/\/back-on-track.eu\/es\/howto-booking-cross-border-rail-tickets-in-europe\/\" rel=\"bookmark\">Read More &raquo;<span class=\"screen-reader-text\">He aqu\u00ed c\u00f3mo: Reservar billetes para trenes nocturnos en Europa<\/span><\/a><\/p>\n","protected":false},"author":10,"featured_media":12435,"parent":0,"menu_order":0,"comment_status":"closed","ping_status":"closed","template":"","meta":{"_acf_changed":false,"inline_featured_image":false,"neve_meta_sidebar":"","neve_meta_container":"","neve_meta_enable_content_width":"","neve_meta_content_width":0,"neve_meta_title_alignment":"","neve_meta_author_avatar":"","neve_post_elements_order":"","neve_meta_disable_header":"","neve_meta_disable_footer":"","neve_meta_disable_title":"","neve_meta_reading_time":"","_themeisle_gutenberg_block_has_review":false,"_ti_tpc_template_sync":false,"_ti_tpc_template_id":"","footnotes":""},"class_list":["post-10875","page","type-page","status-publish","has-post-thumbnail","hentry"],"acf":[],"_links":{"self":[{"href":"https:\/\/back-on-track.eu\/es\/wp-json\/wp\/v2\/pages\/10875","targetHints":{"allow":["GET"]}}],"collection":[{"href":"https:\/\/back-on-track.eu\/es\/wp-json\/wp\/v2\/pages"}],"about":[{"href":"https:\/\/back-on-track.eu\/es\/wp-json\/wp\/v2\/types\/page"}],"author":[{"embeddable":true,"href":"https:\/\/back-on-track.eu\/es\/wp-json\/wp\/v2\/users\/10"}],"replies":[{"embeddable":true,"href":"https:\/\/back-on-track.eu\/es\/wp-json\/wp\/v2\/comments?post=10875"}],"version-history":[{"count":9,"href":"https:\/\/back-on-track.eu\/es\/wp-json\/wp\/v2\/pages\/10875\/revisions"}],"predecessor-version":[{"id":12443,"href":"https:\/\/back-on-track.eu\/es\/wp-json\/wp\/v2\/pages\/10875\/revisions\/12443"}],"wp:featuredmedia":[{"embeddable":true,"href":"https:\/\/back-on-track.eu\/es\/wp-json\/wp\/v2\/media\/12435"}],"wp:attachment":[{"href":"https:\/\/back-on-track.eu\/es\/wp-json\/wp\/v2\/media?parent=10875"}],"curies":[{"name":"wp","href":"https:\/\/api.w.org\/{rel}","templated":true}]}}