{"id":7881,"date":"2022-09-09T10:25:42","date_gmt":"2022-09-09T08:25:42","guid":{"rendered":"https:\/\/back-on-track.eu\/france\/"},"modified":"2025-05-15T18:38:16","modified_gmt":"2025-05-15T16:38:16","slug":"france","status":"publish","type":"page","link":"https:\/\/back-on-track.eu\/fr\/france\/","title":{"rendered":"Oui au train de nuit !"},"content":{"rendered":"\n<p>Oui au train de nuit est un collectif d&rsquo;usagers et d&rsquo;associations environnementales mobilis\u00e9s pour la renaissance des trains de nuit Intercit\u00e9s et pour une transition vers une mobilit\u00e9 plus respectueuse de l&rsquo;environnement. Le collectif enqu\u00eate sur les dysfonctionnements et le potentiel des trains de nuit, coordonne des actions et interpelle les d\u00e9cideurs \u00e0 travers un travail exclusivement b\u00e9n\u00e9vole. Le b\u00e9n\u00e9volat permet d&rsquo;offrir une vision originale et ind\u00e9pendante des pouvoirs financiers et politiques \u00e0 l&rsquo;heure o\u00f9 des int\u00e9r\u00eats contradictoires font d\u00e9river les choix de soci\u00e9t\u00e9 vers des solutions co\u00fbteuses et polluantes.<\/p>\n\n\n\n<figure class=\"wp-block-image size-full\"><a href=\"https:\/\/back-on-track.eu\/wp-content\/uploads\/2022\/09\/lettres_lumineuses_paris_train_de_nuitdef_0.jpeg\"><img decoding=\"async\" src=\"https:\/\/back-on-track.eu\/wp-content\/uploads\/2022\/09\/lettres_lumineuses_paris_train_de_nuitdef_0.jpeg\" alt=\"\" class=\"wp-image-7388\"\/><\/a><\/figure>\n\n\n\n<p><strong>Implique-toi !<\/strong><br>Remplis le formulaire ci-dessous : nous traiterons ta demande d\u2019adh\u00e9sion \u00e0 notre groupe fran\u00e7ais et te fournirons davantage d\u2019informations sur les groupes locaux, les t\u00e2ches en cours et les listes de discussion (en fran\u00e7ais). Tu seras ainsi enregistr\u00e9 comme membre du groupe fran\u00e7ais dans la base de donn\u00e9es du r\u00e9seau europ\u00e9en <strong>Back-on-Track<\/strong>, et tu seras ajout\u00e9 \u00e0 la liste de diffusion europ\u00e9enne en anglais (tu pourras t\u2019en d\u00e9sinscrire \u00e0 tout moment).<\/p>\n\n\n\n<p>Tu peux aussi rejoindre directement l\u2019un des groupes locaux sans adh\u00e9rer au r\u00e9seau Back-on-Track, <a href=\"https:\/\/ouiautraindenuit.wordpress.com\/2022\/04\/02\/participer\/\">en cliquant ici<\/a>.<\/p>\n\n\n\n<div class=\"wp-block-contact-form-7-contact-form-selector\">\n<div class=\"wpcf7 no-js\" id=\"wpcf7-f33516-o1\" lang=\"en-US\" dir=\"ltr\" data-wpcf7-id=\"33516\">\n<div class=\"screen-reader-response\"><p role=\"status\" aria-live=\"polite\" aria-atomic=\"true\"><\/p> <ul><\/ul><\/div>\n<form action=\"\/fr\/wp-json\/wp\/v2\/pages\/7881#wpcf7-f33516-o1\" method=\"post\" class=\"wpcf7-form init\" aria-label=\"Contact form\" novalidate=\"novalidate\" data-status=\"init\">\n<fieldset class=\"hidden-fields-container\"><input type=\"hidden\" name=\"_wpcf7\" value=\"33516\" \/><input type=\"hidden\" name=\"_wpcf7_version\" value=\"6.1.5\" \/><input type=\"hidden\" name=\"_wpcf7_locale\" value=\"en_US\" \/><input type=\"hidden\" name=\"_wpcf7_unit_tag\" value=\"wpcf7-f33516-o1\" \/><input type=\"hidden\" name=\"_wpcf7_container_post\" value=\"0\" \/><input type=\"hidden\" name=\"_wpcf7_posted_data_hash\" value=\"\" \/><input type=\"hidden\" name=\"_wpcf7cf_hidden_group_fields\" value=\"[]\" \/><input type=\"hidden\" name=\"_wpcf7cf_hidden_groups\" value=\"[]\" \/><input type=\"hidden\" name=\"_wpcf7cf_visible_groups\" value=\"[]\" \/><input type=\"hidden\" name=\"_wpcf7cf_repeaters\" value=\"[]\" \/><input type=\"hidden\" name=\"_wpcf7cf_steps\" value=\"{}\" \/><input type=\"hidden\" name=\"_wpcf7cf_options\" value=\"{&quot;form_id&quot;:33516,&quot;conditions&quot;:[],&quot;settings&quot;:{&quot;animation&quot;:&quot;yes&quot;,&quot;animation_intime&quot;:200,&quot;animation_outtime&quot;:200,&quot;conditions_ui&quot;:&quot;normal&quot;,&quot;notice_dismissed&quot;:false,&quot;repeater_remove_button&quot;:&quot;bottom&quot;,&quot;notice_dismissed_rollback-cf7-5.9.2&quot;:true}}\" \/>\n<\/fieldset>\n<p><b>Oui, je souhaite adh\u00e9rer \u00e0 Oui au Train de nuit :<\/b>\n<\/p>\n<input class=\"wpcf7-form-control wpcf7-hidden\" value=\"1\" type=\"hidden\" name=\"your-contact_type\" \/>\n<input class=\"wpcf7-form-control wpcf7-hidden\" value=\"Demande d&#039;adh\u00e9sion au groupe fran\u00e7ais\" type=\"hidden\" name=\"your-subject\" \/>\n<input class=\"wpcf7-form-control wpcf7-hidden\" value=\"Undisclosed\" type=\"hidden\" name=\"your-name\" \/>\n<p>Ton pr\u00e9nom*\n<\/p>\n<p><span class=\"wpcf7-form-control-wrap\" data-name=\"your-firstname\"><input size=\"40\" maxlength=\"400\" class=\"wpcf7-form-control wpcf7-text wpcf7-validates-as-required\" aria-required=\"true\" aria-invalid=\"false\" value=\"\" type=\"text\" name=\"your-firstname\" \/><\/span>\n<\/p>\n<p>Ton nom de famille*\n<\/p>\n<p><span class=\"wpcf7-form-control-wrap\" data-name=\"your-lastname\"><input size=\"40\" maxlength=\"400\" class=\"wpcf7-form-control wpcf7-text wpcf7-validates-as-required\" aria-required=\"true\" aria-invalid=\"false\" value=\"\" type=\"text\" name=\"your-lastname\" \/><\/span>\n<\/p>\n<p>Ton e-mail*\n<\/p>\n<p><span class=\"wpcf7-form-control-wrap\" data-name=\"your-email\"><input size=\"40\" maxlength=\"400\" class=\"wpcf7-form-control wpcf7-email wpcf7-validates-as-required wpcf7-text wpcf7-validates-as-email\" aria-required=\"true\" aria-invalid=\"false\" value=\"\" type=\"email\" name=\"your-email\" \/><\/span>\n<\/p>\n<p>Ton code postal*\n<\/p>\n<p><span class=\"wpcf7-form-control-wrap\" data-name=\"your-homeaddress_postcode\"><input size=\"40\" maxlength=\"400\" class=\"wpcf7-form-control wpcf7-text wpcf7-validates-as-required\" aria-required=\"true\" aria-invalid=\"false\" value=\"\" type=\"text\" name=\"your-homeaddress_postcode\" \/><\/span>\n<\/p>\n<p>Ton num\u00e9ro de t\u00e9l\u00e9phone\n<\/p>\n<p><span class=\"wpcf7-form-control-wrap\" data-name=\"your-phone\"><input size=\"40\" maxlength=\"400\" class=\"wpcf7-form-control wpcf7-tel wpcf7-text wpcf7-validates-as-tel\" aria-invalid=\"false\" value=\"\" type=\"tel\" name=\"your-phone\" \/><\/span>\n<\/p>\n<p><span class=\"wpcf7-form-control-wrap\" data-name=\"your-consent\"><span class=\"wpcf7-form-control wpcf7-acceptance\"><span class=\"wpcf7-list-item\"><label><input type=\"checkbox\" name=\"your-consent\" value=\"1\" aria-invalid=\"false\" \/><span class=\"wpcf7-list-item-label\">J'accepte que mes donn\u00e9es soient trait\u00e9es dans la base de donn\u00e9es des membres du r\u00e9seau Back-in-Track.eu.*<\/span><\/label><\/span><\/span><\/span>\n<\/p>\n<p>* = Information obligatoire\n<\/p>\n<p><input class=\"wpcf7-form-control wpcf7-submit has-spinner\" type=\"submit\" value=\"Envoyer\" \/>\n<\/p><p style=\"display: none !important;\" class=\"akismet-fields-container\" data-prefix=\"_wpcf7_ak_\"><label>&#916;<textarea name=\"_wpcf7_ak_hp_textarea\" cols=\"45\" rows=\"8\" maxlength=\"100\"><\/textarea><\/label><input type=\"hidden\" id=\"ak_js_1\" name=\"_wpcf7_ak_js\" value=\"221\"\/><script>\ndocument.getElementById( \"ak_js_1\" ).setAttribute( \"value\", ( new Date() ).getTime() );\n<\/script>\n<\/p><div class=\"wpcf7-response-output\" aria-hidden=\"true\"><\/div>\n<\/form>\n<\/div>\n<\/div>\n","protected":false},"excerpt":{"rendered":"<p>Oui au train de nuit est un collectif d&rsquo;usagers et d&rsquo;associations environnementales mobilis\u00e9s pour la renaissance des trains de nuit Intercit\u00e9s et pour une transition vers une mobilit\u00e9 plus respectueuse de l&rsquo;environnement. Le collectif enqu\u00eate sur les dysfonctionnements et le potentiel des trains de nuit, coordonne des actions et interpelle les d\u00e9cideurs \u00e0 travers un&hellip;&nbsp;<a href=\"https:\/\/back-on-track.eu\/fr\/france\/\" rel=\"bookmark\">Read More &raquo;<span class=\"screen-reader-text\">Oui au train de nuit !<\/span><\/a><\/p>\n","protected":false},"author":10,"featured_media":0,"parent":0,"menu_order":0,"comment_status":"closed","ping_status":"closed","template":"","meta":{"_acf_changed":false,"inline_featured_image":false,"neve_meta_sidebar":"","neve_meta_container":"contained","neve_meta_enable_content_width":"on","neve_meta_content_width":70,"neve_meta_title_alignment":"","neve_meta_author_avatar":"","neve_post_elements_order":"","neve_meta_disable_header":"","neve_meta_disable_footer":"","neve_meta_disable_title":"","neve_meta_reading_time":"","_themeisle_gutenberg_block_has_review":false,"_ti_tpc_template_sync":false,"_ti_tpc_template_id":"","footnotes":""},"class_list":["post-7881","page","type-page","status-publish","hentry"],"acf":[],"_links":{"self":[{"href":"https:\/\/back-on-track.eu\/fr\/wp-json\/wp\/v2\/pages\/7881","targetHints":{"allow":["GET"]}}],"collection":[{"href":"https:\/\/back-on-track.eu\/fr\/wp-json\/wp\/v2\/pages"}],"about":[{"href":"https:\/\/back-on-track.eu\/fr\/wp-json\/wp\/v2\/types\/page"}],"author":[{"embeddable":true,"href":"https:\/\/back-on-track.eu\/fr\/wp-json\/wp\/v2\/users\/10"}],"replies":[{"embeddable":true,"href":"https:\/\/back-on-track.eu\/fr\/wp-json\/wp\/v2\/comments?post=7881"}],"version-history":[{"count":7,"href":"https:\/\/back-on-track.eu\/fr\/wp-json\/wp\/v2\/pages\/7881\/revisions"}],"predecessor-version":[{"id":33552,"href":"https:\/\/back-on-track.eu\/fr\/wp-json\/wp\/v2\/pages\/7881\/revisions\/33552"}],"wp:attachment":[{"href":"https:\/\/back-on-track.eu\/fr\/wp-json\/wp\/v2\/media?parent=7881"}],"curies":[{"name":"wp","href":"https:\/\/api.w.org\/{rel}","templated":true}]}}