{"id":7894,"date":"2018-10-19T13:59:11","date_gmt":"2018-10-19T11:59:11","guid":{"rendered":"https:\/\/back-on-track.eu\/ueber-uns\/"},"modified":"2025-12-08T20:02:43","modified_gmt":"2025-12-08T19:02:43","slug":"about","status":"publish","type":"page","link":"https:\/\/back-on-track.eu\/fr\/about\/","title":{"rendered":"\u00c0 PROPOS DE NOUS"},"content":{"rendered":"\n<p>Nous faisons campagne pour des <strong>#trains de nuit<\/strong> plus nombreux, de meilleure qualit\u00e9, abordables, longue distance et transfrontaliers en Europe. Pourquoi ? Parce que nous sommes convaincus que les trains de nuit pourraient non seulement \u00eatre un moyen moderne, confortable et d\u00e9tendu de voyager, mais aussi une solution importante pour r\u00e9duire les contributions de l&rsquo;UE au r\u00e9chauffement climatique jusqu&rsquo;\u00e0 <strong>#3pourcentSurNuit<\/strong>, notamment en rempla\u00e7ant les vols court et moyen-courriers. En <a href=\"https:\/\/back-on-track.eu\/about-back-on-track\/\">savoir plus sur qui nous sommes et ce que nous voulons<\/a><strong> (d\u00e9claration de mission<\/strong>).<\/p>\n\n\n\n<h3 class=\"wp-block-heading\">Rejoins-nous !<\/h3>\n\n\n\n<figure class=\"wp-block-gallery has-nested-images columns-default is-cropped wp-block-gallery-1 is-layout-flex wp-block-gallery-is-layout-flex\">\n<figure class=\"wp-block-image size-large\"><a href=\"https:\/\/back-on-track.eu\/wp-content\/uploads\/2022\/10\/150916_B-o-T_BE_Gilkinet.jpg\"><img loading=\"lazy\" decoding=\"async\" width=\"800\" height=\"450\" data-id=\"8814\" src=\"https:\/\/back-on-track.eu\/wp-content\/uploads\/2022\/10\/150916_B-o-T_BE_Gilkinet.jpg\" alt=\"\" class=\"wp-image-8814\" srcset=\"https:\/\/back-on-track.eu\/wp-content\/uploads\/2022\/10\/150916_B-o-T_BE_Gilkinet.jpg 800w, https:\/\/back-on-track.eu\/wp-content\/uploads\/2022\/10\/150916_B-o-T_BE_Gilkinet-300x169.jpg 300w, https:\/\/back-on-track.eu\/wp-content\/uploads\/2022\/10\/150916_B-o-T_BE_Gilkinet-768x432.jpg 768w\" sizes=\"auto, (max-width: 800px) 100vw, 800px\" \/><\/a><figcaption class=\"wp-element-caption\">Travail de lobbying<\/figcaption><\/figure>\n\n\n\n<figure class=\"wp-block-image size-large is-style-default\"><a href=\"https:\/\/back-on-track.eu\/wp-content\/uploads\/2022\/09\/ghg_by_means_1200.jpg\"><img loading=\"lazy\" decoding=\"async\" width=\"1024\" height=\"576\" data-id=\"8477\" src=\"https:\/\/back-on-track.eu\/wp-content\/uploads\/2022\/09\/ghg_by_means_1200-1024x576.jpg\" alt=\"\" class=\"wp-image-8477\" srcset=\"https:\/\/back-on-track.eu\/wp-content\/uploads\/2022\/09\/ghg_by_means_1200-1024x576.jpg 1024w, https:\/\/back-on-track.eu\/wp-content\/uploads\/2022\/09\/ghg_by_means_1200-300x169.jpg 300w, https:\/\/back-on-track.eu\/wp-content\/uploads\/2022\/09\/ghg_by_means_1200-768x432.jpg 768w, https:\/\/back-on-track.eu\/wp-content\/uploads\/2022\/09\/ghg_by_means_1200.jpg 1200w\" sizes=\"auto, (max-width: 1024px) 100vw, 1024px\" \/><\/a><figcaption class=\"wp-element-caption\">Recherche<\/figcaption><\/figure>\n\n\n\n<figure class=\"wp-block-image size-large\"><a href=\"https:\/\/back-on-track.eu\/wp-content\/uploads\/2022\/09\/cf0153_5824439dd2c84ccba2d76ee87c334cdamv2.jpeg\"><img loading=\"lazy\" decoding=\"async\" width=\"1024\" height=\"1024\" data-id=\"8643\" src=\"https:\/\/back-on-track.eu\/wp-content\/uploads\/2022\/09\/cf0153_5824439dd2c84ccba2d76ee87c334cdamv2-1024x1024.jpeg\" alt=\"\" class=\"wp-image-8643\" srcset=\"https:\/\/back-on-track.eu\/wp-content\/uploads\/2022\/09\/cf0153_5824439dd2c84ccba2d76ee87c334cdamv2-1024x1024.jpeg 1024w, https:\/\/back-on-track.eu\/wp-content\/uploads\/2022\/09\/cf0153_5824439dd2c84ccba2d76ee87c334cdamv2-300x300.jpeg 300w, https:\/\/back-on-track.eu\/wp-content\/uploads\/2022\/09\/cf0153_5824439dd2c84ccba2d76ee87c334cdamv2-150x150.jpeg 150w, https:\/\/back-on-track.eu\/wp-content\/uploads\/2022\/09\/cf0153_5824439dd2c84ccba2d76ee87c334cdamv2-768x768.jpeg 768w, https:\/\/back-on-track.eu\/wp-content\/uploads\/2022\/09\/cf0153_5824439dd2c84ccba2d76ee87c334cdamv2.jpeg 1049w\" sizes=\"auto, (max-width: 1024px) 100vw, 1024px\" \/><\/a><figcaption class=\"wp-element-caption\">Publicit\u00e9<\/figcaption><\/figure>\n\n\n\n<figure class=\"wp-block-image size-large\"><a href=\"https:\/\/back-on-track.eu\/wp-content\/uploads\/2022\/07\/2022-06-02-ccccce-cerbere-img_20220702_095224.jpeg\"><img loading=\"lazy\" decoding=\"async\" width=\"512\" height=\"288\" data-id=\"8589\" src=\"https:\/\/back-on-track.eu\/wp-content\/uploads\/2022\/07\/2022-06-02-ccccce-cerbere-img_20220702_095224.jpeg\" alt=\"\" class=\"wp-image-8589\" srcset=\"https:\/\/back-on-track.eu\/wp-content\/uploads\/2022\/07\/2022-06-02-ccccce-cerbere-img_20220702_095224.jpeg 512w, https:\/\/back-on-track.eu\/wp-content\/uploads\/2022\/07\/2022-06-02-ccccce-cerbere-img_20220702_095224-300x169.jpeg 300w\" sizes=\"auto, (max-width: 512px) 100vw, 512px\" \/><\/a><figcaption class=\"wp-element-caption\">Actions<\/figcaption><\/figure>\n<\/figure>\n\n\n\n<p>Si tu souhaites soutenir nos objectifs, rejoins-nous. Nous sommes un <strong>r\u00e9seau<\/strong> europ\u00e9en <strong>de b\u00e9n\u00e9voles<\/strong>. Dans certains pays, nous coop\u00e9rons avec des organisations qui font activement campagne pour les trains de nuit ; dans d&rsquo;autres, nous avons organis\u00e9 des groupes nationaux ou locaux. Si tu travailles dans un groupe local, tu peux toujours aussi travailler au niveau europ\u00e9en (si tu te sens \u00e0 l&rsquo;aise en anglais) :<\/p>\n\n\n\n<div class=\"wp-block-buttons is-layout-flex wp-block-buttons-is-layout-flex\">\n<div class=\"wp-block-button has-custom-width wp-block-button__width-50\"><a class=\"wp-block-button__link has-neve-link-color-background-color has-background wp-element-button\" href=\"https:\/\/back-on-track.eu\/fr\/groupes\/\" style=\"border-radius:100px\">Deviens actif<\/a><\/div>\n<\/div>\n\n\n\n<h3 class=\"wp-block-heading\">Soutiens-nous !<\/h3>\n\n\n\n<p>Tu souhaites plut\u00f4t nous soutenir financi\u00e8rement ? <br>Utilise notre compte <br><strong>IBAN:\u00a0BE58 8939 4419 9479<\/strong><br><strong>BIC:<\/strong>\u00a0<strong>VDSPBE91<\/strong>\u00a0(vdk bank)<br>avec le titulaire :<em>\u00ab\u00a0<em>Back-on-Track Europe AISBL<\/em><\/em>\u00a0\u00bb <\/p>\n\n\n\n<h3 class=\"wp-block-heading\">Contacte-nous !<\/h3>\n\n\n\n<p><strong>Notre adresse postale officielle : <\/strong><br>Back-on-Track Europe AISBL<br>Av. Britsiers 18 \/ Britsierslaan 18<br>1030 Bruxelles \/ Brussel<br>Belgique<\/p>\n\n\n\n<div class=\"nv-cv-m wp-block-buttons is-layout-flex wp-block-buttons-is-layout-flex\">\n<div class=\"wp-block-button has-custom-width wp-block-button__width-25\"><a class=\"wp-block-button__link has-nv-site-bg-color has-neve-link-color-background-color has-text-color has-background wp-element-button\" href=\"https:\/\/back-on-track.eu\/contact\/\" style=\"border-radius:100px\">\u00c9cris-nous<\/a><\/div>\n<\/div>\n","protected":false},"excerpt":{"rendered":"<p>Nous faisons campagne pour des #trains de nuit plus nombreux, de meilleure qualit\u00e9, abordables, longue distance et transfrontaliers en Europe. Pourquoi ? Parce que nous sommes convaincus que les trains de nuit pourraient non seulement \u00eatre un moyen moderne, confortable et d\u00e9tendu de voyager, mais aussi une solution importante pour r\u00e9duire les contributions de l&rsquo;UE&hellip;&nbsp;<a href=\"https:\/\/back-on-track.eu\/fr\/about\/\" rel=\"bookmark\">Read More &raquo;<span class=\"screen-reader-text\">\u00c0 PROPOS DE NOUS<\/span><\/a><\/p>\n","protected":false},"author":3,"featured_media":0,"parent":0,"menu_order":0,"comment_status":"closed","ping_status":"closed","template":"","meta":{"_acf_changed":false,"inline_featured_image":false,"neve_meta_sidebar":"right","neve_meta_container":"contained","neve_meta_enable_content_width":"on","neve_meta_content_width":70,"neve_meta_title_alignment":"","neve_meta_author_avatar":"","neve_post_elements_order":"","neve_meta_disable_header":"","neve_meta_disable_footer":"","neve_meta_disable_title":"","neve_meta_reading_time":"","_themeisle_gutenberg_block_has_review":false,"_ti_tpc_template_sync":false,"_ti_tpc_template_id":"","footnotes":""},"class_list":["post-7894","page","type-page","status-publish","hentry"],"acf":[],"_links":{"self":[{"href":"https:\/\/back-on-track.eu\/fr\/wp-json\/wp\/v2\/pages\/7894","targetHints":{"allow":["GET"]}}],"collection":[{"href":"https:\/\/back-on-track.eu\/fr\/wp-json\/wp\/v2\/pages"}],"about":[{"href":"https:\/\/back-on-track.eu\/fr\/wp-json\/wp\/v2\/types\/page"}],"author":[{"embeddable":true,"href":"https:\/\/back-on-track.eu\/fr\/wp-json\/wp\/v2\/users\/3"}],"replies":[{"embeddable":true,"href":"https:\/\/back-on-track.eu\/fr\/wp-json\/wp\/v2\/comments?post=7894"}],"version-history":[{"count":16,"href":"https:\/\/back-on-track.eu\/fr\/wp-json\/wp\/v2\/pages\/7894\/revisions"}],"predecessor-version":[{"id":37099,"href":"https:\/\/back-on-track.eu\/fr\/wp-json\/wp\/v2\/pages\/7894\/revisions\/37099"}],"wp:attachment":[{"href":"https:\/\/back-on-track.eu\/fr\/wp-json\/wp\/v2\/media?parent=7894"}],"curies":[{"name":"wp","href":"https:\/\/api.w.org\/{rel}","templated":true}]}}