{"id":17708,"date":"2024-04-10T11:50:58","date_gmt":"2024-04-10T09:50:58","guid":{"rendered":"https:\/\/back-on-track.eu\/general-position-paper\/"},"modified":"2025-06-27T15:16:35","modified_gmt":"2025-06-27T13:16:35","slug":"general-position-paper","status":"publish","type":"page","link":"https:\/\/back-on-track.eu\/it\/general-position-paper\/","title":{"rendered":"Back-on-Track.eu: Perch\u00e9 abbiamo bisogno di pi\u00f9 treni notturni"},"content":{"rendered":"\n\n<p><em>Questo \u00e8 il documento di posizione generale di <strong>Back on Track Europe<\/strong>, che \u00e8 stato adottato all&#8217;unanimit\u00e0 nell&#8217;aprile 2024 e che sar\u00e0 costantemente aggiornato per riflettere le nostre posizioni comuni. \u00c8 disponibile anche in formato <a href=\"https:\/\/back-on-track.eu\/wp-content\/uploads\/2024\/04\/B-o-T-General-Position-Paper-2024-04-09.pdf\">PDF<\/a> (in lingua inglese).<\/em><br><em>Ultimo aggiornamento: aprile 2025 (con l&#8217;aggiunta di proposte concrete per procedure coordinate di OSP).<\/em><\/p>\n\n\n\n\n\n<figure class=\"wp-block-gallery has-nested-images columns-default is-cropped wp-block-gallery-1 is-layout-flex wp-block-gallery-is-layout-flex\">\n\n<figure class=\"wp-block-image size-large\"><a href=\"https:\/\/back-on-track.eu\/wp-content\/uploads\/2023\/08\/Comfort_HQ-1.jpeg\"><img loading=\"lazy\" decoding=\"async\" width=\"1024\" height=\"640\" data-id=\"13521\" src=\"https:\/\/back-on-track.eu\/wp-content\/uploads\/2023\/08\/Comfort_HQ-1-1024x640.jpeg\" alt=\"\" class=\"wp-image-13521\" srcset=\"https:\/\/back-on-track.eu\/wp-content\/uploads\/2023\/08\/Comfort_HQ-1-1024x640.jpeg 1024w, https:\/\/back-on-track.eu\/wp-content\/uploads\/2023\/08\/Comfort_HQ-1-300x188.jpeg 300w, https:\/\/back-on-track.eu\/wp-content\/uploads\/2023\/08\/Comfort_HQ-1-768x480.jpeg 768w, https:\/\/back-on-track.eu\/wp-content\/uploads\/2023\/08\/Comfort_HQ-1.jpeg 1278w\" sizes=\"auto, (max-width: 1024px) 100vw, 1024px\" \/><\/a><\/figure>\n\n\n\n\n\n<figure class=\"wp-block-image size-large\"><a href=\"https:\/\/back-on-track.eu\/wp-content\/uploads\/2023\/02\/FpKptpgXwAYJ_Jf.jpeg\"><img loading=\"lazy\" decoding=\"async\" width=\"1280\" height=\"720\" data-id=\"10139\" src=\"https:\/\/back-on-track.eu\/wp-content\/uploads\/2023\/02\/FpKptpgXwAYJ_Jf.jpeg\" alt=\"\" class=\"wp-image-10139\" srcset=\"https:\/\/back-on-track.eu\/wp-content\/uploads\/2023\/02\/FpKptpgXwAYJ_Jf.jpeg 1280w, https:\/\/back-on-track.eu\/wp-content\/uploads\/2023\/02\/FpKptpgXwAYJ_Jf-300x169.jpeg 300w\" sizes=\"auto, (max-width: 1280px) 100vw, 1280px\" \/><\/a><\/figure>\n\n\n\n\n\n<figure class=\"wp-block-image size-large\"><a href=\"https:\/\/back-on-track.eu\/wp-content\/uploads\/2023\/11\/IMG_6981-1.jpeg\"><img loading=\"lazy\" decoding=\"async\" width=\"640\" height=\"640\" data-id=\"14733\" src=\"https:\/\/back-on-track.eu\/wp-content\/uploads\/2023\/11\/IMG_6981-1.jpeg\" alt=\"\" class=\"wp-image-14733\" srcset=\"https:\/\/back-on-track.eu\/wp-content\/uploads\/2023\/11\/IMG_6981-1.jpeg 640w, https:\/\/back-on-track.eu\/wp-content\/uploads\/2023\/11\/IMG_6981-1-300x300.jpeg 300w, https:\/\/back-on-track.eu\/wp-content\/uploads\/2023\/11\/IMG_6981-1-150x150.jpeg 150w\" sizes=\"auto, (max-width: 640px) 100vw, 640px\" \/><\/a><\/figure>\n\n<\/figure>\n\n\n\n\n\n<h2 class=\"wp-block-heading has-nv-dark-bg-color has-text-color has-link-color wp-elements-4eb44227e4f92b184cc0ad7847dda7df\">Perch\u00e9 abbiamo bisogno di pi\u00f9 treni notturni:<\/h2>\n\n\n\n\n\n<p>I treni sono il mezzo di trasporto pi\u00f9 rispettoso dell&#8217;ambiente, mentre gli aerei sono il mezzo di trasporto pi\u00f9 dannoso. Nella media dell&#8217;UE nel 2019, secondo i dati dell&#8217;Agenzia Internazionale dell&#8217;Energia (AIE), le loro emissioni effettive di gas serra (GHG) sono state<a href=\"https:\/\/back-on-track.eu\/it\/potenziale-riduzione-del-riscaldamento-globale-dei-treni-notturni\/\"> 28 volte superiori<\/a> alle emissioni dei treni passeggeri a lunga percorrenza, compresi i treni notturni.<\/p>\n\n\n\n\n\n<h3 class=\"wp-block-heading\"><strong>Perch\u00e9 l&#8217;aviazione non si decarbonizzer\u00e0 in tempi brevi<\/strong><\/h3>\n\n\n\n\n\n<p>Sebbene l&#8217;industria aerea faccia regolarmente riferimento a voli &#8220;verdi&#8221;, non esiste un vero e proprio percorso che porti a questo risultato. La capacit\u00e0 di produzione di &#8220;carburanti sostenibili per l&#8217;aviazione&#8221; \u00e8 estremamente bassa e, anche se venissero utilizzati su scala pi\u00f9 ampia, il volo rimane pi\u00f9 volte pi\u00f9 dannoso per il clima rispetto al treno a causa degli<a href=\"https:\/\/www.sciencedirect.com\/science\/article\/pii\/S1352231020305689?via=ihub\"> effetti non legati al CO2<\/a>. L&#8217;idrogeno ha enormi problemi di stoccaggio e trasporto ancora irrisolti. Infine, la propulsione elettrica a batteria ha fatto qualche limitato progresso ma, anche se si ipotizza un continuo aumento della densit\u00e0 energetica delle batterie, entro il 2050 sar\u00e0 sufficiente solo per i voli a brevissima distanza (fino a 500 km), categoria in cui i treni veloci diurni, se disponibili, potrebbero facilmente competere con l&#8217;aviazione.<\/p>\n\n\n\n\n\n<h3 class=\"wp-block-heading\"><strong>Solo i treni notturni possono sostituire i voli a medio raggio<\/strong><\/h3>\n\n\n\n\n\n<p>Per la maggior parte dei voli a breve (500 &#8211; 1.500 km) e medio raggio (1.500 &#8211; 3.500 km), i treni notturni sono l&#8217;alternativa migliore, perch\u00e9 la maggior parte delle persone non \u00e8 disposta a trascorrere 6 ore o pi\u00f9 della propria giornata su un treno. Il vantaggio dei treni notturni \u00e8 la possibilit\u00e0 di dormire durante il viaggio e di coprire una distanza fino a 2.000 km, o addirittura fino a 3.000 km se combinati con l&#8217;alta velocit\u00e0. Se diffusi su scala europea come alternativa all&#8217;aereo, i treni notturni possono evitare il 3% delle emissioni climalteranti lorde dell&#8217;UE.<\/p>\n\n\n\n\n\n<h3 class=\"wp-block-heading\"><strong>L&#8217;alta velocit\u00e0 ferroviaria non \u00e8 l&#8217;unica soluzione<\/strong><\/h3>\n\n\n\n\n\n<p>La costruzione di nuove linee ferroviarie ad alta velocit\u00e0 (HSR, per velocit\u00e0 di 250 km\/h e oltre) \u00e8 costosa e ha un enorme impatto ambientale, quindi non pu\u00f2 essere la soluzione generale per il trasporto passeggeri su lunghe distanze. Laddove le linee ad alta velocit\u00e0 esistono gi\u00e0, i treni notturni dovrebbero essere in grado di sfruttarle. Ma l&#8217;estensione della rete di treni notturni non richiederebbe necessariamente un&#8217;espansione dell&#8217;HSR, se non per colmare alcune lacune. L&#8217;aggiornamento di tutte le linee principali esistenti per consentire una velocit\u00e0 da 160 a 200 km\/h (o 230 km\/h, se possibile) sarebbe sufficiente per aumentare la portata dei treni notturni a cui aspiriamo.<\/p>\n\n\n\n\n\n<h3 class=\"wp-block-heading\"><strong>Il Maglev non \u00e8 un&#8217;alternativa<\/strong><\/h3>\n\n\n\n\n\n<p>Se la costruzione di nuovi binari per l&#8217;alta velocit\u00e0 \u00e8 costosa, la costruzione di infrastrutture completamente nuove per i treni a levitazione magnetica (maglev) costerebbe ancora di pi\u00f9. La levitazione magnetica non ha alcun vantaggio in termini di velocit\u00e0 rispetto all&#8217;HSR finch\u00e9 la resistenza dell&#8217;aria non viene minimizzata da tunnel sottovuoto (&#8220;hyperloop&#8221;), cosa che finora \u00e8 stata raggiunta solo in parte in condizioni di laboratorio. Le attuali proposte di maglev servono come scusa per mettere in discussione la necessit\u00e0 di investimenti nel settore ferroviario, bloccando la decarbonizzazione del settore dei trasporti anzich\u00e9 promuoverla.<\/p>\n\n\n\n\n\n<h2 class=\"wp-block-heading has-nv-dark-bg-color has-text-color has-link-color wp-elements-787d7f64a7a95cefe32774878f9c7472\">Come ottenere pi\u00f9 treni notturni:<\/h2>\n\n\n\n\n\n<h3 class=\"wp-block-heading\"><strong>Decarbonizzare l&#8217;aviazione<\/strong><\/h3>\n\n\n\n\n\n<p>Senza contromisure, le emissioni dell&#8217;aviazione europea continueranno ad aumentare del 3% all&#8217;anno. Anche con un tasso di crescita inferiore, entro il 2040 si prevede che l&#8217;aviazione da sola emetter\u00e0 pi\u00f9 gas serra di qualsiasi altro settore, comprese le industrie energetiche. Se chiediamo un&#8217;azione immediata per migliorare le condizioni di mercato e di finanziamento dei treni notturni, non metteremo certo in pericolo l&#8217;industria aeronautica europea. Potrebbe solo contribuire a fermare l&#8217;aumento delle sue emissioni.<\/p>\n\n\n\n\n\n<h4 class=\"wp-block-heading\"><strong>Il nostro obiettivo a lungo termine:<\/strong><\/h4>\n\n\n\n\n\n<p class=\"has-nv-text-dark-bg-background-color has-background\">I treni dovrebbero essere pi\u00f9 economici degli aerei. Mentre i treni devono generare entrate fiscali per l&#8217;energia e le vendite e devono in parte rifinanziare le loro infrastrutture, il trasporto aereo \u00e8 esentato dalla maggior parte delle imposte. Questa struttura di sovvenzioni a favore dei mezzi di trasporto pi\u00f9 dannosi per il clima deve essere invertita. Ci\u00f2 pu\u00f2 essere ottenuto rendendo gli aerei meno attraenti o rendendo i treni pi\u00f9 attraenti. Noi chiediamo entrambe le cose.<\/p>\n\n\n\n\n\n<h4 class=\"wp-block-heading\"><strong>Le nostre richieste a breve termine:<\/strong><\/h4>\n\n\n\n\n\n<ol class=\"wp-block-list\">\n\n<li>L&#8217;addebito del cherosene con tutte le tasse energetiche applicabili.<\/li>\n\n\n\n\n\n<li>Reintroduzione dell&#8217;IVA sui biglietti aerei internazionali.<\/li>\n\n\n\n\n\n<li>Estendere il sistema di scambio di emissioni, includendo le emissioni e gli effetti non CO2.<\/li>\n\n\n\n\n\n<li>Accelerare il ritiro dei certificati di emissione gratuiti per le compagnie aeree.<\/li>\n\n\n\n\n\n<li>Utilizzare i guadagni aggiuntivi per costruire binari, finanziare il materiale rotabile per i treni notturni e sovvenzionarli dove necessario (vedi sezione successiva)<\/li>\n\n<\/ol>\n\n\n\n\n\n<h3 class=\"wp-block-heading\"><strong>Smettere di penalizzare ingiustamente i treni notturni<\/strong><\/h3>\n\n\n\n\n\n<h4 class=\"wp-block-heading\"><strong>Il nostro obiettivo a lungo termine:<\/strong><\/h4>\n\n\n\n\n\n<p class=\"has-nv-text-dark-bg-background-color has-background\">Il nostro obiettivo \u00e8 aumentare la quota complessiva della ferrovia nel mercato dei trasporti. Questo obiettivo potrebbe essere raggiunto in diversi modi: con una societ\u00e0 ferroviaria statale europea integrata o con un vero mercato ferroviario europeo su una rete ferroviaria statale. Tuttavia, attualmente abbiamo diversi mix nazionali con le componenti peggiori di ciascun approccio.<\/p>\n\n\n\n\n\n<h4 class=\"wp-block-heading\"><strong>Le nostre richieste a breve termine:<\/strong><\/h4>\n\n\n\n\n\n<ol start=\"6\" class=\"nv-cv-m wp-block-list\">\n\n<li>Smettere di far pagare i treni notturni come il traffico passeggeri diurno. I treni notturni (definiti come treni che offrono servizi di pernottamento e che circolano completamente nella fascia oraria compresa tra le 00:00 e le 05:00), devono essere menzionati nell&#8217;Allegato VI della Direttiva 2012\/34\/UE e devono essere definiti come un segmento di mercato obbligatorio nell&#8217;Art. 32. A causa della loro minore redditivit\u00e0 di mercato, ci\u00f2 richiederebbe che i diritti di accesso alle linee ferroviarie per i treni notturni siano ridotti ai costi diretti.<\/li>\n\n\n\n\n\n<li>Inoltre, i diritti di accesso alle linee ferroviarie dovrebbero essere temporaneamente sospesi per i treni notturni al fine di promuovere nuovi servizi, seguendo l&#8217;esempio del Belgio.<\/li>\n\n\n\n\n\n<li>L&#8217;IVA per i biglietti dei treni notturni internazionali deve essere fissata allo 0% in tutti gli Stati membri dell&#8217;UE, almeno fino a quando i voli internazionali saranno esenti da IVA.<\/li>\n\n<\/ol>\n\n\n\n\n\n<h3 class=\"wp-block-heading\"><strong>Migliorare il materiale rotabile per i treni notturni<\/strong><\/h3>\n\n\n\n\n\n<h4 class=\"wp-block-heading\"><strong>Il nostro obiettivo a lungo termine:<\/strong><\/h4>\n\n\n\n\n\n<p class=\"has-nv-text-dark-bg-background-color has-background\">Puntiamo a una rete di treni notturni moderni, attraenti e silenziosi che copra tutta l&#8217;Europa e colleghi i paesi vicini. Dovrebbe essere in grado di accogliere il potenziale di oltre 360 milioni di passeggeri all&#8217;anno che prenderebbero in considerazione i treni notturni in condizioni ragionevoli. A tal fine, abbiamo bisogno di veicoli nuovi e innovativi che migliorino la privacy e la sicurezza senza rinunciare allo spazio per l&#8217;incontro con le persone che i treni notturni avevano in passato. La struttura portante necessaria a questo scopo \u00e8 costituita da circa 20.000 carrozze (o gruppi di carrozze) con locomotiva, costruite per distanze fino a 1.500 chilometri o pi\u00f9 e velocit\u00e0 fino a 250 km\/h. Per utilizzare le linee ad alta velocit\u00e0 esistenti e coprire alcune tratte intercambiabili nella fascia di distanza tra i 1.500 e i 3.000 km, questi treni verrebbero integrati da circa 500 treni speciali ad alta velocit\u00e0, ciascuno in grado di trasportare fino a 800 passeggeri.<\/p>\n\n\n\n\n\n<h4 class=\"wp-block-heading\"><strong>Le nostre richieste a breve termine:<\/strong><\/h4>\n\n\n\n\n\n<ol start=\"11\" class=\"nv-cv-m wp-block-list\">\n\n<li>L&#8217;ERA dovrebbe essere incaricata di definire uno standard tecnico per le carrozze dei treni notturni che consenta loro di viaggiare a una velocit\u00e0 massima di almeno 200 km\/h su binari a scartamento standard nell&#8217;UE, in Norvegia e in Svizzera.<\/li>\n\n\n\n\n\n<li>Entro i prossimi 7 anni l&#8217;UE metter\u00e0 a disposizione un pool di almeno 1.000 carrozze standardizzate per treni notturni attraverso la Green Rail Investment Platform della Banca Europea per gli Investimenti, che saranno prodotte in Europa e messe a disposizione degli operatori attraverso societ\u00e0 di leasing. Questo pool \u00e8 importante per integrare le flotte nazionali e aziendali. Oltre a questo pool standardizzato, le aziende ferroviarie devono mantenere la possibilit\u00e0 di acquistare e gestire il proprio materiale rotabile per treni notturni.<\/li>\n\n\n\n\n\n<li>I produttori di treni devono supportare questa scelta con idee innovative di treni notturni che combinino una maggiore privacy e comfort senza ridurre la capacit\u00e0, migliorando allo stesso tempo l&#8217;economia delle operazioni dei treni notturni.<\/li>\n\n<\/ol>\n\n\n\n\n\n<h3 class=\"wp-block-heading\"><strong>Migliorare le condizioni operative dei treni notturni<\/strong><\/h3>\n\n\n\n\n\n<h4 class=\"wp-block-heading\"><strong>I nostri obiettivi a lungo termine:<\/strong><\/h4>\n\n\n\n\n\n<p class=\"has-nv-text-dark-bg-background-color has-background\">L&#8217;introduzione di un unico standard tecnico per il sistema ferroviario europeo, basato su 25\/15 kV AC, scartamento standard ed ETCS, dovrebbe essere uno sforzo congiunto di tutti gli Stati membri.<br>I requisiti linguistici non sono il problema pi\u00f9 urgente oggi, ma una volta che il trasporto internazionale diventer\u00e0 pi\u00f9 importante, faciliter\u00e0 le operazioni dei treni notturni se i macchinisti e i gestori delle infrastrutture, cos\u00ec come il personale ferroviario e i gestori delle stazioni, saranno in grado di comunicare in inglese. Il dumping sociale dovrebbe essere evitato rafforzando la contrattazione collettiva piuttosto che i requisiti linguistici.<br>Per garantire la puntualit\u00e0 e una maggiore velocit\u00e0 di notte, i treni notturni devono poter utilizzare i binari ad alta velocit\u00e0 esistenti durante la notte.<\/p>\n\n\n\n\n\n<h4 class=\"wp-block-heading\"><strong>Le nostre richieste a breve termine:<\/strong><\/h4>\n\n\n\n\n\n<ol start=\"14\" class=\"nv-cv-d nv-cv-m wp-block-list\">\n\n<li>Investimenti nei corridoi ferroviari TEN-T per garantire velocit\u00e0 da 160 a 200 km\/h (o 230 km\/h se possibile), anche durante la notte, in modo che anche le distanze superiori ai 2.000 km possano essere servite dai treni notturni.<\/li>\n\n\n\n\n\n<li>I treni notturni e gli altri treni internazionali devono avere la priorit\u00e0 nell&#8217;accesso alle linee ferroviarie quando arrivano nelle principali stazioni ferroviarie al mattino.<\/li>\n\n\n\n\n\n<li>Per quanto riguarda il controllo dei passaporti al momento dell&#8217;attraversamento delle frontiere, le autorit\u00e0 devono poter collaborare con il personale del treno per conservare i passaporti in modo da evitare di svegliare i passeggeri nel cuore della notte.<\/li>\n\n<\/ol>\n\n\n\n\n\n<h3 class=\"wp-block-heading\"><strong>Finanziare i collegamenti dove necessario<\/strong><\/h3>\n\n\n\n\n\n<h4 class=\"wp-block-heading\"><strong>Il nostro obiettivo a lungo termine:<\/strong><\/h4>\n\n\n\n\n\n<p class=\"has-nv-text-dark-bg-background-color has-background\">Vogliamo dare a tutti i cittadini europei un accesso paritario al trasporto ferroviario in proporzione alla densit\u00e0 della popolazione. Questo include la possibilit\u00e0 di raggiungere regioni lontane del nostro continente in un tempo ragionevole mentre si dorme.<\/p>\n\n\n\n\n\n<h4 class=\"wp-block-heading\"><strong>Le nostre richieste a breve termine:<\/strong><\/h4>\n\n\n\n\n\n<ol start=\"17\" class=\"nv-cv-d nv-cv-m wp-block-list\">\n\n<li>La Commissione Europea (DG MOVE) deve definire una rete completa di circa 300 tratte necessarie per triplicare l&#8217;attuale offerta di servizi ferroviari notturni entro i prossimi 7 anni. <\/li>\n\n\n\n\n\n<li>Gli standard minimi che gli operatori dovranno soddisfare saranno specificati nella gara d&#8217;appalto per quanto riguarda le fermate, il numero di giorni di servizio e gli standard di servizio del treno.<\/li>\n\n\n\n\n\n<li>Le condizioni devono consentire agli operatori che gi\u00e0 operano su una tratta di continuare a farlo in condizioni di libero accesso se non sono state presentate offerte migliori. <\/li>\n\n\n\n\n\n<li>L&#8217;UE dovrebbe istituire un meccanismo di cofinanziamento per i servizi ferroviari notturni transfrontalieri, con il sostegno dell&#8217;UE al 50% delle sovvenzioni necessarie.<\/li>\n\n\n\n\n\n<li>Il principio di proporzionalit\u00e0 per le sovvenzioni ai servizi internazionali deve essere modificato per consentire a uno Stato membro di sovvenzionare potenzialmente pi\u00f9 della propria parte di tratta, se necessario. Nei casi di semplice transito senza fermate, il principio non dovrebbe applicarsi al percorso del treno notturno del paese di transito, per cui questa parte del viaggio in treno notturno pu\u00f2 essere sovvenzionata da qualsiasi paese vicino. Se uno o pi\u00f9 Paesi desiderano sovvenzionare un treno notturno internazionale e non tutte le autorit\u00e0 competenti sul suo percorso accettano di sovvenzionarlo, possono comunque offrire fermate commerciali nel Paese di transito a condizione che la proporzionalit\u00e0 della loro sovvenzione sia confermata dall&#8217;ERA secondo il principio della proporzionalit\u00e0 all&#8217;origine dei passeggeri serviti.<\/li>\n\n\n\n\n\n<li>La durata degli OSP deve consentire la gestione del materiale rotabile, o facendo durare l&#8217;OSP per 8-10 anni con un&#8217;opzione per il trasferimento del materiale rotabile a un nuovo operatore (se aggiudicato a un operatore diverso), o dividendo l&#8217;OSP in operazioni e creando un OSP separato per il materiale rotabile adatto che pu\u00f2 essere affittato a chi si aggiudica l&#8217;OSP operativo.<\/li>\n\n\n\n\n\n<li>Le tratte dovrebbero essere messe a gara come OSP singolarmente, tratta per tratta, o in blocco, a seguito di una procedura di test di mercato da parte delle autorit\u00e0 competenti, non appena saranno pronte.<\/li>\n\n<\/ol>\n\n\n\n\n\n<h3 class=\"wp-block-heading\"><strong>Promuovere i treni notturni<\/strong><\/h3>\n\n\n\n\n\n<h4 class=\"wp-block-heading\"><strong>Il nostro obiettivo a lungo termine:<\/strong><\/h4>\n\n\n\n\n\n<p class=\"has-nv-text-dark-bg-background-color has-background\">Un&#8217;unica app per trovare e prenotare l&#8217;intero viaggio: Un&#8217;app di prenotazione standardizzata e perfettamente funzionante non solo renderebbe pi\u00f9 facile trovare e prenotare viaggi in treno internazionali e nazionali, ma aiuterebbe anche ad automatizzare il processo di imbarco e di ordinazione, migliorando cos\u00ec ulteriormente l&#8217;efficienza dei treni notturni. Tuttavia, \u00e8 altamente improbabile che uno standard venga sviluppato da pi\u00f9 attori del mercato, cos\u00ec come \u00e8 improbabile che vengano sviluppate informazioni accurate e affidabili. Invece di aspettare che altri risolvano questo problema, la stessa Commissione Europea dovrebbe fornire un&#8217;applicazione europea multimodale per la ricerca e la prenotazione dei trasporti, collaborando con i Punti di Accesso Nazionali (NAP) per i dati sui trasporti e possibilmente basandosi su soluzioni gi\u00e0 esistenti (per non perdere tempo). La trasparenza \u00e8 un prerequisito per qualsiasi mercato ben funzionante. I servizi front-end e accessori potrebbero essere offerti da diversi operatori di mercato.<\/p>\n\n\n\n\n\n<h4 class=\"wp-block-heading\"><strong>Le nostre richieste a breve termine:<\/strong><\/h4>\n\n\n\n\n\n<ol start=\"22\" class=\"nv-cv-d nv-cv-m wp-block-list\">\n\n<li>L&#8217;UE deve garantire che tutti i punti di accesso nazionali in Europa forniscano un accesso immediato alle informazioni su tutti i treni passeggeri, le imbarcazioni e gli altri servizi di trasporto pubblico, comprese le informazioni in tempo reale sui ritardi dei treni o sulla riprogrammazione con il collegamento alternativo pi\u00f9 veloce e conveniente, eventualmente anche per gli autobus, se questa \u00e8 la migliore alternativa per la riprogrammazione.<\/li>\n\n\n\n\n\n<li>I venditori di biglietti devono poter vendere tutti i tipi di biglietti e quindi avere accesso a tutti gli sconti che gli operatori hanno applicato con almeno quattro mesi di anticipo. Se devono essere remunerati dagli operatori, devono impegnarsi a vendere tutti i tipi di biglietti e prodotti (come cuccette e cabine letto), comprese le opzioni di prenotazione pi\u00f9 complesse (come cabine intere, cabine per sole donne, ecc.).<\/li>\n\n\n\n\n\n<li>L&#8217;UE dovrebbe estendere l&#8217;accordo volontario di riprogrammazione HOTNAT come accordo vincolante per tutti gli operatori ferroviari.<\/li>\n\n<\/ol>\n\n\n\n\n\n<h2 class=\"wp-block-heading has-nv-dark-bg-color has-text-color has-link-color wp-elements-14ddd03b7337f23bdbb3a3241adeef21\"><strong><br><\/strong>La nostra visione <\/h2>\n\n\n\n\n\n<p>Attualmente abbiamo circa 150 linee di treni notturni all&#8217;interno dell&#8217;Europa (escluse le reti di treni notturni ucraini, bielorussi e russi, che sono gi\u00e0 piuttosto fitte). Con un approccio coordinato a livello europeo che raddoppi il numero di linee di treni notturni interni all&#8217;Europa a 300, affrontando i collegamenti critici mancanti nell&#8217;attuale mosaico di servizi, \u00e8 possibile triplicare l&#8217;attuale numero di passeggeri dei treni notturni in soli sette anni. Una rete di questo tipo garantirebbe collegamenti regolari tra tutte le principali citt\u00e0 europee, creando una rete integrata che, combinando servizi notturni e servizi diurni ad alta velocit\u00e0, consentirebbe alle persone di spostarsi da una stazione all&#8217;altra in Europa entro 36 ore. E siamo convinti che, una volta raggiunto questo obiettivo, scopriremo che triplicare il numero di passeggeri non sar\u00e0 sufficiente. <\/p>\n\n\n\n\n\n<hr class=\"wp-block-separator has-alpha-channel-opacity\"\/>\n\n\n\n\n\n<h4 class=\"wp-block-heading\"><strong>Definizioni<\/strong> \/ Abbreviazioni<\/h4>\n\n\n\n\n\n<ul class=\"nv-cv-d nv-cv-m wp-block-list\">\n\n<li><strong>Treni notturni<\/strong>: Servizi che offrono posti letto (vagoni letto, cuccette o mini-cabine), che operano durante le ore centrali della notte (dalle 00:00 alle 05:00) e che prevedono partenze regolari in ogni direzione ogni sera<\/li>\n\n\n\n\n\n<li><strong>Percorso<\/strong>: Un servizio ferroviario con partenza di un treno notturno in ogni direzione<\/li>\n\n\n\n\n\n<li><strong>OSP<\/strong>: Obbligo di servizio pubblico (contratto per specificare il traffico sostenuto pubblicamente)<\/li>\n\n\n\n\n\n<li><strong>TAC<\/strong>: Diritti di accesso alle linee ferroviarie (imposti dai proprietari dell&#8217;infrastruttura)<\/li>\n\n\n\n\n\n<li><strong>ERA<\/strong>: Agenzia Ferroviaria Europea<\/li>\n\n\n\n\n\n<li><strong>DG MOVE<\/strong>: il dipartimento per la mobilit\u00e0 della Commissione europea<\/li>\n\n\n\n\n\n<li><strong>Accesso aperto<\/strong>: Operazioni senza OSP e con la redditivit\u00e0 come motore principale<\/li>\n\n\n\n\n\n<li><strong>HOTNAT:<\/strong> &#8220;Salta sul prossimo treno disponibile&#8221; quando si perde un treno prenotato di un altro operatore, un principio che attualmente si applica solo quando anche l&#8217;altro operatore appartiene a Railteam Alliance.<\/li>\n\n<\/ul>\n\n\n\n\n\n<p><\/p>\n\n","protected":false},"excerpt":{"rendered":"<p>Questo \u00e8 il documento di posizione generale di Back on Track Europe, che \u00e8 stato adottato all&#8217;unanimit\u00e0 nell&#8217;aprile 2024 e che sar\u00e0 costantemente aggiornato per riflettere le nostre posizioni comuni. \u00c8 disponibile anche in formato PDF (in lingua inglese).Ultimo aggiornamento: aprile 2025 (con l&#8217;aggiunta di proposte concrete per procedure coordinate di OSP). Perch\u00e9 abbiamo bisogno&hellip;&nbsp;<a href=\"https:\/\/back-on-track.eu\/it\/general-position-paper\/\" rel=\"bookmark\">Read More &raquo;<span class=\"screen-reader-text\">Back-on-Track.eu: Perch\u00e9 abbiamo bisogno di pi\u00f9 treni notturni<\/span><\/a><\/p>\n","protected":false},"author":3,"featured_media":0,"parent":0,"menu_order":0,"comment_status":"closed","ping_status":"closed","template":"","meta":{"_acf_changed":false,"inline_featured_image":false,"neve_meta_sidebar":"","neve_meta_container":"","neve_meta_enable_content_width":"","neve_meta_content_width":0,"neve_meta_title_alignment":"","neve_meta_author_avatar":"","neve_post_elements_order":"","neve_meta_disable_header":"","neve_meta_disable_footer":"","neve_meta_disable_title":"","neve_meta_reading_time":"","_themeisle_gutenberg_block_has_review":false,"_ti_tpc_template_sync":false,"_ti_tpc_template_id":"","footnotes":""},"class_list":["post-17708","page","type-page","status-publish","hentry"],"acf":[],"_links":{"self":[{"href":"https:\/\/back-on-track.eu\/it\/wp-json\/wp\/v2\/pages\/17708","targetHints":{"allow":["GET"]}}],"collection":[{"href":"https:\/\/back-on-track.eu\/it\/wp-json\/wp\/v2\/pages"}],"about":[{"href":"https:\/\/back-on-track.eu\/it\/wp-json\/wp\/v2\/types\/page"}],"author":[{"embeddable":true,"href":"https:\/\/back-on-track.eu\/it\/wp-json\/wp\/v2\/users\/3"}],"replies":[{"embeddable":true,"href":"https:\/\/back-on-track.eu\/it\/wp-json\/wp\/v2\/comments?post=17708"}],"version-history":[{"count":5,"href":"https:\/\/back-on-track.eu\/it\/wp-json\/wp\/v2\/pages\/17708\/revisions"}],"predecessor-version":[{"id":34514,"href":"https:\/\/back-on-track.eu\/it\/wp-json\/wp\/v2\/pages\/17708\/revisions\/34514"}],"wp:attachment":[{"href":"https:\/\/back-on-track.eu\/it\/wp-json\/wp\/v2\/media?parent=17708"}],"curies":[{"name":"wp","href":"https:\/\/api.w.org\/{rel}","templated":true}]}}