{"id":8503,"date":"2022-09-09T10:26:38","date_gmt":"2022-09-09T08:26:38","guid":{"rendered":"https:\/\/back-on-track.eu\/italy\/"},"modified":"2025-08-19T13:12:15","modified_gmt":"2025-08-19T11:12:15","slug":"italia","status":"publish","type":"page","link":"https:\/\/back-on-track.eu\/it\/italia\/","title":{"rendered":"Italia"},"content":{"rendered":"\n<figure class=\"wp-block-image size-full\"><a href=\"https:\/\/back-on-track.eu\/wp-content\/uploads\/2025\/07\/BoT_Italy_LOGO-1.png\"><img loading=\"lazy\" decoding=\"async\" width=\"338\" height=\"99\" src=\"https:\/\/back-on-track.eu\/wp-content\/uploads\/2025\/07\/BoT_Italy_LOGO-1.png\" alt=\"\" class=\"wp-image-35243\" srcset=\"https:\/\/back-on-track.eu\/wp-content\/uploads\/2025\/07\/BoT_Italy_LOGO-1.png 338w, https:\/\/back-on-track.eu\/wp-content\/uploads\/2025\/07\/BoT_Italy_LOGO-1-300x88.png 300w\" sizes=\"auto, (max-width: 338px) 100vw, 338px\" \/><\/a><\/figure>\n\n\n\n<p>Back-on-Track Italia fa parte del movimento europeo di volontariato che promuove la rinascita dei treni notturni in tutta Europa. Il nostro collettivo lavora per sensibilizzare il pubblico italiano sul potenziale dei treni notturni come soluzione sostenibile alla crisi climatica e per una mobilit\u00e0 pi\u00f9 responsabile.<\/p>\n\n\n\n<p><em>L&#8217;aiuto e le idee di tutti sono le benvenute.<\/em><\/p>\n\n\n\n<h2 id=\"wp-block-themeisle-blocks-advanced-heading-9a0027e8\" class=\"wp-block-themeisle-blocks-advanced-heading wp-block-themeisle-blocks-advanced-heading-9a0027e8\">La Nostra Missione<\/h2>\n\n\n\n<p>I treni notturni rappresentano un&#8217;alternativa concreta e sostenibile ai voli a corto e medio raggio. Attraverso studi, campagne e networking europeo, lavoriamo per:<\/p>\n\n\n\n<p>\u2013 Informare sui benefici ambientali dei treni notturni<\/p>\n\n\n\n<p>\u2013 Sostenere lo sviluppo di nuove rotte notturne in Italia<\/p>\n\n\n\n<p>\u2013 Collegare meglio l&#8217;Italia alla rete ferroviaria europea<\/p>\n\n\n\n<h3 id=\"wp-block-themeisle-blocks-advanced-heading-5584f99c\" class=\"wp-block-themeisle-blocks-advanced-heading wp-block-themeisle-blocks-advanced-heading-5584f99c\">Successi Recenti<\/h3>\n\n\n\n<p>Nel febbraio 2025, Back-on-Track Italia ha accolto il primo treno European Sleeper a Venezia. \u00c8 stato un grande momento per la citt\u00e0 e per l&#8217;Italia, che finalmente ha avuto un servizio di treni notturni verso due nuovi paesi dell&#8217;Unione Europea: Belgio e Paesi Bassi. Questi due si aggiungono alle connessioni esistenti di treni notturni verso Germania e Austria. Speriamo anche in un rapido ritorno di una connessione verso la Francia (vedi la foto Thello qui sotto).<\/p>\n\n\n\n<figure class=\"wp-block-gallery has-nested-images columns-default is-cropped wp-block-gallery-1 is-layout-flex wp-block-gallery-is-layout-flex\">\n<figure class=\"wp-block-image size-large\"><a href=\"https:\/\/back-on-track.eu\/wp-content\/uploads\/2025\/07\/250205_Eindhoven_Departure_Table_CC-BY-3-0_Giovanni_Antoniazzi-scaled.jpeg\"><img loading=\"lazy\" decoding=\"async\" width=\"576\" height=\"1024\" data-id=\"35294\" src=\"https:\/\/back-on-track.eu\/wp-content\/uploads\/2025\/07\/250205_Eindhoven_Departure_Table_CC-BY-3-0_Giovanni_Antoniazzi-576x1024.jpeg\" alt=\"Tabella delle partenze alla stazione di Eindhoven Centraal\" class=\"wp-image-35294\" srcset=\"https:\/\/back-on-track.eu\/wp-content\/uploads\/2025\/07\/250205_Eindhoven_Departure_Table_CC-BY-3-0_Giovanni_Antoniazzi-576x1024.jpeg 576w, https:\/\/back-on-track.eu\/wp-content\/uploads\/2025\/07\/250205_Eindhoven_Departure_Table_CC-BY-3-0_Giovanni_Antoniazzi-169x300.jpeg 169w, https:\/\/back-on-track.eu\/wp-content\/uploads\/2025\/07\/250205_Eindhoven_Departure_Table_CC-BY-3-0_Giovanni_Antoniazzi-768x1365.jpeg 768w, https:\/\/back-on-track.eu\/wp-content\/uploads\/2025\/07\/250205_Eindhoven_Departure_Table_CC-BY-3-0_Giovanni_Antoniazzi-864x1536.jpeg 864w, https:\/\/back-on-track.eu\/wp-content\/uploads\/2025\/07\/250205_Eindhoven_Departure_Table_CC-BY-3-0_Giovanni_Antoniazzi-1152x2048.jpeg 1152w, https:\/\/back-on-track.eu\/wp-content\/uploads\/2025\/07\/250205_Eindhoven_Departure_Table_CC-BY-3-0_Giovanni_Antoniazzi-scaled.jpeg 1440w\" sizes=\"auto, (max-width: 576px) 100vw, 576px\" \/><\/a><figcaption class=\"wp-element-caption\">Tabella delle partenze a Eindhoven Centraal<\/figcaption><\/figure>\n\n\n\n<figure class=\"wp-block-image size-large\"><a href=\"https:\/\/back-on-track.eu\/wp-content\/uploads\/2025\/07\/250205_Eindhoven_ES_Sleeping_Compartment_CC-BY-3-0_Giovanni_Antoniazzi-scaled.jpeg\"><img loading=\"lazy\" decoding=\"async\" width=\"576\" height=\"1024\" data-id=\"35287\" src=\"https:\/\/back-on-track.eu\/wp-content\/uploads\/2025\/07\/250205_Eindhoven_ES_Sleeping_Compartment_CC-BY-3-0_Giovanni_Antoniazzi-576x1024.jpeg\" alt=\"Compartimento letto treno notturno con letti e servizi\" class=\"wp-image-35287\" srcset=\"https:\/\/back-on-track.eu\/wp-content\/uploads\/2025\/07\/250205_Eindhoven_ES_Sleeping_Compartment_CC-BY-3-0_Giovanni_Antoniazzi-576x1024.jpeg 576w, https:\/\/back-on-track.eu\/wp-content\/uploads\/2025\/07\/250205_Eindhoven_ES_Sleeping_Compartment_CC-BY-3-0_Giovanni_Antoniazzi-169x300.jpeg 169w, https:\/\/back-on-track.eu\/wp-content\/uploads\/2025\/07\/250205_Eindhoven_ES_Sleeping_Compartment_CC-BY-3-0_Giovanni_Antoniazzi-768x1365.jpeg 768w, https:\/\/back-on-track.eu\/wp-content\/uploads\/2025\/07\/250205_Eindhoven_ES_Sleeping_Compartment_CC-BY-3-0_Giovanni_Antoniazzi-864x1536.jpeg 864w, https:\/\/back-on-track.eu\/wp-content\/uploads\/2025\/07\/250205_Eindhoven_ES_Sleeping_Compartment_CC-BY-3-0_Giovanni_Antoniazzi-1152x2048.jpeg 1152w, https:\/\/back-on-track.eu\/wp-content\/uploads\/2025\/07\/250205_Eindhoven_ES_Sleeping_Compartment_CC-BY-3-0_Giovanni_Antoniazzi-scaled.jpeg 1440w\" sizes=\"auto, (max-width: 576px) 100vw, 576px\" \/><\/a><figcaption class=\"wp-element-caption\">Interno di un compartimento letto del treno European Sleeper<\/figcaption><\/figure>\n\n\n\n<figure class=\"wp-block-image size-large\"><a href=\"https:\/\/back-on-track.eu\/wp-content\/uploads\/2025\/07\/250206_Verona_Backpacking_CC-BY-3-0_Giovanni_Antoniazzi-scaled.jpeg\"><img loading=\"lazy\" decoding=\"async\" width=\"576\" height=\"1024\" data-id=\"35280\" src=\"https:\/\/back-on-track.eu\/wp-content\/uploads\/2025\/07\/250206_Verona_Backpacking_CC-BY-3-0_Giovanni_Antoniazzi-576x1024.jpeg\" alt=\"Zaino da viaggio con mappa per pianificare percorsi ferroviari\" class=\"wp-image-35280\" srcset=\"https:\/\/back-on-track.eu\/wp-content\/uploads\/2025\/07\/250206_Verona_Backpacking_CC-BY-3-0_Giovanni_Antoniazzi-576x1024.jpeg 576w, https:\/\/back-on-track.eu\/wp-content\/uploads\/2025\/07\/250206_Verona_Backpacking_CC-BY-3-0_Giovanni_Antoniazzi-169x300.jpeg 169w, https:\/\/back-on-track.eu\/wp-content\/uploads\/2025\/07\/250206_Verona_Backpacking_CC-BY-3-0_Giovanni_Antoniazzi-768x1365.jpeg 768w, https:\/\/back-on-track.eu\/wp-content\/uploads\/2025\/07\/250206_Verona_Backpacking_CC-BY-3-0_Giovanni_Antoniazzi-864x1536.jpeg 864w, https:\/\/back-on-track.eu\/wp-content\/uploads\/2025\/07\/250206_Verona_Backpacking_CC-BY-3-0_Giovanni_Antoniazzi-1152x2048.jpeg 1152w, https:\/\/back-on-track.eu\/wp-content\/uploads\/2025\/07\/250206_Verona_Backpacking_CC-BY-3-0_Giovanni_Antoniazzi-scaled.jpeg 1440w\" sizes=\"auto, (max-width: 576px) 100vw, 576px\" \/><\/a><figcaption class=\"wp-element-caption\">Zaino con una mappa<\/figcaption><\/figure>\n\n\n\n<figure class=\"wp-block-image size-large\"><a href=\"https:\/\/back-on-track.eu\/wp-content\/uploads\/2025\/07\/250206_Innsbruck_BoT_Map_CC-BY-3-0_Giovanni_Antoniazzi-scaled.jpeg\"><img loading=\"lazy\" decoding=\"async\" width=\"576\" height=\"1024\" data-id=\"35273\" src=\"https:\/\/back-on-track.eu\/wp-content\/uploads\/2025\/07\/250206_Innsbruck_BoT_Map_CC-BY-3-0_Giovanni_Antoniazzi-576x1024.jpeg\" alt=\"Mappa che mostra la rete europea dei treni notturni\" class=\"wp-image-35273\" srcset=\"https:\/\/back-on-track.eu\/wp-content\/uploads\/2025\/07\/250206_Innsbruck_BoT_Map_CC-BY-3-0_Giovanni_Antoniazzi-576x1024.jpeg 576w, https:\/\/back-on-track.eu\/wp-content\/uploads\/2025\/07\/250206_Innsbruck_BoT_Map_CC-BY-3-0_Giovanni_Antoniazzi-169x300.jpeg 169w, https:\/\/back-on-track.eu\/wp-content\/uploads\/2025\/07\/250206_Innsbruck_BoT_Map_CC-BY-3-0_Giovanni_Antoniazzi-768x1365.jpeg 768w, https:\/\/back-on-track.eu\/wp-content\/uploads\/2025\/07\/250206_Innsbruck_BoT_Map_CC-BY-3-0_Giovanni_Antoniazzi-864x1536.jpeg 864w, https:\/\/back-on-track.eu\/wp-content\/uploads\/2025\/07\/250206_Innsbruck_BoT_Map_CC-BY-3-0_Giovanni_Antoniazzi-1152x2048.jpeg 1152w, https:\/\/back-on-track.eu\/wp-content\/uploads\/2025\/07\/250206_Innsbruck_BoT_Map_CC-BY-3-0_Giovanni_Antoniazzi-scaled.jpeg 1440w\" sizes=\"auto, (max-width: 576px) 100vw, 576px\" \/><\/a><figcaption class=\"wp-element-caption\">Back-on-Track Night Train Map<\/figcaption><\/figure>\n\n\n\n<figure class=\"wp-block-image size-large\"><a href=\"https:\/\/back-on-track.eu\/wp-content\/uploads\/2025\/07\/250206_Venezia_CC-BY-3-0_Giovanni_Antoniazzi.jpeg\"><img loading=\"lazy\" decoding=\"async\" width=\"576\" height=\"1024\" data-id=\"35266\" src=\"https:\/\/back-on-track.eu\/wp-content\/uploads\/2025\/07\/250206_Venezia_CC-BY-3-0_Giovanni_Antoniazzi-576x1024.jpeg\" alt=\"Veduta del Canal Grande di Venezia\" class=\"wp-image-35266\" srcset=\"https:\/\/back-on-track.eu\/wp-content\/uploads\/2025\/07\/250206_Venezia_CC-BY-3-0_Giovanni_Antoniazzi-576x1024.jpeg 576w, https:\/\/back-on-track.eu\/wp-content\/uploads\/2025\/07\/250206_Venezia_CC-BY-3-0_Giovanni_Antoniazzi-169x300.jpeg 169w, https:\/\/back-on-track.eu\/wp-content\/uploads\/2025\/07\/250206_Venezia_CC-BY-3-0_Giovanni_Antoniazzi-768x1365.jpeg 768w, https:\/\/back-on-track.eu\/wp-content\/uploads\/2025\/07\/250206_Venezia_CC-BY-3-0_Giovanni_Antoniazzi-864x1536.jpeg 864w, https:\/\/back-on-track.eu\/wp-content\/uploads\/2025\/07\/250206_Venezia_CC-BY-3-0_Giovanni_Antoniazzi-1152x2048.jpeg 1152w, https:\/\/back-on-track.eu\/wp-content\/uploads\/2025\/07\/250206_Venezia_CC-BY-3-0_Giovanni_Antoniazzi.jpeg 1361w\" sizes=\"auto, (max-width: 576px) 100vw, 576px\" \/><\/a><figcaption class=\"wp-element-caption\">Back-on-Track Italia parte dal Canal Grande (VE)<\/figcaption><\/figure>\n<\/figure>\n\n\n\n<figure class=\"wp-block-image size-large\"><a href=\"https:\/\/back-on-track.eu\/wp-content\/uploads\/2025\/07\/250206_Venezia_Ceebrating_BoT_Italy_Event_CC-BY-3-0_Giovanni_Antoniazzi.jpeg\"><img loading=\"lazy\" decoding=\"async\" width=\"1024\" height=\"576\" src=\"https:\/\/back-on-track.eu\/wp-content\/uploads\/2025\/07\/250206_Venezia_Ceebrating_BoT_Italy_Event_CC-BY-3-0_Giovanni_Antoniazzi-1024x576.jpeg\" alt=\"Celebrazione dell'evento con il fondatore di European Sleeper.\" class=\"wp-image-35259\" srcset=\"https:\/\/back-on-track.eu\/wp-content\/uploads\/2025\/07\/250206_Venezia_Ceebrating_BoT_Italy_Event_CC-BY-3-0_Giovanni_Antoniazzi-1024x576.jpeg 1024w, https:\/\/back-on-track.eu\/wp-content\/uploads\/2025\/07\/250206_Venezia_Ceebrating_BoT_Italy_Event_CC-BY-3-0_Giovanni_Antoniazzi-300x169.jpeg 300w, https:\/\/back-on-track.eu\/wp-content\/uploads\/2025\/07\/250206_Venezia_Ceebrating_BoT_Italy_Event_CC-BY-3-0_Giovanni_Antoniazzi-768x432.jpeg 768w, https:\/\/back-on-track.eu\/wp-content\/uploads\/2025\/07\/250206_Venezia_Ceebrating_BoT_Italy_Event_CC-BY-3-0_Giovanni_Antoniazzi-1536x864.jpeg 1536w, https:\/\/back-on-track.eu\/wp-content\/uploads\/2025\/07\/250206_Venezia_Ceebrating_BoT_Italy_Event_CC-BY-3-0_Giovanni_Antoniazzi-2048x1152.jpeg 2048w\" sizes=\"auto, (max-width: 1024px) 100vw, 1024px\" \/><\/a><figcaption class=\"wp-element-caption\">Celebrazione dell&#8217;evento con il fondatore di European Sleeper.<\/figcaption><\/figure>\n\n\n\n<p>Rivedi l&#8217;evento qui: <a href=\"https:\/\/www.linkedin.com\/events\/back-on-trackitaly-talk-sustain7291929003882381312\/theater\">https:\/\/www.linkedin.com\/events\/back-on-trackitaly-talk-sustain7291929003882381312\/theater<\/a><\/p>\n\n\n\n<h3 class=\"wp-block-heading\">Verso una Struttura Italiana<\/h3>\n\n\n\n<p>Back-on-Track Italia si sta organizzando come &#8220;Associazione di Volontariato&#8221; (ODV), seguendo il modello dell&#8217;organizzazione europea Back-on-Track Europe AISBL. Questa strutturazione ci permetter\u00e0 di rafforzare la nostra azione per la mobilit\u00e0 sostenibile in Italia.<\/p>\n\n\n\n<h4 class=\"wp-block-heading\">Eventi in Programma<\/h4>\n\n\n\n<p>La Conferenza Europea sui Treni Notturni si svolger\u00e0 a Berlino dal 26 al 28 settembre 2025. Un&#8217;opportunit\u00e0 unica per incontrare operatori, istituzioni e attivisti da tutta Europa interessati al futuro della mobilit\u00e0 sostenibile.<\/p>\n\n\n\n<p>Registrazione: <a href=\"https:\/\/back-on-track.eu\/night-train-conference-2025\/\">https:\/\/back-on-track.eu\/night-train-conference-2025\/<\/a><\/p>\n\n\n\n<h2 class=\"wp-block-heading\">Unisciti al Movimento<\/h2>\n\n\n\n<p>Iscriviti alla newsletter per seguire il nostro movimento, promettiamo niente spam, solo ottimi contenuti sui treni notturni \ud83d\ude09<\/p>\n\n\n\n<p>Per le ultime novit\u00e0 sul nostro gruppo segui: <a href=\"https:\/\/bsky.app\/profile\/backontrackit.bsky.social\">https:\/\/bsky.app\/profile\/backontrackit.bsky.social<\/a><\/p>\n\n\n\n<figure class=\"wp-block-image size-full is-resized\"><a href=\"https:\/\/back-on-track.eu\/wp-content\/uploads\/2021\/07\/Thello-train-in-paris.jpeg\"><img loading=\"lazy\" decoding=\"async\" width=\"774\" height=\"240\" src=\"https:\/\/back-on-track.eu\/wp-content\/uploads\/2021\/07\/Thello-train-in-paris.jpeg\" alt=\"\" class=\"wp-image-5922\" style=\"aspect-ratio:3.215686274509804;width:819px;height:auto\" srcset=\"https:\/\/back-on-track.eu\/wp-content\/uploads\/2021\/07\/Thello-train-in-paris.jpeg 774w, https:\/\/back-on-track.eu\/wp-content\/uploads\/2021\/07\/Thello-train-in-paris-300x93.jpeg 300w, https:\/\/back-on-track.eu\/wp-content\/uploads\/2021\/07\/Thello-train-in-paris-768x238.jpeg 768w\" sizes=\"auto, (max-width: 774px) 100vw, 774px\" \/><\/a><\/figure>\n\n\n\n<p>Costruiamo insieme il futuro della mobilit\u00e0 europea. I treni notturni possono decarbonizzare i trasporti a beneficio di tutti!<\/p>\n\n\n\n<p>Per unirti a noi nella campagna per una rete ferroviaria europea efficiente, mettiti in contatto, tutti sono benvenuti qui:<\/p>\n\n\n\n<div class=\"wp-block-contact-form-7-contact-form-selector\">\n<div class=\"wpcf7 no-js\" id=\"wpcf7-f7533-o1\" lang=\"en-US\" dir=\"ltr\" data-wpcf7-id=\"7533\">\n<div class=\"screen-reader-response\"><p role=\"status\" aria-live=\"polite\" aria-atomic=\"true\"><\/p> <ul><\/ul><\/div>\n<form action=\"\/it\/wp-json\/wp\/v2\/pages\/8503#wpcf7-f7533-o1\" method=\"post\" class=\"wpcf7-form init\" aria-label=\"Contact form\" novalidate=\"novalidate\" data-status=\"init\">\n<fieldset class=\"hidden-fields-container\"><input type=\"hidden\" name=\"_wpcf7\" value=\"7533\" \/><input type=\"hidden\" name=\"_wpcf7_version\" value=\"6.1.5\" \/><input type=\"hidden\" name=\"_wpcf7_locale\" value=\"en_US\" \/><input type=\"hidden\" name=\"_wpcf7_unit_tag\" value=\"wpcf7-f7533-o1\" \/><input type=\"hidden\" name=\"_wpcf7_container_post\" value=\"0\" \/><input type=\"hidden\" name=\"_wpcf7_posted_data_hash\" value=\"\" \/><input type=\"hidden\" name=\"_wpcf7cf_hidden_group_fields\" value=\"[]\" \/><input type=\"hidden\" name=\"_wpcf7cf_hidden_groups\" value=\"[]\" \/><input type=\"hidden\" name=\"_wpcf7cf_visible_groups\" value=\"[]\" \/><input type=\"hidden\" name=\"_wpcf7cf_repeaters\" value=\"[]\" \/><input type=\"hidden\" name=\"_wpcf7cf_steps\" value=\"{}\" \/><input type=\"hidden\" name=\"_wpcf7cf_options\" value=\"{&quot;form_id&quot;:7533,&quot;conditions&quot;:[],&quot;settings&quot;:{&quot;animation&quot;:&quot;yes&quot;,&quot;animation_intime&quot;:200,&quot;animation_outtime&quot;:200,&quot;conditions_ui&quot;:&quot;normal&quot;,&quot;notice_dismissed&quot;:false,&quot;notice_dismissed_rollback-cf7-5.9.2&quot;:true}}\" \/>\n<\/fieldset>\n<p><b>S\u00ec, vorrei aderire a Back on Track Italia:<\/b>\n<\/p>\n<input class=\"wpcf7-form-control wpcf7-hidden\" value=\"1\" type=\"hidden\" name=\"your-contact_type\" \/>\n<input class=\"wpcf7-form-control wpcf7-hidden\" value=\"Richiesta di adesione al gruppo Italia\" type=\"hidden\" name=\"your-subject\" \/>\n<input class=\"wpcf7-form-control wpcf7-hidden\" value=\"Undisclosed\" type=\"hidden\" name=\"your-name\" \/>\n<p><label for=\"your-firstname\"><b>Nome*<\/b><\/label>\n<\/p>\n<p><span class=\"wpcf7-form-control-wrap\" data-name=\"your-firstname\"><input size=\"40\" maxlength=\"400\" class=\"wpcf7-form-control wpcf7-text wpcf7-validates-as-required\" aria-required=\"true\" aria-invalid=\"false\" value=\"\" type=\"text\" name=\"your-firstname\" \/><\/span>\n<\/p>\n<p><label for=\"your-firstname\"><b>Cognome*<\/b><\/label>\n<\/p>\n<p><span class=\"wpcf7-form-control-wrap\" data-name=\"your-lastname\"><input size=\"40\" maxlength=\"400\" class=\"wpcf7-form-control wpcf7-text wpcf7-validates-as-required\" aria-required=\"true\" aria-invalid=\"false\" value=\"\" type=\"text\" name=\"your-lastname\" \/><\/span>\n<\/p>\n<p><label for=\"your-firstname\"><b>Il vostro indirizzo e-mail*<\/b><\/label>\n<\/p>\n<p><span class=\"wpcf7-form-control-wrap\" data-name=\"your-email\"><input size=\"40\" maxlength=\"400\" class=\"wpcf7-form-control wpcf7-email wpcf7-validates-as-required wpcf7-text wpcf7-validates-as-email\" aria-required=\"true\" aria-invalid=\"false\" value=\"\" type=\"email\" name=\"your-email\" \/><\/span>\n<\/p>\n<p><label for=\"your-firstname\"><b>Il vostro codice postale*<\/b><\/label>\n<\/p>\n<p><span class=\"wpcf7-form-control-wrap\" data-name=\"your-homeaddress_postcode\"><input class=\"wpcf7-form-control wpcf7-number wpcf7-validates-as-required wpcf7-validates-as-number\" aria-required=\"true\" aria-invalid=\"false\" value=\"\" type=\"number\" name=\"your-homeaddress_postcode\" \/><\/span>\n<\/p>\n<p><label for=\"your-firstname\"><b>Il vostro numero di telefono<\/b><\/label>\n<\/p>\n<p><span class=\"wpcf7-form-control-wrap\" data-name=\"your-phone\"><input size=\"40\" maxlength=\"400\" class=\"wpcf7-form-control wpcf7-tel wpcf7-text wpcf7-validates-as-tel\" aria-invalid=\"false\" value=\"\" type=\"tel\" name=\"your-phone\" \/><\/span>\n<\/p>\n<p>* = obbligatorio\n<\/p>\n<p><input class=\"wpcf7-form-control wpcf7-submit has-spinner\" type=\"submit\" value=\"Invia\" \/>\n<\/p><p style=\"display: none !important;\" class=\"akismet-fields-container\" data-prefix=\"_wpcf7_ak_\"><label>&#916;<textarea name=\"_wpcf7_ak_hp_textarea\" cols=\"45\" rows=\"8\" maxlength=\"100\"><\/textarea><\/label><input type=\"hidden\" id=\"ak_js_1\" name=\"_wpcf7_ak_js\" value=\"41\"\/><script>document.getElementById( \"ak_js_1\" ).setAttribute( \"value\", ( new Date() ).getTime() );<\/script><\/p><div class=\"wpcf7-response-output\" aria-hidden=\"true\"><\/div>\n<\/form>\n<\/div>\n<\/div>\n\n\n\n<p><\/p>\n","protected":false},"excerpt":{"rendered":"<p>Back-on-Track Italia fa parte del movimento europeo di volontariato che promuove la rinascita dei treni notturni in tutta Europa. Il nostro collettivo lavora per sensibilizzare il pubblico italiano sul potenziale dei treni notturni come soluzione sostenibile alla crisi climatica e per una mobilit\u00e0 pi\u00f9 responsabile. L&#8217;aiuto e le idee di tutti sono le benvenute. I&hellip;&nbsp;<a href=\"https:\/\/back-on-track.eu\/it\/italia\/\" rel=\"bookmark\">Read More &raquo;<span class=\"screen-reader-text\">Italia<\/span><\/a><\/p>\n","protected":false},"author":10,"featured_media":0,"parent":0,"menu_order":0,"comment_status":"closed","ping_status":"closed","template":"","meta":{"_acf_changed":false,"inline_featured_image":false,"neve_meta_sidebar":"","neve_meta_container":"contained","neve_meta_enable_content_width":"on","neve_meta_content_width":70,"neve_meta_title_alignment":"","neve_meta_author_avatar":"","neve_post_elements_order":"","neve_meta_disable_header":"","neve_meta_disable_footer":"","neve_meta_disable_title":"","neve_meta_reading_time":"","_themeisle_gutenberg_block_has_review":false,"_ti_tpc_template_sync":false,"_ti_tpc_template_id":"","footnotes":""},"class_list":["post-8503","page","type-page","status-publish","hentry"],"acf":[],"_links":{"self":[{"href":"https:\/\/back-on-track.eu\/it\/wp-json\/wp\/v2\/pages\/8503","targetHints":{"allow":["GET"]}}],"collection":[{"href":"https:\/\/back-on-track.eu\/it\/wp-json\/wp\/v2\/pages"}],"about":[{"href":"https:\/\/back-on-track.eu\/it\/wp-json\/wp\/v2\/types\/page"}],"author":[{"embeddable":true,"href":"https:\/\/back-on-track.eu\/it\/wp-json\/wp\/v2\/users\/10"}],"replies":[{"embeddable":true,"href":"https:\/\/back-on-track.eu\/it\/wp-json\/wp\/v2\/comments?post=8503"}],"version-history":[{"count":8,"href":"https:\/\/back-on-track.eu\/it\/wp-json\/wp\/v2\/pages\/8503\/revisions"}],"predecessor-version":[{"id":35806,"href":"https:\/\/back-on-track.eu\/it\/wp-json\/wp\/v2\/pages\/8503\/revisions\/35806"}],"wp:attachment":[{"href":"https:\/\/back-on-track.eu\/it\/wp-json\/wp\/v2\/media?parent=8503"}],"curies":[{"name":"wp","href":"https:\/\/api.w.org\/{rel}","templated":true}]}}