{"id":8505,"date":"2022-09-09T10:24:31","date_gmt":"2022-09-09T08:24:31","guid":{"rendered":"https:\/\/back-on-track.eu\/switzerland\/"},"modified":"2025-03-24T15:06:50","modified_gmt":"2025-03-24T14:06:50","slug":"svizzera","status":"publish","type":"page","link":"https:\/\/back-on-track.eu\/it\/svizzera\/","title":{"rendered":"Gruppo svizzero"},"content":{"rendered":"\n<p>Grazie anche all&#8217;impegno del nostro Gruppo svizzero, le FFS sono entrate nel settore dei treni notturni di \u00d6BB e Zurigo \u00e8 diventato il primo hub Nightjet al di fuori dell&#8217;Austria. Ma c&#8217;\u00e8 ancora molto da fare: Zurigo-Barcellona, Zurigo-Roma e molte altre destinazioni sono in programma.<\/p>\n\n\n\n<p>L&#8217;associazione <strong>Back-on-Track Switzerland <\/strong>\u00e8 stata fondata il 20 ottobre 2023 con i membri del consiglio direttivo Sibylle Trenck-Germann e Carlo Severini. Collaboriamo con \u201c<a href=\"https:\/\/www.umverkehr.ch\/taxonomy\/term\/115\" target=\"_blank\" rel=\"noreferrer noopener\">umverkehR<\/a>\u201d, un&#8217;associazione indipendente in Svizzera con circa 40.000 sostenitori, che si batte per la mobilit\u00e0 sostenibile dal 1992.<\/p>\n\n\n\n<figure class=\"wp-block-image size-full\"><a href=\"https:\/\/back-on-track.eu\/wp-content\/uploads\/2025\/03\/Back-on-Track_Switzerland.jpg\"><img loading=\"lazy\" decoding=\"async\" width=\"2000\" height=\"1500\" src=\"https:\/\/back-on-track.eu\/wp-content\/uploads\/2025\/03\/Back-on-Track_Switzerland.jpg\" alt=\"Pyjama Party &amp; Silent Disco from 25 October 2024 at Zurich Main Station with umverkehR and Back-on-Track Switzerland\" class=\"wp-image-30208\" srcset=\"https:\/\/back-on-track.eu\/wp-content\/uploads\/2025\/03\/Back-on-Track_Switzerland.jpg 2000w, https:\/\/back-on-track.eu\/wp-content\/uploads\/2025\/03\/Back-on-Track_Switzerland-300x225.jpg 300w, https:\/\/back-on-track.eu\/wp-content\/uploads\/2025\/03\/Back-on-Track_Switzerland-1024x768.jpg 1024w, https:\/\/back-on-track.eu\/wp-content\/uploads\/2025\/03\/Back-on-Track_Switzerland-768x576.jpg 768w, https:\/\/back-on-track.eu\/wp-content\/uploads\/2025\/03\/Back-on-Track_Switzerland-1536x1152.jpg 1536w\" sizes=\"auto, (max-width: 2000px) 100vw, 2000px\" \/><\/a><\/figure>\n\n\n\n<p><em>Pyjama Party &amp; Silent Disco il 25 ottobre 2024 alla stazione centrale di Zurigo con \u201cumverkehR\u201d e Back-on-Track Switzerland<\/em><\/p>\n\n\n\n<div class=\"wp-block-contact-form-7-contact-form-selector\">\n<div class=\"wpcf7 no-js\" id=\"wpcf7-f13671-o1\" lang=\"en-US\" dir=\"ltr\" data-wpcf7-id=\"13671\">\n<div class=\"screen-reader-response\"><p role=\"status\" aria-live=\"polite\" aria-atomic=\"true\"><\/p> <ul><\/ul><\/div>\n<form action=\"\/it\/wp-json\/wp\/v2\/pages\/8505#wpcf7-f13671-o1\" method=\"post\" class=\"wpcf7-form init\" aria-label=\"Contact form\" novalidate=\"novalidate\" data-status=\"init\">\n<fieldset class=\"hidden-fields-container\"><input type=\"hidden\" name=\"_wpcf7\" value=\"13671\" \/><input type=\"hidden\" name=\"_wpcf7_version\" value=\"6.1.5\" \/><input type=\"hidden\" name=\"_wpcf7_locale\" value=\"en_US\" \/><input type=\"hidden\" name=\"_wpcf7_unit_tag\" value=\"wpcf7-f13671-o1\" \/><input type=\"hidden\" name=\"_wpcf7_container_post\" value=\"0\" \/><input type=\"hidden\" name=\"_wpcf7_posted_data_hash\" value=\"\" \/><input type=\"hidden\" name=\"_wpcf7cf_hidden_group_fields\" value=\"[]\" \/><input type=\"hidden\" name=\"_wpcf7cf_hidden_groups\" value=\"[]\" \/><input type=\"hidden\" name=\"_wpcf7cf_visible_groups\" value=\"[]\" \/><input type=\"hidden\" name=\"_wpcf7cf_repeaters\" value=\"[]\" \/><input type=\"hidden\" name=\"_wpcf7cf_steps\" value=\"{}\" \/><input type=\"hidden\" name=\"_wpcf7cf_options\" value=\"{&quot;form_id&quot;:13671,&quot;conditions&quot;:[],&quot;settings&quot;:{&quot;animation&quot;:&quot;yes&quot;,&quot;animation_intime&quot;:200,&quot;animation_outtime&quot;:200,&quot;conditions_ui&quot;:&quot;normal&quot;,&quot;notice_dismissed&quot;:false,&quot;notice_dismissed_rollback-cf7-5.9.2&quot;:true}}\" \/>\n<\/fieldset>\n<p><b>S\u00ec, desidero diventare membro di Back-on-Track Switzerland:<\/b>\n<\/p>\n<input class=\"wpcf7-form-control wpcf7-hidden\" value=\"1\" type=\"hidden\" name=\"your-contact_type\" \/>\n<input class=\"wpcf7-form-control wpcf7-hidden\" value=\"Swiss Group Membership Application\" type=\"hidden\" name=\"your-subject\" \/>\n<input class=\"wpcf7-form-control wpcf7-hidden\" value=\"Undisclosed\" type=\"hidden\" name=\"your-name\" \/>\n<p>Nome*\n<\/p>\n<p><span class=\"wpcf7-form-control-wrap\" data-name=\"your-firstname\"><input size=\"40\" maxlength=\"400\" class=\"wpcf7-form-control wpcf7-text wpcf7-validates-as-required\" aria-required=\"true\" aria-invalid=\"false\" value=\"\" type=\"text\" name=\"your-firstname\" \/><\/span>\n<\/p>\n<p>Cognome*\n<\/p>\n<p><span class=\"wpcf7-form-control-wrap\" data-name=\"your-lastname\"><input size=\"40\" maxlength=\"400\" class=\"wpcf7-form-control wpcf7-text wpcf7-validates-as-required\" aria-required=\"true\" aria-invalid=\"false\" value=\"\" type=\"text\" name=\"your-lastname\" \/><\/span>\n<\/p>\n<p>Indirizzo e-mail*\n<\/p>\n<p><span class=\"wpcf7-form-control-wrap\" data-name=\"your-email\"><input size=\"40\" maxlength=\"400\" class=\"wpcf7-form-control wpcf7-email wpcf7-validates-as-required wpcf7-text wpcf7-validates-as-email\" aria-required=\"true\" aria-invalid=\"false\" value=\"\" type=\"email\" name=\"your-email\" \/><\/span>\n<\/p>\n<p>Codice postale*\n<\/p>\n<p><span class=\"wpcf7-form-control-wrap\" data-name=\"your-homeaddress_postcode\"><input class=\"wpcf7-form-control wpcf7-number wpcf7-validates-as-required wpcf7-validates-as-number\" aria-required=\"true\" aria-invalid=\"false\" value=\"\" type=\"number\" name=\"your-homeaddress_postcode\" \/><\/span>\n<\/p>\n<p>Numero di telefono\n<\/p>\n<p><span class=\"wpcf7-form-control-wrap\" data-name=\"your-phone\"><input size=\"40\" maxlength=\"400\" class=\"wpcf7-form-control wpcf7-tel wpcf7-text wpcf7-validates-as-tel\" aria-invalid=\"false\" value=\"\" type=\"tel\" name=\"your-phone\" \/><\/span>\n<\/p>\n<p>Lingua preferita*\n<\/p>\n<p><span class=\"wpcf7-form-control-wrap\" data-name=\"your-language_preferred\"><select class=\"wpcf7-form-control wpcf7-select wpcf7-validates-as-required\" aria-required=\"true\" aria-invalid=\"false\" name=\"your-language_preferred\"><option value=\"Italiano\">Italiano<\/option><option value=\"Deutsch\">Deutsch<\/option><option value=\"Fran\u00e7ais\">Fran\u00e7ais<\/option><\/select><\/span>\n<\/p>\n<p><span class=\"wpcf7-form-control-wrap\" data-name=\"your-consent\"><span class=\"wpcf7-form-control wpcf7-acceptance\"><span class=\"wpcf7-list-item\"><label><input type=\"checkbox\" name=\"your-consent\" value=\"1\" aria-invalid=\"false\" \/><span class=\"wpcf7-list-item-label\">Accetto lo statuto e il trattamento dei miei dati nella banca dati dei soci.*<\/span><\/label><\/span><\/span><\/span>\n<\/p>\n<p>* = Informazioni obbligatorie\n<\/p>\n<p><input class=\"wpcf7-form-control wpcf7-submit has-spinner\" type=\"submit\" value=\"Invia\" \/>\n<\/p><p style=\"display: none !important;\" class=\"akismet-fields-container\" data-prefix=\"_wpcf7_ak_\"><label>&#916;<textarea name=\"_wpcf7_ak_hp_textarea\" cols=\"45\" rows=\"8\" maxlength=\"100\"><\/textarea><\/label><input type=\"hidden\" id=\"ak_js_1\" name=\"_wpcf7_ak_js\" value=\"170\"\/><script>document.getElementById( \"ak_js_1\" ).setAttribute( \"value\", ( new Date() ).getTime() );<\/script><\/p><div class=\"wpcf7-response-output\" aria-hidden=\"true\"><\/div>\n<\/form>\n<\/div>\n<\/div>\n\n\n\n<h2 class=\"wp-block-heading\">Diventa membro:<\/h2>\n","protected":false},"excerpt":{"rendered":"<p>Grazie anche all&#8217;impegno del nostro Gruppo svizzero, le FFS sono entrate nel settore dei treni notturni di \u00d6BB e Zurigo \u00e8 diventato il primo hub Nightjet al di fuori dell&#8217;Austria. Ma c&#8217;\u00e8 ancora molto da fare: Zurigo-Barcellona, Zurigo-Roma e molte altre destinazioni sono in programma. L&#8217;associazione Back-on-Track Switzerland \u00e8 stata fondata il 20 ottobre 2023&hellip;&nbsp;<a href=\"https:\/\/back-on-track.eu\/it\/svizzera\/\" rel=\"bookmark\">Read More &raquo;<span class=\"screen-reader-text\">Gruppo svizzero<\/span><\/a><\/p>\n","protected":false},"author":14,"featured_media":0,"parent":0,"menu_order":0,"comment_status":"closed","ping_status":"closed","template":"","meta":{"_acf_changed":false,"inline_featured_image":false,"neve_meta_sidebar":"","neve_meta_container":"contained","neve_meta_enable_content_width":"on","neve_meta_content_width":70,"neve_meta_title_alignment":"","neve_meta_author_avatar":"","neve_post_elements_order":"","neve_meta_disable_header":"","neve_meta_disable_footer":"","neve_meta_disable_title":"","neve_meta_reading_time":"","_themeisle_gutenberg_block_has_review":false,"_ti_tpc_template_sync":false,"_ti_tpc_template_id":"","footnotes":""},"class_list":["post-8505","page","type-page","status-publish","hentry"],"acf":[],"_links":{"self":[{"href":"https:\/\/back-on-track.eu\/it\/wp-json\/wp\/v2\/pages\/8505","targetHints":{"allow":["GET"]}}],"collection":[{"href":"https:\/\/back-on-track.eu\/it\/wp-json\/wp\/v2\/pages"}],"about":[{"href":"https:\/\/back-on-track.eu\/it\/wp-json\/wp\/v2\/types\/page"}],"author":[{"embeddable":true,"href":"https:\/\/back-on-track.eu\/it\/wp-json\/wp\/v2\/users\/14"}],"replies":[{"embeddable":true,"href":"https:\/\/back-on-track.eu\/it\/wp-json\/wp\/v2\/comments?post=8505"}],"version-history":[{"count":12,"href":"https:\/\/back-on-track.eu\/it\/wp-json\/wp\/v2\/pages\/8505\/revisions"}],"predecessor-version":[{"id":30400,"href":"https:\/\/back-on-track.eu\/it\/wp-json\/wp\/v2\/pages\/8505\/revisions\/30400"}],"wp:attachment":[{"href":"https:\/\/back-on-track.eu\/it\/wp-json\/wp\/v2\/media?parent=8505"}],"curies":[{"name":"wp","href":"https:\/\/api.w.org\/{rel}","templated":true}]}}