{"id":8516,"date":"2022-09-16T16:49:00","date_gmt":"2022-09-16T14:49:00","guid":{"rendered":"https:\/\/back-on-track.eu\/?page_id=8516"},"modified":"2025-12-08T20:07:23","modified_gmt":"2025-12-08T19:07:23","slug":"su-di-noi","status":"publish","type":"page","link":"https:\/\/back-on-track.eu\/it\/su-di-noi\/","title":{"rendered":"SU DI NOI"},"content":{"rendered":"\n<p>Ci battiamo per avere treni notturni pi\u00f9 numerosi, migliori e a prezzi accessibili sui servizi a lunga percorrenza e transfrontalieri in Europa. Perch\u00e9? Perch\u00e9 siamo convinti che i treni notturni siano un modo moderno, comodo e rilassato di viaggiare. E una misura importante per ridurre il contributo dell&#8217;UE al riscaldamento globale fino al 3%, in particolare sostituendo i voli a breve e medio raggio (#3percentOverNight).<\/p>\n\n\n\n<p><a href=\"https:\/\/back-on-track.eu\/about-back-on-track\/\">Per saperne di pi\u00f9 su chi siamo e cosa vogliamo<\/a> (la nostra dichiarazione di missione, in inglese).<\/p>\n\n\n\n<h2 class=\"wp-block-heading\">Partecipate!<\/h2>\n\n\n\n<figure class=\"wp-block-gallery has-nested-images columns-default is-cropped wp-block-gallery-1 is-layout-flex wp-block-gallery-is-layout-flex\">\n<figure class=\"wp-block-image size-full\"><a href=\"https:\/\/back-on-track.eu\/wp-content\/uploads\/2022\/09\/gwp_of_nighttrains_2022_fakecover_a4mu.jpg\"><img loading=\"lazy\" decoding=\"async\" width=\"1200\" height=\"675\" data-id=\"7804\" src=\"https:\/\/back-on-track.eu\/wp-content\/uploads\/2022\/09\/gwp_of_nighttrains_2022_fakecover_a4mu.jpg\" alt=\"\" class=\"wp-image-7804\" srcset=\"https:\/\/back-on-track.eu\/wp-content\/uploads\/2022\/09\/gwp_of_nighttrains_2022_fakecover_a4mu.jpg 1200w, https:\/\/back-on-track.eu\/wp-content\/uploads\/2022\/09\/gwp_of_nighttrains_2022_fakecover_a4mu-300x169.jpg 300w, https:\/\/back-on-track.eu\/wp-content\/uploads\/2022\/09\/gwp_of_nighttrains_2022_fakecover_a4mu-1024x576.jpg 1024w, https:\/\/back-on-track.eu\/wp-content\/uploads\/2022\/09\/gwp_of_nighttrains_2022_fakecover_a4mu-768x432.jpg 768w\" sizes=\"auto, (max-width: 1200px) 100vw, 1200px\" \/><\/a><figcaption class=\"wp-element-caption\">Ricerca<\/figcaption><\/figure>\n\n\n\n<figure class=\"wp-block-image size-full\"><a href=\"https:\/\/back-on-track.eu\/wp-content\/uploads\/2023\/02\/B-o-T-NightTrainMap-2023@1x.jpg\"><img loading=\"lazy\" decoding=\"async\" width=\"700\" height=\"990\" data-id=\"9322\" src=\"https:\/\/back-on-track.eu\/wp-content\/uploads\/2023\/02\/B-o-T-NightTrainMap-2023@1x.jpg\" alt=\"\" class=\"wp-image-9322\" srcset=\"https:\/\/back-on-track.eu\/wp-content\/uploads\/2023\/02\/B-o-T-NightTrainMap-2023@1x.jpg 700w, https:\/\/back-on-track.eu\/wp-content\/uploads\/2023\/02\/B-o-T-NightTrainMap-2023@1x-212x300.jpg 212w\" sizes=\"auto, (max-width: 700px) 100vw, 700px\" \/><\/a><figcaption class=\"wp-element-caption\"><br>Relazioni pubbliche<\/figcaption><\/figure>\n\n\n\n<figure class=\"wp-block-image size-full\"><a href=\"https:\/\/back-on-track.eu\/wp-content\/uploads\/2021\/07\/Thello-offre-trains-france-italie.jpeg\"><img loading=\"lazy\" decoding=\"async\" width=\"500\" height=\"333\" data-id=\"8332\" src=\"https:\/\/back-on-track.eu\/wp-content\/uploads\/2021\/07\/Thello-offre-trains-france-italie.jpeg\" alt=\"\" class=\"wp-image-8332\" srcset=\"https:\/\/back-on-track.eu\/wp-content\/uploads\/2021\/07\/Thello-offre-trains-france-italie.jpeg 500w, https:\/\/back-on-track.eu\/wp-content\/uploads\/2021\/07\/Thello-offre-trains-france-italie-300x200.jpeg 300w\" sizes=\"auto, (max-width: 500px) 100vw, 500px\" \/><\/a><figcaption class=\"wp-element-caption\">Azioni<\/figcaption><\/figure>\n<\/figure>\n\n\n\n<p>Se vuoi sostenere i nostri obiettivi, unisciti a noi! Siamo una rete europea di volontari. In alcuni paesi collaboriamo con organizzazioni che fanno campagne attive per i treni notturni, in altri paesi abbiamo organizzato gruppi nazionali o locali. Potete sostenerci a livello nazionale o internazionale:<\/p>\n\n\n\n<div class=\"wp-block-buttons is-layout-flex wp-block-buttons-is-layout-flex\">\n<div class=\"wp-block-button is-style-primary\"><a class=\"wp-block-button__link wp-element-button\" href=\"https:\/\/back-on-track.eu\/it\/gruppi\/\">Attivatevi!<\/a><\/div>\n<\/div>\n\n\n\n<h2 class=\"wp-block-heading\">Sosteneteci!<\/h2>\n\n\n\n<p>Volete sostenerci finanziariamente con una donazione? Utilizzate il nostro conto con <br><strong><strong>IBAN:\u00a0BE58 8939 4419 9479<\/strong><br><strong>BIC:<\/strong>\u00a0<strong>VDSPBE91<\/strong>\u00a0(vdk bank)<\/strong><br>Il titolare del conto \u00e8 &#8220;<em>Back-on-Track Europe AISBL<\/em>&#8220;<\/p>\n\n\n\n<h2 class=\"wp-block-heading\">Mettetevi in contatto con noi!<\/h2>\n\n\n\n<p><strong>Il nostro indirizzo ufficiale \u00e8<\/strong><br>Back-on-Track Europe AISBL<br>Av. Britsiers 18 \/ Britsierslaan 18<br>1030 Bruxelles \/ Brussel<br>BELGIO<br><\/p>\n\n\n\n<div class=\"nv-cv-m wp-block-buttons is-layout-flex wp-block-buttons-is-layout-flex\">\n<div class=\"wp-block-button is-style-primary\"><a class=\"wp-block-button__link wp-element-button\">contattaci<\/a><\/div>\n<\/div>\n","protected":false},"excerpt":{"rendered":"<p>Ci battiamo per avere treni notturni pi\u00f9 numerosi, migliori e a prezzi accessibili sui servizi a lunga percorrenza e transfrontalieri in Europa. Perch\u00e9? Perch\u00e9 siamo convinti che i treni notturni siano un modo moderno, comodo e rilassato di viaggiare. E una misura importante per ridurre il contributo dell&#8217;UE al riscaldamento globale fino al 3%, in&hellip;&nbsp;<a href=\"https:\/\/back-on-track.eu\/it\/su-di-noi\/\" rel=\"bookmark\">Read More &raquo;<span class=\"screen-reader-text\">SU DI NOI<\/span><\/a><\/p>\n","protected":false},"author":10,"featured_media":0,"parent":0,"menu_order":0,"comment_status":"closed","ping_status":"closed","template":"","meta":{"_acf_changed":false,"inline_featured_image":false,"neve_meta_sidebar":"right","neve_meta_container":"","neve_meta_enable_content_width":"on","neve_meta_content_width":70,"neve_meta_title_alignment":"","neve_meta_author_avatar":"","neve_post_elements_order":"","neve_meta_disable_header":"","neve_meta_disable_footer":"","neve_meta_disable_title":"","neve_meta_reading_time":"","_themeisle_gutenberg_block_has_review":false,"_ti_tpc_template_sync":false,"_ti_tpc_template_id":"","footnotes":""},"class_list":["post-8516","page","type-page","status-publish","hentry"],"acf":[],"_links":{"self":[{"href":"https:\/\/back-on-track.eu\/it\/wp-json\/wp\/v2\/pages\/8516","targetHints":{"allow":["GET"]}}],"collection":[{"href":"https:\/\/back-on-track.eu\/it\/wp-json\/wp\/v2\/pages"}],"about":[{"href":"https:\/\/back-on-track.eu\/it\/wp-json\/wp\/v2\/types\/page"}],"author":[{"embeddable":true,"href":"https:\/\/back-on-track.eu\/it\/wp-json\/wp\/v2\/users\/10"}],"replies":[{"embeddable":true,"href":"https:\/\/back-on-track.eu\/it\/wp-json\/wp\/v2\/comments?post=8516"}],"version-history":[{"count":14,"href":"https:\/\/back-on-track.eu\/it\/wp-json\/wp\/v2\/pages\/8516\/revisions"}],"predecessor-version":[{"id":37103,"href":"https:\/\/back-on-track.eu\/it\/wp-json\/wp\/v2\/pages\/8516\/revisions\/37103"}],"wp:attachment":[{"href":"https:\/\/back-on-track.eu\/it\/wp-json\/wp\/v2\/media?parent=8516"}],"curies":[{"name":"wp","href":"https:\/\/api.w.org\/{rel}","templated":true}]}}