{"id":8897,"date":"2022-10-10T09:29:13","date_gmt":"2022-10-10T07:29:13","guid":{"rendered":"https:\/\/back-on-track.eu\/?page_id=8897"},"modified":"2023-02-24T09:20:25","modified_gmt":"2023-02-24T08:20:25","slug":"prenotazione-di-biglietti-ferroviari-transfrontalieri-in-europa","status":"publish","type":"page","link":"https:\/\/back-on-track.eu\/it\/prenotazione-di-biglietti-ferroviari-transfrontalieri-in-europa\/","title":{"rendered":"Prenotazione di biglietti ferroviari transfrontalieri in Europa"},"content":{"rendered":"\n<p>Prenotare viaggi ferroviari transfrontalieri in Europa dovrebbe essere molto facile! Purtroppo non esiste un sistema di biglietteria centralizzato che possa vendervi un biglietto per qualsiasi treno in Europa. Tuttavia, esistono diversi siti che offrono almeno una parte di questa funzionalit\u00e0. Abbiamo compilato per voi un elenco di siti web che potrebbero aiutarvi a preparare il vostro prossimo viaggio in treno in Europa.<\/p>\n\n\n\n<h3 class=\"wp-block-heading\">1. Trovare un treno<\/h3>\n\n\n\n<p>Il pianificatore di viaggio di DB, disponibile in otto lingue su&nbsp;<a href=\"http:\/\/bahn.de\/\">bahn.de<\/a>, offre anche una copertura quasi universale dell&#8217;orario ferroviario europeo, anche dove non \u00e8 possibile acquistare i biglietti online.<\/p>\n\n\n\n<p><img loading=\"lazy\" decoding=\"async\" class=\"alignnone size-full wp-image-1866\" src=\"https:\/\/back-on-track.eu\/wp-content\/uploads\/2018\/12\/trenhotel-Lissabon.jpg\" alt=\"\" width=\"1280\" height=\"519\" srcset=\"https:\/\/back-on-track.eu\/wp-content\/uploads\/2018\/12\/trenhotel-Lissabon.jpg 1280w, https:\/\/back-on-track.eu\/wp-content\/uploads\/2018\/12\/trenhotel-Lissabon-300x122.jpg 300w, https:\/\/back-on-track.eu\/wp-content\/uploads\/2018\/12\/trenhotel-Lissabon-768x311.jpg 768w, https:\/\/back-on-track.eu\/wp-content\/uploads\/2018\/12\/trenhotel-Lissabon-1024x415.jpg 1024w, https:\/\/back-on-track.eu\/wp-content\/uploads\/2018\/12\/trenhotel-Lissabon-600x243.jpg 600w\" sizes=\"auto, (max-width: 1280px) 100vw, 1280px\" \/>Trenhotel 310 &#8220;Sud Express&#8221; Lisbona-Hendaye nella primavera 2018 a Lisbona Santa Apolonia <\/p>\n\n\n\n<p>Date un&#8217;occhiata a\u00a0<a href=\"https:\/\/www.night-trains.com\/europe\">Night-Trains.com<\/a>, un elenco su misura delle linee di treni notturni nel mondo, con una mappa schematica unica che illustra la rete mondiale. \u00c8 sviluppato dall&#8217;architetto e cartografo Jug Cerovic.<\/p>\n\n\n\n<p>Date un&#8217;occhiata al <a href=\"https:\/\/back-on-track.eu\/list-of-european-night-trains\/\">nostro elenco di treni notturni<\/a> (in inglese).<\/p>\n\n\n\n<h3 class=\"wp-block-heading\">2. Ottenere consigli<\/h3>\n\n\n\n<p>Buoni consigli per i viaggi in treno (e idee su ci\u00f2 che \u00e8 possibile fare, belle mappe e cos\u00ec via) sono disponibili su <a href=\"https:\/\/www.seat61.com\/\">The Man in Seat Sixty-one<\/a> (in inglese), un sito impressionante che viene costantemente aggiornato.<\/p>\n\n\n\n<p>Se siete in difficolt\u00e0, potete sempre chiedere aiuto a&nbsp;<a href=\"http:\/\/rail.cc\/\">rail.cc<\/a>, una pagina wiki e un forum dedicati ai viaggi in treno in tutto il mondo. Il supporto \u00e8 disponibile in pi\u00f9 lingue e anche le domande e i problemi pi\u00f9 oscuri possono essere risolti. \u00c8 disponibile anche un elenco completo dei treni notturni europei.<\/p>\n\n\n\n<h2 class=\"wp-block-heading\">3. Prenotare un treno<\/h2>\n\n\n\n<p>DB ha rinnovato il suo sistema di prenotazione online internazionale e ha aggiunto il supporto per diversi nuovi Paesi. \u00c8 ora possibile prenotare su&nbsp;<a href=\"http:\/\/bahn.de\/\">bahn.de<\/a>&nbsp;i treni Thalys ed Eurostar, nonch\u00e9 i treni internazionali da e per Belgio, Danimarca, Francia, Italia, Croazia, Lussemburgo, Paesi Bassi, Austria, Polonia, Svezia, Svizzera, Slovenia, Slovacchia, Cechia e Ungheria, oltre a una serie di treni nazionali all&#8217;interno di questi Paesi. Nella maggior parte dei casi, sono offerte sia tariffe standard che tariffe anticipate ridotte. DB ha dichiarato di voler aggiungere ulteriori funzionalit\u00e0 nel prossimo futuro, quindi ritiene che il mercato europeo transfrontaliero meriti almeno un minimo di attenzione, uno sviluppo incoraggiante.<\/p>\n\n\n\n<p><a href=\"http:\/\/trainline.eu\/\">Trainline.eu<\/a>&nbsp;\u00e8 un motore di prenotazione di treni e autobus di livello europeo. Supporta l&#8217;emissione di biglietti (tariffe standard e anticipate) per Thalys, Eurostar, SNCF (Francia), RENFE (Spagna), Trenitalia e Italo (Italia), SNCB (Belgio), NS (Paesi Bassi), DB (Germania), Thello (Francia-Italia), \u00d6BB e Westbahn (Austria), Flixbus e numerosi altri operatori ferroviari e di autobus minori. In particolare, offre un supporto completo per i treni notturni (\u00d6BB, RENFE, Thello, Trenitalia e SNCF).<\/p>\n\n\n\n<p><a href=\"http:\/\/loco2.com\/\">Loco2.com<\/a>&nbsp;\u00e8 un altro motore di prenotazione ferroviaria europeo. Offre buone offerte (tariffe standard e anticipate) per l&#8217;Europa occidentale, compreso il supporto completo per i treni notturni RENFE, SNCF, Thello e Trenitalia, ma offerte limitate per l&#8217;Europa orientale.<\/p>\n\n\n\n<p>Infine, ricordiamo che per i viaggi pi\u00f9 lunghi e complessi, i pass Interrail ed Eurail possono essere un&#8217;alternativa conveniente, anche se di solito \u00e8 meglio confrontare il loro prezzo con quello dei biglietti point-to-point, soprattutto se si prenota con largo anticipo. I pass ferroviari sono disponibili per tutti, ma il loro prezzo varia a seconda dell&#8217;et\u00e0 e della residenza. Si noti che i treni notturni di solito richiedono una prenotazione supplementare se utilizzati con un pass ferroviario.<\/p>\n","protected":false},"excerpt":{"rendered":"<p>Prenotare viaggi ferroviari transfrontalieri in Europa dovrebbe essere molto facile! Purtroppo non esiste un sistema di biglietteria centralizzato che possa vendervi un biglietto per qualsiasi treno in Europa. Tuttavia, esistono diversi siti che offrono almeno una parte di questa funzionalit\u00e0. Abbiamo compilato per voi un elenco di siti web che potrebbero aiutarvi a preparare il&hellip;&nbsp;<a href=\"https:\/\/back-on-track.eu\/it\/prenotazione-di-biglietti-ferroviari-transfrontalieri-in-europa\/\" rel=\"bookmark\">Read More &raquo;<span class=\"screen-reader-text\">Prenotazione di biglietti ferroviari transfrontalieri in Europa<\/span><\/a><\/p>\n","protected":false},"author":10,"featured_media":0,"parent":0,"menu_order":0,"comment_status":"closed","ping_status":"closed","template":"","meta":{"_acf_changed":false,"inline_featured_image":false,"neve_meta_sidebar":"","neve_meta_container":"","neve_meta_enable_content_width":"","neve_meta_content_width":0,"neve_meta_title_alignment":"","neve_meta_author_avatar":"","neve_post_elements_order":"","neve_meta_disable_header":"","neve_meta_disable_footer":"","neve_meta_disable_title":"","neve_meta_reading_time":"","_themeisle_gutenberg_block_has_review":false,"_ti_tpc_template_sync":false,"_ti_tpc_template_id":"","footnotes":""},"class_list":["post-8897","page","type-page","status-publish","hentry"],"acf":[],"_links":{"self":[{"href":"https:\/\/back-on-track.eu\/it\/wp-json\/wp\/v2\/pages\/8897","targetHints":{"allow":["GET"]}}],"collection":[{"href":"https:\/\/back-on-track.eu\/it\/wp-json\/wp\/v2\/pages"}],"about":[{"href":"https:\/\/back-on-track.eu\/it\/wp-json\/wp\/v2\/types\/page"}],"author":[{"embeddable":true,"href":"https:\/\/back-on-track.eu\/it\/wp-json\/wp\/v2\/users\/10"}],"replies":[{"embeddable":true,"href":"https:\/\/back-on-track.eu\/it\/wp-json\/wp\/v2\/comments?post=8897"}],"version-history":[{"count":5,"href":"https:\/\/back-on-track.eu\/it\/wp-json\/wp\/v2\/pages\/8897\/revisions"}],"predecessor-version":[{"id":10540,"href":"https:\/\/back-on-track.eu\/it\/wp-json\/wp\/v2\/pages\/8897\/revisions\/10540"}],"wp:attachment":[{"href":"https:\/\/back-on-track.eu\/it\/wp-json\/wp\/v2\/media?parent=8897"}],"curies":[{"name":"wp","href":"https:\/\/api.w.org\/{rel}","templated":true}]}}