{"id":18230,"date":"2024-06-20T19:02:07","date_gmt":"2024-06-20T17:02:07","guid":{"rendered":"https:\/\/back-on-track.eu\/?page_id=18230"},"modified":"2025-05-02T17:18:16","modified_gmt":"2025-05-02T15:18:16","slug":"polska","status":"publish","type":"page","link":"https:\/\/back-on-track.eu\/pl\/polska\/","title":{"rendered":"Grupa Polska"},"content":{"rendered":"\n<p>Polska ma dobr\u0105 sie\u0107 poci\u0105g\u00f3w nocnych, szczeg\u00f3lnie latem. Nie ma jeszcze polskiej grupy, ale jest kilku zwolennik\u00f3w w Polsce. Jednak po\u0142\u0105czenia mi\u0119dzynarodowe mog\u0142yby by\u0107 lepsze, zw\u0142aszcza na zach\u00f3d i &#8211; po uko\u0144czeniu Transbaltiki &#8211; tak\u017ce na p\u00f3\u0142noc. Nad tym r\u00f3wnie\u017c nale\u017ca\u0142oby popracowa\u0107, poniewa\u017c wraz z popraw\u0105 sieci kolejowej skr\u00f3ci si\u0119 czas podr\u00f3\u017cy i zmniejszy si\u0119 zapotrzebowanie na nocne po\u0142\u0105czenia kolejowe w Polsce. Ju\u017c teraz wida\u0107 to po tym, \u017ce PKP Intercity odnawiaj\u0105c tabor zamawia tylko poci\u0105gi dzienne. Z tego powodu i przy okazji polskiej prezydencji w Radzie UE w 2025 r. chcemy rozszerzy\u0107 nasz\u0105 sie\u0107 o polsk\u0105 grup\u0119. Czy jeste\u015b na pok\u0142adzie?<\/p>\n\n\n\n<p><\/p>\n\n\n\n<figure class=\"wp-block-image size-large is-resized\"><a href=\"https:\/\/back-on-track.eu\/wp-content\/uploads\/2024\/06\/Berlin_Przemysl.jpeg\"><img loading=\"lazy\" decoding=\"async\" width=\"1024\" height=\"576\" src=\"https:\/\/back-on-track.eu\/wp-content\/uploads\/2024\/06\/Berlin_Przemysl-1024x576.jpeg\" alt=\"\" class=\"wp-image-18233\" style=\"width:820px;height:auto\" srcset=\"https:\/\/back-on-track.eu\/wp-content\/uploads\/2024\/06\/Berlin_Przemysl-1024x576.jpeg 1024w, https:\/\/back-on-track.eu\/wp-content\/uploads\/2024\/06\/Berlin_Przemysl-300x169.jpeg 300w, https:\/\/back-on-track.eu\/wp-content\/uploads\/2024\/06\/Berlin_Przemysl-768x432.jpeg 768w, https:\/\/back-on-track.eu\/wp-content\/uploads\/2024\/06\/Berlin_Przemysl.jpeg 1280w\" sizes=\"auto, (max-width: 1024px) 100vw, 1024px\" \/><\/a><figcaption class=\"wp-element-caption\"><em>Odwo\u0142any z powodu kr\u00f3tkiego czasu podr\u00f3\u017cy: Nocny poci\u0105g Krak\u00f3w-Berlin<\/em> <br><em>(Zdj\u0119cie: uj\u0119cie z wideo @doc7austin)<\/em><\/figcaption><\/figure>\n\n\n\n<p><strong>Je\u015bli chcesz do\u0142\u0105czy\u0107 do naszej kampanii na rzecz wydajnej europejskiej sieci kolejowej, skontaktuj si\u0119 z nami:<\/strong><\/p>\n\n\n\n<div class=\"wp-block-contact-form-7-contact-form-selector\">\n<div class=\"wpcf7 no-js\" id=\"wpcf7-f18241-o1\" lang=\"en-US\" dir=\"ltr\" data-wpcf7-id=\"18241\">\n<div class=\"screen-reader-response\"><p role=\"status\" aria-live=\"polite\" aria-atomic=\"true\"><\/p> <ul><\/ul><\/div>\n<form action=\"\/pl\/wp-json\/wp\/v2\/pages\/18230#wpcf7-f18241-o1\" method=\"post\" class=\"wpcf7-form init\" aria-label=\"Contact form\" novalidate=\"novalidate\" data-status=\"init\">\n<fieldset class=\"hidden-fields-container\"><input type=\"hidden\" name=\"_wpcf7\" value=\"18241\" \/><input type=\"hidden\" name=\"_wpcf7_version\" value=\"6.1.5\" \/><input type=\"hidden\" name=\"_wpcf7_locale\" value=\"en_US\" \/><input type=\"hidden\" name=\"_wpcf7_unit_tag\" value=\"wpcf7-f18241-o1\" \/><input type=\"hidden\" name=\"_wpcf7_container_post\" value=\"0\" \/><input type=\"hidden\" name=\"_wpcf7_posted_data_hash\" value=\"\" \/><input type=\"hidden\" name=\"_wpcf7cf_hidden_group_fields\" value=\"[]\" \/><input type=\"hidden\" name=\"_wpcf7cf_hidden_groups\" value=\"[]\" \/><input type=\"hidden\" name=\"_wpcf7cf_visible_groups\" value=\"[]\" \/><input type=\"hidden\" name=\"_wpcf7cf_repeaters\" value=\"[]\" \/><input type=\"hidden\" name=\"_wpcf7cf_steps\" value=\"{}\" \/><input type=\"hidden\" name=\"_wpcf7cf_options\" value=\"{&quot;form_id&quot;:18241,&quot;conditions&quot;:[],&quot;settings&quot;:{&quot;animation&quot;:&quot;yes&quot;,&quot;animation_intime&quot;:200,&quot;animation_outtime&quot;:200,&quot;conditions_ui&quot;:&quot;normal&quot;,&quot;notice_dismissed&quot;:false,&quot;notice_dismissed_rollback-cf7-5.9.2&quot;:true}}\" \/>\n<\/fieldset>\n<p><b>Tak, chcia\u0142bym do\u0142\u0105czy\u0107 do Back on Track Polska:<\/b>\n<\/p>\n<input class=\"wpcf7-form-control wpcf7-hidden\" value=\"1\" type=\"hidden\" name=\"your-contact_type\" \/>\n<input class=\"wpcf7-form-control wpcf7-hidden\" value=\"Wniosek o cz\u0142onkostwo w grupie polskiej\" type=\"hidden\" name=\"your-subject\" \/>\n<input class=\"wpcf7-form-control wpcf7-hidden\" value=\"Undisclosed\" type=\"hidden\" name=\"your-name\" \/>\n<p>Imi\u0119 (obowi\u0105zkowa)\n<\/p>\n<p><span class=\"wpcf7-form-control-wrap\" data-name=\"your-firstname\"><input size=\"40\" maxlength=\"400\" class=\"wpcf7-form-control wpcf7-text wpcf7-validates-as-required\" aria-required=\"true\" aria-invalid=\"false\" value=\"\" type=\"text\" name=\"your-firstname\" \/><\/span>\n<\/p>\n<p>Nazwisko (obowi\u0105zkowe)\n<\/p>\n<p><span class=\"wpcf7-form-control-wrap\" data-name=\"your-lastname\"><input size=\"40\" maxlength=\"400\" class=\"wpcf7-form-control wpcf7-text wpcf7-validates-as-required\" aria-required=\"true\" aria-invalid=\"false\" value=\"\" type=\"text\" name=\"your-lastname\" \/><\/span>\n<\/p>\n<p>Tw\u00f3j adres e-mail (obowi\u0105zkowy)\n<\/p>\n<p><span class=\"wpcf7-form-control-wrap\" data-name=\"your-email\"><input size=\"40\" maxlength=\"400\" class=\"wpcf7-form-control wpcf7-email wpcf7-validates-as-required wpcf7-text wpcf7-validates-as-email\" aria-required=\"true\" aria-invalid=\"false\" value=\"\" type=\"email\" name=\"your-email\" \/><\/span>\n<\/p>\n<p>Kod pocztowy\n<\/p>\n<p><span class=\"wpcf7-form-control-wrap\" data-name=\"your-homeaddress_postcode\"><input class=\"wpcf7-form-control wpcf7-number wpcf7-validates-as-required wpcf7-validates-as-number\" aria-required=\"true\" aria-invalid=\"false\" value=\"\" type=\"number\" name=\"your-homeaddress_postcode\" \/><\/span>\n<\/p>\n<p>Tw\u00f3j numer telefonu\n<\/p>\n<p><span class=\"wpcf7-form-control-wrap\" data-name=\"your-phone\"><input size=\"40\" maxlength=\"400\" class=\"wpcf7-form-control wpcf7-tel wpcf7-text wpcf7-validates-as-tel\" aria-invalid=\"false\" value=\"\" type=\"tel\" name=\"your-phone\" \/><\/span>\n<\/p>\n<p><input class=\"wpcf7-form-control wpcf7-submit has-spinner\" type=\"submit\" value=\"Wysy\u0142anie\" \/>\n<\/p><p style=\"display: none !important;\" class=\"akismet-fields-container\" data-prefix=\"_wpcf7_ak_\"><label>&#916;<textarea name=\"_wpcf7_ak_hp_textarea\" cols=\"45\" rows=\"8\" maxlength=\"100\"><\/textarea><\/label><input type=\"hidden\" id=\"ak_js_1\" name=\"_wpcf7_ak_js\" value=\"242\"\/><script>document.getElementById( \"ak_js_1\" ).setAttribute( \"value\", ( new Date() ).getTime() );<\/script><\/p><div class=\"wpcf7-response-output\" aria-hidden=\"true\"><\/div>\n<\/form>\n<\/div>\n<\/div>\n\n\n\n<p><\/p>\n","protected":false},"excerpt":{"rendered":"<p>Polska ma dobr\u0105 sie\u0107 poci\u0105g\u00f3w nocnych, szczeg\u00f3lnie latem. Nie ma jeszcze polskiej grupy, ale jest kilku zwolennik\u00f3w w Polsce. Jednak po\u0142\u0105czenia mi\u0119dzynarodowe mog\u0142yby by\u0107 lepsze, zw\u0142aszcza na zach\u00f3d i &#8211; po uko\u0144czeniu Transbaltiki &#8211; tak\u017ce na p\u00f3\u0142noc. Nad tym r\u00f3wnie\u017c nale\u017ca\u0142oby popracowa\u0107, poniewa\u017c wraz z popraw\u0105 sieci kolejowej skr\u00f3ci si\u0119 czas podr\u00f3\u017cy i zmniejszy si\u0119&hellip;&nbsp;<a href=\"https:\/\/back-on-track.eu\/pl\/polska\/\" rel=\"bookmark\">Read More &raquo;<span class=\"screen-reader-text\">Grupa Polska<\/span><\/a><\/p>\n","protected":false},"author":10,"featured_media":0,"parent":0,"menu_order":0,"comment_status":"closed","ping_status":"closed","template":"","meta":{"_acf_changed":false,"inline_featured_image":false,"neve_meta_sidebar":"","neve_meta_container":"contained","neve_meta_enable_content_width":"on","neve_meta_content_width":70,"neve_meta_title_alignment":"","neve_meta_author_avatar":"","neve_post_elements_order":"","neve_meta_disable_header":"","neve_meta_disable_footer":"","neve_meta_disable_title":"","neve_meta_reading_time":"","_themeisle_gutenberg_block_has_review":false,"_ti_tpc_template_sync":false,"_ti_tpc_template_id":"","footnotes":""},"class_list":["post-18230","page","type-page","status-publish","hentry"],"acf":[],"_links":{"self":[{"href":"https:\/\/back-on-track.eu\/pl\/wp-json\/wp\/v2\/pages\/18230","targetHints":{"allow":["GET"]}}],"collection":[{"href":"https:\/\/back-on-track.eu\/pl\/wp-json\/wp\/v2\/pages"}],"about":[{"href":"https:\/\/back-on-track.eu\/pl\/wp-json\/wp\/v2\/types\/page"}],"author":[{"embeddable":true,"href":"https:\/\/back-on-track.eu\/pl\/wp-json\/wp\/v2\/users\/10"}],"replies":[{"embeddable":true,"href":"https:\/\/back-on-track.eu\/pl\/wp-json\/wp\/v2\/comments?post=18230"}],"version-history":[{"count":6,"href":"https:\/\/back-on-track.eu\/pl\/wp-json\/wp\/v2\/pages\/18230\/revisions"}],"predecessor-version":[{"id":32640,"href":"https:\/\/back-on-track.eu\/pl\/wp-json\/wp\/v2\/pages\/18230\/revisions\/32640"}],"wp:attachment":[{"href":"https:\/\/back-on-track.eu\/pl\/wp-json\/wp\/v2\/media?parent=18230"}],"curies":[{"name":"wp","href":"https:\/\/api.w.org\/{rel}","templated":true}]}}